{"id":2758,"date":"2023-02-08T21:16:03","date_gmt":"2023-02-08T20:16:03","guid":{"rendered":"https:\/\/www.rb-poland.com\/?page_id=2758"},"modified":"2023-04-18T10:45:48","modified_gmt":"2023-04-18T08:45:48","slug":"eng-agv-s112-pl","status":"publish","type":"page","link":"https:\/\/www.rb-poland.com\/?page_id=2758&lang=pl","title":{"rendered":"ENG AGV S112 (PL)"},"content":{"rendered":"\t\t<div data-elementor-type=\"wp-page\" data-elementor-id=\"2758\" class=\"elementor elementor-2758\" data-elementor-settings=\"[]\">\n\t\t\t\t\t\t\t<div class=\"elementor-section-wrap\">\n\t\t\t\t\t\t\t<section class=\"elementor-section elementor-top-section elementor-element elementor-element-c2db464 elementor-section-full_width elementor-section-height-default elementor-section-height-default\" data-id=\"c2db464\" data-element_type=\"section\" data-settings=\"{&quot;background_background&quot;:&quot;classic&quot;}\">\n\t\t\t\t\t\t<div class=\"elementor-container elementor-column-gap-default\">\n\t\t\t\t\t<div class=\"elementor-column elementor-col-100 elementor-top-column elementor-element elementor-element-8e9fcb0\" data-id=\"8e9fcb0\" data-element_type=\"column\">\n\t\t\t<div class=\"elementor-widget-wrap elementor-element-populated\">\n\t\t\t\t\t\t\t\t<div class=\"elementor-element elementor-element-0fa4d48 elementor-widget elementor-widget-heading\" data-id=\"0fa4d48\" data-element_type=\"widget\" data-widget_type=\"heading.default\">\n\t\t\t\t<div class=\"elementor-widget-container\">\n\t\t\t<h1 class=\"elementor-heading-title elementor-size-default\">AGV S112<\/h1>\t\t<\/div>\n\t\t\t\t<\/div>\n\t\t\t\t\t<\/div>\n\t\t<\/div>\n\t\t\t\t\t\t\t<\/div>\n\t\t<\/section>\n\t\t\t\t<section class=\"elementor-section elementor-top-section elementor-element elementor-element-200c5d4 elementor-section-boxed elementor-section-height-default elementor-section-height-default\" data-id=\"200c5d4\" data-element_type=\"section\" data-settings=\"{&quot;background_background&quot;:&quot;classic&quot;}\">\n\t\t\t\t\t\t<div class=\"elementor-container elementor-column-gap-default\">\n\t\t\t\t\t<div class=\"elementor-column elementor-col-50 elementor-top-column elementor-element elementor-element-45cf138\" data-id=\"45cf138\" data-element_type=\"column\">\n\t\t\t<div class=\"elementor-widget-wrap elementor-element-populated\">\n\t\t\t\t\t\t\t\t<div class=\"elementor-element elementor-element-8779de6 elementor-icon-list--layout-traditional elementor-list-item-link-full_width elementor-widget elementor-widget-icon-list\" data-id=\"8779de6\" data-element_type=\"widget\" data-widget_type=\"icon-list.default\">\n\t\t\t\t<div class=\"elementor-widget-container\">\n\t\t\t\t\t<ul class=\"elementor-icon-list-items\">\n\t\t\t\t\t\t\t<li class=\"elementor-icon-list-item\">\n\t\t\t\t\t\t\t\t\t\t\t<span class=\"elementor-icon-list-icon\">\n\t\t\t\t\t\t\t<i aria-hidden=\"true\" class=\"far fa-window-maximize\"><\/i>\t\t\t\t\t\t<\/span>\n\t\t\t\t\t\t\t\t\t\t<span class=\"elementor-icon-list-text\">WAGA: <span style=\"letter-spacing: 2px;\">\u2248<\/span> <span style=\"letter-spacing: 2px;\">230<\/span>kg<\/span>\n\t\t\t\t\t\t\t\t\t<\/li>\n\t\t\t\t\t\t\t\t<li class=\"elementor-icon-list-item\">\n\t\t\t\t\t\t\t\t\t\t\t<span class=\"elementor-icon-list-icon\">\n\t\t\t\t\t\t\t<i aria-hidden=\"true\" class=\"fas fa-truck-loading\"><\/i>\t\t\t\t\t\t<\/span>\n\t\t\t\t\t\t\t\t\t\t<span class=\"elementor-icon-list-text\">MAKSYMALNY UCI\u0104G: <span style=\"letter-spacing: 2px;\">950<\/span>KG<\/span>\n\t\t\t\t\t\t\t\t\t<\/li>\n\t\t\t\t\t\t\t\t<li class=\"elementor-icon-list-item\">\n\t\t\t\t\t\t\t\t\t\t\t<span class=\"elementor-icon-list-icon\">\n\t\t\t\t\t\t\t<i aria-hidden=\"true\" class=\"fas fa-broadcast-tower\"><\/i>\t\t\t\t\t\t<\/span>\n\t\t\t\t\t\t\t\t\t\t<span class=\"elementor-icon-list-text\">NAWIGACJA - ta\u015bma magnetyczna lub optyczna. AGV z mo\u017cliwo\u015bci\u0105 jazdy w 1 kierunku.<\/span>\n\t\t\t\t\t\t\t\t\t<\/li>\n\t\t\t\t\t\t\t\t<li class=\"elementor-icon-list-item\">\n\t\t\t\t\t\t\t\t\t\t\t<span class=\"elementor-icon-list-icon\">\n\t\t\t\t\t\t\t<i aria-hidden=\"true\" class=\"fas fa-bullseye\"><\/i>\t\t\t\t\t\t<\/span>\n\t\t\t\t\t\t\t\t\t\t<span class=\"elementor-icon-list-text\">Hak automatyczny, r\u0119czny lub specjalny na \u017cyczenie klienta.<\/span>\n\t\t\t\t\t\t\t\t\t<\/li>\n\t\t\t\t\t\t\t\t<li class=\"elementor-icon-list-item\">\n\t\t\t\t\t\t\t\t\t\t\t<span class=\"elementor-icon-list-icon\">\n\t\t\t\t\t\t\t<i aria-hidden=\"true\" class=\"fas fa-charging-station\"><\/i>\t\t\t\t\t\t<\/span>\n\t\t\t\t\t\t\t\t\t\t<span class=\"elementor-icon-list-text\">Mo\u017cliwo\u015b\u0107 automatycznego \u0142adowania baterii lub r\u0119czna wymiana baterii<\/span>\n\t\t\t\t\t\t\t\t\t<\/li>\n\t\t\t\t\t\t\t\t<li class=\"elementor-icon-list-item\">\n\t\t\t\t\t\t\t\t\t\t\t<span class=\"elementor-icon-list-icon\">\n\t\t\t\t\t\t\t<i aria-hidden=\"true\" class=\"fas fa-chess-board\"><\/i>\t\t\t\t\t\t<\/span>\n\t\t\t\t\t\t\t\t\t\t<span class=\"elementor-icon-list-text\">Rama AGV wykonana z blachy.<\/span>\n\t\t\t\t\t\t\t\t\t<\/li>\n\t\t\t\t\t\t\t\t<li class=\"elementor-icon-list-item\">\n\t\t\t\t\t\t\t\t\t\t\t<span class=\"elementor-icon-list-icon\">\n\t\t\t\t\t\t\t<i aria-hidden=\"true\" class=\"fas fa-futbol\"><\/i>\t\t\t\t\t\t<\/span>\n\t\t\t\t\t\t\t\t\t\t<span class=\"elementor-icon-list-text\">AGV posiada 2 silniki 250W.<\/span>\n\t\t\t\t\t\t\t\t\t<\/li>\n\t\t\t\t\t\t<\/ul>\n\t\t\t\t<\/div>\n\t\t\t\t<\/div>\n\t\t\t\t\t<\/div>\n\t\t<\/div>\n\t\t\t\t<div class=\"elementor-column elementor-col-50 elementor-top-column elementor-element elementor-element-4029f24\" data-id=\"4029f24\" data-element_type=\"column\">\n\t\t\t<div class=\"elementor-widget-wrap elementor-element-populated\">\n\t\t\t\t\t\t\t\t<div class=\"elementor-element elementor-element-1c19581 elementor-widget elementor-widget-image\" data-id=\"1c19581\" data-element_type=\"widget\" data-widget_type=\"image.default\">\n\t\t\t\t<div class=\"elementor-widget-container\">\n\t\t\t\t\t\t\t\t\t\t\t\t\t\t\t<img loading=\"lazy\" decoding=\"async\" width=\"1536\" height=\"1052\" src=\"https:\/\/www.rb-poland.com\/wp-content\/uploads\/2023\/02\/AGV-S112--1536x1052.png\" class=\"attachment-1536x1536 size-1536x1536\" alt=\"\" srcset=\"https:\/\/www.rb-poland.com\/wp-content\/uploads\/2023\/02\/AGV-S112--1536x1052.png 1536w, https:\/\/www.rb-poland.com\/wp-content\/uploads\/2023\/02\/AGV-S112--300x206.png 300w, https:\/\/www.rb-poland.com\/wp-content\/uploads\/2023\/02\/AGV-S112--1024x702.png 1024w, https:\/\/www.rb-poland.com\/wp-content\/uploads\/2023\/02\/AGV-S112--768x526.png 768w, https:\/\/www.rb-poland.com\/wp-content\/uploads\/2023\/02\/AGV-S112--2048x1403.png 2048w\" sizes=\"auto, (max-width: 1536px) 100vw, 1536px\" \/>\t\t\t\t\t\t\t\t\t\t\t\t\t\t\t<\/div>\n\t\t\t\t<\/div>\n\t\t\t\t\t<\/div>\n\t\t<\/div>\n\t\t\t\t\t\t\t<\/div>\n\t\t<\/section>\n\t\t\t\t<section class=\"elementor-section elementor-top-section elementor-element elementor-element-53e462c elementor-section-full_width elementor-section-height-default elementor-section-height-default\" data-id=\"53e462c\" data-element_type=\"section\">\n\t\t\t\t\t\t<div class=\"elementor-container elementor-column-gap-default\">\n\t\t\t\t\t<div class=\"elementor-column elementor-col-100 elementor-top-column elementor-element elementor-element-0ad8330\" data-id=\"0ad8330\" data-element_type=\"column\">\n\t\t\t<div class=\"elementor-widget-wrap elementor-element-populated\">\n\t\t\t\t\t\t\t\t<div class=\"elementor-element elementor-element-a7879df elementor-widget elementor-widget-heading\" data-id=\"a7879df\" data-element_type=\"widget\" data-widget_type=\"heading.default\">\n\t\t\t\t<div class=\"elementor-widget-container\">\n\t\t\t<h1 class=\"elementor-heading-title elementor-size-default\">GALERIA<\/h1>\t\t<\/div>\n\t\t\t\t<\/div>\n\t\t\t\t\t<\/div>\n\t\t<\/div>\n\t\t\t\t\t\t\t<\/div>\n\t\t<\/section>\n\t\t\t\t<section class=\"elementor-section elementor-top-section elementor-element elementor-element-300153f elementor-section-full_width elementor-section-height-default elementor-section-height-default\" data-id=\"300153f\" data-element_type=\"section\" data-settings=\"{&quot;background_background&quot;:&quot;classic&quot;,&quot;shape_divider_bottom&quot;:&quot;opacity-tilt&quot;}\">\n\t\t\t\t\t\t\t<div class=\"elementor-background-overlay\"><\/div>\n\t\t\t\t\t\t<div class=\"elementor-shape elementor-shape-bottom\" data-negative=\"false\">\n\t\t\t<svg xmlns=\"http:\/\/www.w3.org\/2000\/svg\" viewBox=\"0 0 2600 131.1\" preserveAspectRatio=\"none\">\n\t<path class=\"elementor-shape-fill\" d=\"M0 0L2600 0 2600 69.1 0 0z\"\/>\n\t<path class=\"elementor-shape-fill\" style=\"opacity:0.5\" d=\"M0 0L2600 0 2600 69.1 0 69.1z\"\/>\n\t<path class=\"elementor-shape-fill\" style=\"opacity:0.25\" d=\"M2600 0L0 0 0 130.1 2600 69.1z\"\/>\n<\/svg>\t\t<\/div>\n\t\t\t\t\t<div class=\"elementor-container elementor-column-gap-default\">\n\t\t\t\t\t<div class=\"elementor-column elementor-col-50 elementor-top-column elementor-element elementor-element-31be0f2\" data-id=\"31be0f2\" data-element_type=\"column\" data-settings=\"{&quot;background_background&quot;:&quot;classic&quot;}\">\n\t\t\t<div class=\"elementor-widget-wrap elementor-element-populated\">\n\t\t\t\t\t\t\t\t<div class=\"elementor-element elementor-element-4192e48 elementor-aspect-ratio-169 elementor-widget elementor-widget-video\" data-id=\"4192e48\" data-element_type=\"widget\" data-settings=\"{&quot;youtube_url&quot;:&quot;https:\\\/\\\/www.youtube.com\\\/watch?v=MMnevrtoOhU&quot;,&quot;video_type&quot;:&quot;youtube&quot;,&quot;controls&quot;:&quot;yes&quot;,&quot;aspect_ratio&quot;:&quot;169&quot;}\" data-widget_type=\"video.default\">\n\t\t\t\t<div class=\"elementor-widget-container\">\n\t\t\t\t\t<div class=\"elementor-wrapper elementor-fit-aspect-ratio elementor-open-inline\">\n\t\t\t<div class=\"elementor-video\"><\/div>\t\t<\/div>\n\t\t\t\t<\/div>\n\t\t\t\t<\/div>\n\t\t\t\t\t<\/div>\n\t\t<\/div>\n\t\t\t\t<div class=\"elementor-column elementor-col-50 elementor-top-column elementor-element elementor-element-e2641d2\" data-id=\"e2641d2\" data-element_type=\"column\">\n\t\t\t<div class=\"elementor-widget-wrap elementor-element-populated\">\n\t\t\t\t\t\t\t\t<div class=\"elementor-element elementor-element-a4ef040 elementor-align-justify elementor-widget elementor-widget-button\" data-id=\"a4ef040\" data-element_type=\"widget\" data-widget_type=\"button.default\">\n\t\t\t\t<div class=\"elementor-widget-container\">\n\t\t\t\t\t<div class=\"elementor-button-wrapper\">\n\t\t\t<a href=\"#\" class=\"elementor-button-link elementor-button elementor-size-lg\" role=\"button\">\n\t\t\t\t\t\t<span class=\"elementor-button-content-wrapper\">\n\t\t\t\t\t\t<span class=\"elementor-button-text\">TYP S112<\/span>\n\t\t<\/span>\n\t\t\t\t\t<\/a>\n\t\t<\/div>\n\t\t\t\t<\/div>\n\t\t\t\t<\/div>\n\t\t\t\t<div class=\"elementor-element elementor-element-956569a elementor-widget elementor-widget-image-gallery\" data-id=\"956569a\" data-element_type=\"widget\" data-widget_type=\"image-gallery.default\">\n\t\t\t\t<div class=\"elementor-widget-container\">\n\t\t\t\t\t<div class=\"elementor-image-gallery\">\n\t\t\t<div id='gallery-1' class='gallery galleryid-2758 gallery-columns-3 gallery-size-neve-blog'><dl class='gallery-item'>\n\t\t\t<dt class='gallery-icon landscape'>\n\t\t\t\t<a data-elementor-open-lightbox=\"yes\" data-elementor-lightbox-slideshow=\"956569a\" data-elementor-lightbox-title=\"P1024357 (Kopiowanie)\" href='https:\/\/www.rb-poland.com\/wp-content\/uploads\/2023\/02\/P1024357-Kopiowanie-scaled.jpg'><img loading=\"lazy\" decoding=\"async\" width=\"930\" height=\"620\" src=\"https:\/\/www.rb-poland.com\/wp-content\/uploads\/2023\/02\/P1024357-Kopiowanie-930x620.jpg\" class=\"attachment-neve-blog size-neve-blog\" alt=\"\" \/><\/a>\n\t\t\t<\/dt><\/dl><dl class='gallery-item'>\n\t\t\t<dt class='gallery-icon landscape'>\n\t\t\t\t<a data-elementor-open-lightbox=\"yes\" data-elementor-lightbox-slideshow=\"956569a\" data-elementor-lightbox-title=\"P1024347 (Kopiowanie)\" href='https:\/\/www.rb-poland.com\/wp-content\/uploads\/2023\/02\/P1024347-Kopiowanie-scaled.jpg'><img loading=\"lazy\" decoding=\"async\" width=\"930\" height=\"620\" src=\"https:\/\/www.rb-poland.com\/wp-content\/uploads\/2023\/02\/P1024347-Kopiowanie-930x620.jpg\" class=\"attachment-neve-blog size-neve-blog\" alt=\"\" \/><\/a>\n\t\t\t<\/dt><\/dl><dl class='gallery-item'>\n\t\t\t<dt class='gallery-icon landscape'>\n\t\t\t\t<a data-elementor-open-lightbox=\"yes\" data-elementor-lightbox-slideshow=\"956569a\" data-elementor-lightbox-title=\"P1024367 (Kopiowanie)\" href='https:\/\/www.rb-poland.com\/wp-content\/uploads\/2023\/02\/P1024367-Kopiowanie-scaled.jpg'><img loading=\"lazy\" decoding=\"async\" width=\"930\" height=\"620\" src=\"https:\/\/www.rb-poland.com\/wp-content\/uploads\/2023\/02\/P1024367-Kopiowanie-930x620.jpg\" class=\"attachment-neve-blog size-neve-blog\" alt=\"\" \/><\/a>\n\t\t\t<\/dt><\/dl><br style=\"clear: both\" \/><dl class='gallery-item'>\n\t\t\t<dt class='gallery-icon landscape'>\n\t\t\t\t<a data-elementor-open-lightbox=\"yes\" data-elementor-lightbox-slideshow=\"956569a\" data-elementor-lightbox-title=\"P1024358 (Kopiowanie)\" href='https:\/\/www.rb-poland.com\/wp-content\/uploads\/2023\/02\/P1024358-Kopiowanie-scaled.jpg'><img loading=\"lazy\" decoding=\"async\" width=\"930\" height=\"620\" src=\"https:\/\/www.rb-poland.com\/wp-content\/uploads\/2023\/02\/P1024358-Kopiowanie-930x620.jpg\" class=\"attachment-neve-blog size-neve-blog\" alt=\"\" \/><\/a>\n\t\t\t<\/dt><\/dl><dl class='gallery-item'>\n\t\t\t<dt class='gallery-icon landscape'>\n\t\t\t\t<a data-elementor-open-lightbox=\"yes\" data-elementor-lightbox-slideshow=\"956569a\" data-elementor-lightbox-title=\"P1024354 (Kopiowanie)\" href='https:\/\/www.rb-poland.com\/wp-content\/uploads\/2023\/02\/P1024354-Kopiowanie-scaled.jpg'><img loading=\"lazy\" decoding=\"async\" width=\"930\" height=\"620\" src=\"https:\/\/www.rb-poland.com\/wp-content\/uploads\/2023\/02\/P1024354-Kopiowanie-930x620.jpg\" class=\"attachment-neve-blog size-neve-blog\" alt=\"\" \/><\/a>\n\t\t\t<\/dt><\/dl><dl class='gallery-item'>\n\t\t\t<dt class='gallery-icon landscape'>\n\t\t\t\t<a data-elementor-open-lightbox=\"yes\" data-elementor-lightbox-slideshow=\"956569a\" data-elementor-lightbox-title=\"P1024353 (Kopiowanie)\" href='https:\/\/www.rb-poland.com\/wp-content\/uploads\/2023\/02\/P1024353-Kopiowanie-scaled.jpg'><img loading=\"lazy\" decoding=\"async\" width=\"930\" height=\"620\" src=\"https:\/\/www.rb-poland.com\/wp-content\/uploads\/2023\/02\/P1024353-Kopiowanie-930x620.jpg\" class=\"attachment-neve-blog size-neve-blog\" alt=\"\" \/><\/a>\n\t\t\t<\/dt><\/dl><br style=\"clear: both\" \/>\n\t\t<\/div>\n\t\t<\/div>\n\t\t\t\t<\/div>\n\t\t\t\t<\/div>\n\t\t\t\t\t<\/div>\n\t\t<\/div>\n\t\t\t\t\t\t\t<\/div>\n\t\t<\/section>\n\t\t\t\t<section class=\"elementor-section elementor-top-section elementor-element elementor-element-2053505 elementor-section-height-min-height elementor-section-boxed elementor-section-height-default elementor-section-items-middle\" data-id=\"2053505\" data-element_type=\"section\" data-settings=\"{&quot;background_background&quot;:&quot;classic&quot;}\">\n\t\t\t\t\t\t<div class=\"elementor-container elementor-column-gap-default\">\n\t\t\t\t\t<div class=\"elementor-column elementor-col-100 elementor-top-column elementor-element elementor-element-35e6ef7\" data-id=\"35e6ef7\" data-element_type=\"column\">\n\t\t\t<div class=\"elementor-widget-wrap elementor-element-populated\">\n\t\t\t\t\t\t\t\t<div class=\"elementor-element elementor-element-8081e52 elementor-align-justify elementor-widget elementor-widget-button\" data-id=\"8081e52\" data-element_type=\"widget\" data-widget_type=\"button.default\">\n\t\t\t\t<div class=\"elementor-widget-container\">\n\t\t\t\t\t<div class=\"elementor-button-wrapper\">\n\t\t\t<a href=\"http:\/\/www.rb-poland.com\/?page_id=1298&#038;lang=en\" class=\"elementor-button-link elementor-button elementor-size-xl\" role=\"button\">\n\t\t\t\t\t\t<span class=\"elementor-button-content-wrapper\">\n\t\t\t\t\t\t<span class=\"elementor-button-text\"><span style=\"text-decoration-thickness: initial; text-decoration-style: initial; text-decoration-color: initial;\">Skonsultuj si\u0119 z nami, odno\u015bnie zam\u00f3wienia<\/span><span style=\"text-decoration-thickness: initial; text-decoration-style: initial; text-decoration-color: initial;\"><\/span><\/span>\n\t\t<\/span>\n\t\t\t\t\t<\/a>\n\t\t<\/div>\n\t\t\t\t<\/div>\n\t\t\t\t<\/div>\n\t\t\t\t\t<\/div>\n\t\t<\/div>\n\t\t\t\t\t\t\t<\/div>\n\t\t<\/section>\n\t\t\t\t\t\t<\/div>\n\t\t\t\t\t<\/div>\n\t\t","protected":false},"excerpt":{"rendered":"<p>AGV S112 WAGA: \u2248 230kg MAKSYMALNY UCI\u0104G: 950KG NAWIGACJA &#8211; ta\u015bma magnetyczna lub optyczna. AGV z mo\u017cliwo\u015bci\u0105 jazdy w 1 kierunku. Hak automatyczny, r\u0119czny lub specjalny na \u017cyczenie klienta. Mo\u017cliwo\u015b\u0107 automatycznego \u0142adowania baterii lub r\u0119czna wymiana baterii Rama AGV wykonana z blachy. AGV posiada 2 silniki 250W. GALERIA TYP S112 Skonsultuj si\u0119 z nami, odno\u015bnie&hellip;&nbsp;<a href=\"https:\/\/www.rb-poland.com\/?page_id=2758&#038;lang=pl\" class=\"\" rel=\"bookmark\">Read More &raquo;<span class=\"screen-reader-text\">ENG AGV S112 (PL)<\/span><\/a><\/p>\n","protected":false},"author":1,"featured_media":0,"parent":0,"menu_order":0,"comment_status":"closed","ping_status":"closed","template":"page-templates\/template-pagebuilder-full-width.php","meta":{"om_disable_all_campaigns":false,"_monsterinsights_skip_tracking":false,"_monsterinsights_sitenote_active":false,"_monsterinsights_sitenote_note":"","_monsterinsights_sitenote_category":0,"neve_meta_sidebar":"full-width","neve_meta_container":"","neve_meta_enable_content_width":"on","neve_meta_content_width":100,"neve_meta_title_alignment":"","neve_meta_author_avatar":"","neve_post_elements_order":"","neve_meta_disable_header":"","neve_meta_disable_footer":"","neve_meta_disable_title":"","footnotes":""},"class_list":["post-2758","page","type-page","status-publish","hentry"],"yoast_head":"<!-- This site is optimized with the Yoast SEO plugin v17.9 - https:\/\/yoast.com\/wordpress\/plugins\/seo\/ -->\r\n<title>ENG AGV S112 (PL) &#8902; RB POLAND<\/title>\r\n<meta name=\"robots\" content=\"index, follow, max-snippet:-1, max-image-preview:large, max-video-preview:-1\" \/>\r\n<link rel=\"canonical\" href=\"https:\/\/www.rb-poland.com\/?page_id=2758&#038;lang=pl\" \/>\r\n<meta property=\"og:locale\" content=\"en_US\" \/>\r\n<meta property=\"og:type\" content=\"article\" \/>\r\n<meta property=\"og:title\" content=\"ENG AGV S112 (PL) &#8902; RB POLAND\" \/>\r\n<meta property=\"og:description\" content=\"AGV S112 WAGA: \u2248 230kg MAKSYMALNY UCI\u0104G: 950KG NAWIGACJA &#8211; ta\u015bma magnetyczna lub optyczna. AGV z mo\u017cliwo\u015bci\u0105 jazdy w 1 kierunku. Hak automatyczny, r\u0119czny lub specjalny na \u017cyczenie klienta. Mo\u017cliwo\u015b\u0107 automatycznego \u0142adowania baterii lub r\u0119czna wymiana baterii Rama AGV wykonana z blachy. AGV posiada 2 silniki 250W. GALERIA TYP S112 Skonsultuj si\u0119 z nami, odno\u015bnie&hellip;&nbsp;Read More &raquo;ENG AGV S112 (PL)\" \/>\r\n<meta property=\"og:url\" content=\"https:\/\/www.rb-poland.com\/?page_id=2758&amp;lang=pl\" \/>\r\n<meta property=\"og:site_name\" content=\"RB POLAND\" \/>\r\n<meta property=\"article:modified_time\" content=\"2023-04-18T08:45:48+00:00\" \/>\r\n<meta property=\"og:image\" content=\"http:\/\/www.rb-poland.com\/wp-content\/uploads\/2023\/02\/AGV-S112--1536x1052.png\" \/>\r\n<meta name=\"twitter:card\" content=\"summary_large_image\" \/>\r\n<meta name=\"twitter:label1\" content=\"Est. reading time\" \/>\n\t<meta name=\"twitter:data1\" content=\"2 minutes\" \/>\r\n<script type=\"application\/ld+json\" class=\"yoast-schema-graph\">{\"@context\":\"https:\/\/schema.org\",\"@graph\":[{\"@type\":\"Organization\",\"@id\":\"https:\/\/www.rb-poland.com\/#organization\",\"name\":\"RB Poland\",\"url\":\"https:\/\/www.rb-poland.com\/\",\"sameAs\":[],\"logo\":{\"@type\":\"ImageObject\",\"@id\":\"https:\/\/www.rb-poland.com\/#logo\",\"inLanguage\":\"en-US\",\"url\":\"http:\/\/www.rb-poland.com\/wp-content\/uploads\/2021\/05\/logo-final.png\",\"contentUrl\":\"http:\/\/www.rb-poland.com\/wp-content\/uploads\/2021\/05\/logo-final.png\",\"width\":1387,\"height\":567,\"caption\":\"RB Poland\"},\"image\":{\"@id\":\"https:\/\/www.rb-poland.com\/#logo\"}},{\"@type\":\"WebSite\",\"@id\":\"https:\/\/www.rb-poland.com\/#website\",\"url\":\"https:\/\/www.rb-poland.com\/\",\"name\":\"RB POLAND2\",\"description\":\"SAVE TIME AND ENERGY WITH OUR MOBILE ROBOTS!\",\"publisher\":{\"@id\":\"https:\/\/www.rb-poland.com\/#organization\"},\"potentialAction\":[{\"@type\":\"SearchAction\",\"target\":{\"@type\":\"EntryPoint\",\"urlTemplate\":\"https:\/\/www.rb-poland.com\/?s={search_term_string}\"},\"query-input\":\"required name=search_term_string\"}],\"inLanguage\":\"en-US\"},{\"@type\":\"ImageObject\",\"@id\":\"https:\/\/www.rb-poland.com\/?page_id=2758&lang=pl#primaryimage\",\"inLanguage\":\"en-US\",\"url\":\"http:\/\/www.rb-poland.com\/wp-content\/uploads\/2023\/02\/AGV-S112--1536x1052.png\",\"contentUrl\":\"http:\/\/www.rb-poland.com\/wp-content\/uploads\/2023\/02\/AGV-S112--1536x1052.png\"},{\"@type\":\"WebPage\",\"@id\":\"https:\/\/www.rb-poland.com\/?page_id=2758&lang=pl#webpage\",\"url\":\"https:\/\/www.rb-poland.com\/?page_id=2758&lang=pl\",\"name\":\"ENG AGV S112 (PL) &#8902; RB POLAND\",\"isPartOf\":{\"@id\":\"https:\/\/www.rb-poland.com\/#website\"},\"primaryImageOfPage\":{\"@id\":\"https:\/\/www.rb-poland.com\/?page_id=2758&lang=pl#primaryimage\"},\"datePublished\":\"2023-02-08T20:16:03+00:00\",\"dateModified\":\"2023-04-18T08:45:48+00:00\",\"breadcrumb\":{\"@id\":\"https:\/\/www.rb-poland.com\/?page_id=2758&lang=pl#breadcrumb\"},\"inLanguage\":\"en-US\",\"potentialAction\":[{\"@type\":\"ReadAction\",\"target\":[\"https:\/\/www.rb-poland.com\/?page_id=2758&lang=pl\"]}]},{\"@type\":\"BreadcrumbList\",\"@id\":\"https:\/\/www.rb-poland.com\/?page_id=2758&lang=pl#breadcrumb\",\"itemListElement\":[{\"@type\":\"ListItem\",\"position\":1,\"name\":\"Strona g\\u0142\\u00f3wna\",\"item\":\"http:\/\/www.rb-poland.com\/?page_id=7&lang=pl\"},{\"@type\":\"ListItem\",\"position\":2,\"name\":\"ENG AGV S112 (PL)\"}]}]}<\/script>\r\n<!-- \/ Yoast SEO plugin. -->","yoast_head_json":{"title":"ENG AGV S112 (PL) &#8902; RB POLAND","robots":{"index":"index","follow":"follow","max-snippet":"max-snippet:-1","max-image-preview":"max-image-preview:large","max-video-preview":"max-video-preview:-1"},"canonical":"https:\/\/www.rb-poland.com\/?page_id=2758&lang=pl","og_locale":"en_US","og_type":"article","og_title":"ENG AGV S112 (PL) &#8902; RB POLAND","og_description":"AGV S112 WAGA: \u2248 230kg MAKSYMALNY UCI\u0104G: 950KG NAWIGACJA &#8211; ta\u015bma magnetyczna lub optyczna. AGV z mo\u017cliwo\u015bci\u0105 jazdy w 1 kierunku. Hak automatyczny, r\u0119czny lub specjalny na \u017cyczenie klienta. Mo\u017cliwo\u015b\u0107 automatycznego \u0142adowania baterii lub r\u0119czna wymiana baterii Rama AGV wykonana z blachy. AGV posiada 2 silniki 250W. GALERIA TYP S112 Skonsultuj si\u0119 z nami, odno\u015bnie&hellip;&nbsp;Read More &raquo;ENG AGV S112 (PL)","og_url":"https:\/\/www.rb-poland.com\/?page_id=2758&lang=pl","og_site_name":"RB POLAND","article_modified_time":"2023-04-18T08:45:48+00:00","og_image":[{"url":"http:\/\/www.rb-poland.com\/wp-content\/uploads\/2023\/02\/AGV-S112--1536x1052.png"}],"twitter_card":"summary_large_image","twitter_misc":{"Est. reading time":"2 minutes"},"schema":{"@context":"https:\/\/schema.org","@graph":[{"@type":"Organization","@id":"https:\/\/www.rb-poland.com\/#organization","name":"RB Poland","url":"https:\/\/www.rb-poland.com\/","sameAs":[],"logo":{"@type":"ImageObject","@id":"https:\/\/www.rb-poland.com\/#logo","inLanguage":"en-US","url":"http:\/\/www.rb-poland.com\/wp-content\/uploads\/2021\/05\/logo-final.png","contentUrl":"http:\/\/www.rb-poland.com\/wp-content\/uploads\/2021\/05\/logo-final.png","width":1387,"height":567,"caption":"RB Poland"},"image":{"@id":"https:\/\/www.rb-poland.com\/#logo"}},{"@type":"WebSite","@id":"https:\/\/www.rb-poland.com\/#website","url":"https:\/\/www.rb-poland.com\/","name":"RB POLAND2","description":"SAVE TIME AND ENERGY WITH OUR MOBILE ROBOTS!","publisher":{"@id":"https:\/\/www.rb-poland.com\/#organization"},"potentialAction":[{"@type":"SearchAction","target":{"@type":"EntryPoint","urlTemplate":"https:\/\/www.rb-poland.com\/?s={search_term_string}"},"query-input":"required name=search_term_string"}],"inLanguage":"en-US"},{"@type":"ImageObject","@id":"https:\/\/www.rb-poland.com\/?page_id=2758&lang=pl#primaryimage","inLanguage":"en-US","url":"http:\/\/www.rb-poland.com\/wp-content\/uploads\/2023\/02\/AGV-S112--1536x1052.png","contentUrl":"http:\/\/www.rb-poland.com\/wp-content\/uploads\/2023\/02\/AGV-S112--1536x1052.png"},{"@type":"WebPage","@id":"https:\/\/www.rb-poland.com\/?page_id=2758&lang=pl#webpage","url":"https:\/\/www.rb-poland.com\/?page_id=2758&lang=pl","name":"ENG AGV S112 (PL) &#8902; RB POLAND","isPartOf":{"@id":"https:\/\/www.rb-poland.com\/#website"},"primaryImageOfPage":{"@id":"https:\/\/www.rb-poland.com\/?page_id=2758&lang=pl#primaryimage"},"datePublished":"2023-02-08T20:16:03+00:00","dateModified":"2023-04-18T08:45:48+00:00","breadcrumb":{"@id":"https:\/\/www.rb-poland.com\/?page_id=2758&lang=pl#breadcrumb"},"inLanguage":"en-US","potentialAction":[{"@type":"ReadAction","target":["https:\/\/www.rb-poland.com\/?page_id=2758&lang=pl"]}]},{"@type":"BreadcrumbList","@id":"https:\/\/www.rb-poland.com\/?page_id=2758&lang=pl#breadcrumb","itemListElement":[{"@type":"ListItem","position":1,"name":"Strona g\u0142\u00f3wna","item":"http:\/\/www.rb-poland.com\/?page_id=7&lang=pl"},{"@type":"ListItem","position":2,"name":"ENG AGV S112 (PL)"}]}]}},"_links":{"self":[{"href":"https:\/\/www.rb-poland.com\/index.php?rest_route=\/wp\/v2\/pages\/2758","targetHints":{"allow":["GET"]}}],"collection":[{"href":"https:\/\/www.rb-poland.com\/index.php?rest_route=\/wp\/v2\/pages"}],"about":[{"href":"https:\/\/www.rb-poland.com\/index.php?rest_route=\/wp\/v2\/types\/page"}],"author":[{"embeddable":true,"href":"https:\/\/www.rb-poland.com\/index.php?rest_route=\/wp\/v2\/users\/1"}],"replies":[{"embeddable":true,"href":"https:\/\/www.rb-poland.com\/index.php?rest_route=%2Fwp%2Fv2%2Fcomments&post=2758"}],"version-history":[{"count":11,"href":"https:\/\/www.rb-poland.com\/index.php?rest_route=\/wp\/v2\/pages\/2758\/revisions"}],"predecessor-version":[{"id":2893,"href":"https:\/\/www.rb-poland.com\/index.php?rest_route=\/wp\/v2\/pages\/2758\/revisions\/2893"}],"wp:attachment":[{"href":"https:\/\/www.rb-poland.com\/index.php?rest_route=%2Fwp%2Fv2%2Fmedia&parent=2758"}],"curies":[{"name":"wp","href":"https:\/\/api.w.org\/{rel}","templated":true}]}}