{"id":2494,"date":"2021-12-14T10:15:01","date_gmt":"2021-12-14T09:15:01","guid":{"rendered":"https:\/\/www.rb-poland.com\/?page_id=2494"},"modified":"2021-12-14T10:26:41","modified_gmt":"2021-12-14T09:26:41","slug":"s22-pl-2","status":"publish","type":"page","link":"https:\/\/www.rb-poland.com\/?page_id=2494&lang=pl","title":{"rendered":"S22 PL"},"content":{"rendered":"\t\t<div data-elementor-type=\"wp-page\" data-elementor-id=\"2494\" class=\"elementor elementor-2494\" data-elementor-settings=\"[]\">\n\t\t\t\t\t\t\t<div class=\"elementor-section-wrap\">\n\t\t\t\t\t\t\t<section class=\"elementor-section elementor-top-section elementor-element elementor-element-fc3badb elementor-section-full_width elementor-section-height-default elementor-section-height-default\" data-id=\"fc3badb\" data-element_type=\"section\" data-settings=\"{&quot;background_background&quot;:&quot;classic&quot;}\">\n\t\t\t\t\t\t<div class=\"elementor-container elementor-column-gap-default\">\n\t\t\t\t\t<div class=\"elementor-column elementor-col-100 elementor-top-column elementor-element elementor-element-3c48d3e\" data-id=\"3c48d3e\" data-element_type=\"column\">\n\t\t\t<div class=\"elementor-widget-wrap elementor-element-populated\">\n\t\t\t\t\t\t\t\t<div class=\"elementor-element elementor-element-e12c624 elementor-widget elementor-widget-heading\" data-id=\"e12c624\" data-element_type=\"widget\" data-widget_type=\"heading.default\">\n\t\t\t\t<div class=\"elementor-widget-container\">\n\t\t\t<h1 class=\"elementor-heading-title elementor-size-default\">AGV S22<\/h1>\t\t<\/div>\n\t\t\t\t<\/div>\n\t\t\t\t\t<\/div>\n\t\t<\/div>\n\t\t\t\t\t\t\t<\/div>\n\t\t<\/section>\n\t\t\t\t<section class=\"elementor-section elementor-top-section elementor-element elementor-element-3e9cb0e elementor-section-boxed elementor-section-height-default elementor-section-height-default\" data-id=\"3e9cb0e\" data-element_type=\"section\" data-settings=\"{&quot;background_background&quot;:&quot;classic&quot;}\">\n\t\t\t\t\t\t<div class=\"elementor-container elementor-column-gap-default\">\n\t\t\t\t\t<div class=\"elementor-column elementor-col-50 elementor-top-column elementor-element elementor-element-65a8468\" data-id=\"65a8468\" data-element_type=\"column\">\n\t\t\t<div class=\"elementor-widget-wrap elementor-element-populated\">\n\t\t\t\t\t\t\t\t<div class=\"elementor-element elementor-element-1762e89 elementor-icon-list--layout-traditional elementor-list-item-link-full_width elementor-widget elementor-widget-icon-list\" data-id=\"1762e89\" data-element_type=\"widget\" data-widget_type=\"icon-list.default\">\n\t\t\t\t<div class=\"elementor-widget-container\">\n\t\t\t\t\t<ul class=\"elementor-icon-list-items\">\n\t\t\t\t\t\t\t<li class=\"elementor-icon-list-item\">\n\t\t\t\t\t\t\t\t\t\t\t<span class=\"elementor-icon-list-icon\">\n\t\t\t\t\t\t\t<i aria-hidden=\"true\" class=\"far fa-window-maximize\"><\/i>\t\t\t\t\t\t<\/span>\n\t\t\t\t\t\t\t\t\t\t<span class=\"elementor-icon-list-text\">WAGA: oko\u0142o 630kg<\/span>\n\t\t\t\t\t\t\t\t\t<\/li>\n\t\t\t\t\t\t\t\t<li class=\"elementor-icon-list-item\">\n\t\t\t\t\t\t\t\t\t\t\t<span class=\"elementor-icon-list-icon\">\n\t\t\t\t\t\t\t<i aria-hidden=\"true\" class=\"fas fa-truck-loading\"><\/i>\t\t\t\t\t\t<\/span>\n\t\t\t\t\t\t\t\t\t\t<span class=\"elementor-icon-list-text\">MAKSYMALNY UCI\u0104G: 1200KG<\/span>\n\t\t\t\t\t\t\t\t\t<\/li>\n\t\t\t\t\t\t\t\t<li class=\"elementor-icon-list-item\">\n\t\t\t\t\t\t\t\t\t\t\t<span class=\"elementor-icon-list-icon\">\n\t\t\t\t\t\t\t<i aria-hidden=\"true\" class=\"fas fa-bullseye\"><\/i>\t\t\t\t\t\t<\/span>\n\t\t\t\t\t\t\t\t\t\t<span class=\"elementor-icon-list-text\">Hak automatyczny, r\u0119czny lub specjalny na \u017cyczenie klienta. <\/span>\n\t\t\t\t\t\t\t\t\t<\/li>\n\t\t\t\t\t\t<\/ul>\n\t\t\t\t<\/div>\n\t\t\t\t<\/div>\n\t\t\t\t\t<\/div>\n\t\t<\/div>\n\t\t\t\t<div class=\"elementor-column elementor-col-50 elementor-top-column elementor-element elementor-element-632f762\" data-id=\"632f762\" data-element_type=\"column\">\n\t\t\t<div class=\"elementor-widget-wrap elementor-element-populated\">\n\t\t\t\t\t\t\t\t<div class=\"elementor-element elementor-element-ee14b93 elementor-widget elementor-widget-image\" data-id=\"ee14b93\" data-element_type=\"widget\" data-widget_type=\"image.default\">\n\t\t\t\t<div class=\"elementor-widget-container\">\n\t\t\t\t\t\t\t\t\t\t\t\t\t\t\t<img loading=\"lazy\" decoding=\"async\" width=\"1212\" height=\"859\" src=\"https:\/\/www.rb-poland.com\/wp-content\/uploads\/2021\/12\/S22.png\" class=\"attachment-1536x1536 size-1536x1536\" alt=\"\" srcset=\"https:\/\/www.rb-poland.com\/wp-content\/uploads\/2021\/12\/S22.png 1212w, https:\/\/www.rb-poland.com\/wp-content\/uploads\/2021\/12\/S22-300x213.png 300w, https:\/\/www.rb-poland.com\/wp-content\/uploads\/2021\/12\/S22-1024x726.png 1024w, https:\/\/www.rb-poland.com\/wp-content\/uploads\/2021\/12\/S22-768x544.png 768w\" sizes=\"auto, (max-width: 1212px) 100vw, 1212px\" \/>\t\t\t\t\t\t\t\t\t\t\t\t\t\t\t<\/div>\n\t\t\t\t<\/div>\n\t\t\t\t\t<\/div>\n\t\t<\/div>\n\t\t\t\t\t\t\t<\/div>\n\t\t<\/section>\n\t\t\t\t<section class=\"elementor-section elementor-top-section elementor-element elementor-element-9ae2f05 elementor-section-full_width elementor-section-height-default elementor-section-height-default\" data-id=\"9ae2f05\" data-element_type=\"section\">\n\t\t\t\t\t\t<div class=\"elementor-container elementor-column-gap-default\">\n\t\t\t\t\t<div class=\"elementor-column elementor-col-100 elementor-top-column elementor-element elementor-element-3ed6d05\" data-id=\"3ed6d05\" data-element_type=\"column\">\n\t\t\t<div class=\"elementor-widget-wrap elementor-element-populated\">\n\t\t\t\t\t\t\t\t<div class=\"elementor-element elementor-element-49790bd elementor-widget elementor-widget-heading\" data-id=\"49790bd\" data-element_type=\"widget\" data-widget_type=\"heading.default\">\n\t\t\t\t<div class=\"elementor-widget-container\">\n\t\t\t<h1 class=\"elementor-heading-title elementor-size-default\">GALERIA<\/h1>\t\t<\/div>\n\t\t\t\t<\/div>\n\t\t\t\t\t<\/div>\n\t\t<\/div>\n\t\t\t\t\t\t\t<\/div>\n\t\t<\/section>\n\t\t\t\t<section class=\"elementor-section elementor-top-section elementor-element elementor-element-241efed elementor-section-height-min-height elementor-section-boxed elementor-section-height-default elementor-section-items-middle\" data-id=\"241efed\" data-element_type=\"section\" data-settings=\"{&quot;shape_divider_top&quot;:&quot;pyramids&quot;,&quot;background_background&quot;:&quot;classic&quot;}\">\n\t\t\t\t\t<div class=\"elementor-shape elementor-shape-top\" data-negative=\"false\">\n\t\t\t<svg xmlns=\"http:\/\/www.w3.org\/2000\/svg\" viewBox=\"0 0 1000 100\" preserveAspectRatio=\"none\">\n\t<path class=\"elementor-shape-fill\" d=\"M761.9,44.1L643.1,27.2L333.8,98L0,3.8V0l1000,0v3.9\"\/>\n<\/svg>\t\t<\/div>\n\t\t\t\t\t<div class=\"elementor-container elementor-column-gap-default\">\n\t\t\t\t\t<div class=\"elementor-column elementor-col-33 elementor-top-column elementor-element elementor-element-36c8282\" data-id=\"36c8282\" data-element_type=\"column\">\n\t\t\t<div class=\"elementor-widget-wrap\">\n\t\t\t\t\t\t\t\t\t<\/div>\n\t\t<\/div>\n\t\t\t\t<div class=\"elementor-column elementor-col-33 elementor-top-column elementor-element elementor-element-ca50a9b\" data-id=\"ca50a9b\" data-element_type=\"column\">\n\t\t\t<div class=\"elementor-widget-wrap elementor-element-populated\">\n\t\t\t\t\t\t\t\t<div class=\"elementor-element elementor-element-c485e67 elementor-widget elementor-widget-heading\" data-id=\"c485e67\" data-element_type=\"widget\" data-widget_type=\"heading.default\">\n\t\t\t\t<div class=\"elementor-widget-container\">\n\t\t\t<h2 class=\"elementor-heading-title elementor-size-default\">FILMY<\/h2>\t\t<\/div>\n\t\t\t\t<\/div>\n\t\t\t\t<div class=\"elementor-element elementor-element-a885fd4 elementor-aspect-ratio-169 elementor-widget elementor-widget-video\" data-id=\"a885fd4\" data-element_type=\"widget\" data-settings=\"{&quot;youtube_url&quot;:&quot;https:\\\/\\\/www.youtube.com\\\/watch?v=DzBC6z5AS_8&quot;,&quot;video_type&quot;:&quot;youtube&quot;,&quot;controls&quot;:&quot;yes&quot;,&quot;aspect_ratio&quot;:&quot;169&quot;}\" data-widget_type=\"video.default\">\n\t\t\t\t<div class=\"elementor-widget-container\">\n\t\t\t\t\t<div class=\"elementor-wrapper elementor-fit-aspect-ratio elementor-open-inline\">\n\t\t\t<div class=\"elementor-video\"><\/div>\t\t<\/div>\n\t\t\t\t<\/div>\n\t\t\t\t<\/div>\n\t\t\t\t\t<\/div>\n\t\t<\/div>\n\t\t\t\t<div class=\"elementor-column elementor-col-33 elementor-top-column elementor-element elementor-element-c32ebb5\" data-id=\"c32ebb5\" data-element_type=\"column\">\n\t\t\t<div class=\"elementor-widget-wrap\">\n\t\t\t\t\t\t\t\t\t<\/div>\n\t\t<\/div>\n\t\t\t\t\t\t\t<\/div>\n\t\t<\/section>\n\t\t\t\t<section class=\"elementor-section elementor-top-section elementor-element elementor-element-b2f3d59 elementor-section-height-min-height elementor-section-boxed elementor-section-height-default elementor-section-items-middle\" data-id=\"b2f3d59\" data-element_type=\"section\" data-settings=\"{&quot;background_background&quot;:&quot;classic&quot;}\">\n\t\t\t\t\t\t<div class=\"elementor-container elementor-column-gap-default\">\n\t\t\t\t\t<div class=\"elementor-column elementor-col-100 elementor-top-column elementor-element elementor-element-1397297\" data-id=\"1397297\" data-element_type=\"column\">\n\t\t\t<div class=\"elementor-widget-wrap elementor-element-populated\">\n\t\t\t\t\t\t\t\t<div class=\"elementor-element elementor-element-decd2cf elementor-align-justify elementor-widget elementor-widget-button\" data-id=\"decd2cf\" data-element_type=\"widget\" data-widget_type=\"button.default\">\n\t\t\t\t<div class=\"elementor-widget-container\">\n\t\t\t\t\t<div class=\"elementor-button-wrapper\">\n\t\t\t<a href=\"http:\/\/www.rb-poland.com\/?page_id=360\" class=\"elementor-button-link elementor-button elementor-size-xl\" role=\"button\">\n\t\t\t\t\t\t<span class=\"elementor-button-content-wrapper\">\n\t\t\t\t\t\t<span class=\"elementor-button-text\">Skonsultuj si\u0119 z nami, odno\u015bnie zam\u00f3wienia<\/span>\n\t\t<\/span>\n\t\t\t\t\t<\/a>\n\t\t<\/div>\n\t\t\t\t<\/div>\n\t\t\t\t<\/div>\n\t\t\t\t\t<\/div>\n\t\t<\/div>\n\t\t\t\t\t\t\t<\/div>\n\t\t<\/section>\n\t\t\t\t\t\t<\/div>\n\t\t\t\t\t<\/div>\n\t\t","protected":false},"excerpt":{"rendered":"<p>AGV S22 WAGA: oko\u0142o 630kg MAKSYMALNY UCI\u0104G: 1200KG Hak automatyczny, r\u0119czny lub specjalny na \u017cyczenie klienta. GALERIA FILMY Skonsultuj si\u0119 z nami, odno\u015bnie zam\u00f3wienia<\/p>\n","protected":false},"author":1,"featured_media":0,"parent":0,"menu_order":0,"comment_status":"closed","ping_status":"closed","template":"page-templates\/template-pagebuilder-full-width.php","meta":{"om_disable_all_campaigns":false,"_monsterinsights_skip_tracking":false,"_monsterinsights_sitenote_active":false,"_monsterinsights_sitenote_note":"","_monsterinsights_sitenote_category":0,"neve_meta_sidebar":"full-width","neve_meta_container":"","neve_meta_enable_content_width":"on","neve_meta_content_width":100,"neve_meta_title_alignment":"","neve_meta_author_avatar":"","neve_post_elements_order":"","neve_meta_disable_header":"","neve_meta_disable_footer":"","neve_meta_disable_title":"","footnotes":""},"class_list":["post-2494","page","type-page","status-publish","hentry"],"yoast_head":"<!-- This site is optimized with the Yoast SEO plugin v17.9 - https:\/\/yoast.com\/wordpress\/plugins\/seo\/ -->\r\n<title>S22 PL &#8902; RB POLAND<\/title>\r\n<meta name=\"robots\" content=\"index, follow, max-snippet:-1, max-image-preview:large, max-video-preview:-1\" \/>\r\n<link rel=\"canonical\" href=\"https:\/\/www.rb-poland.com\/?page_id=2494&#038;lang=pl\" \/>\r\n<meta property=\"og:locale\" content=\"en_US\" \/>\r\n<meta property=\"og:type\" content=\"article\" \/>\r\n<meta property=\"og:title\" content=\"S22 PL &#8902; RB POLAND\" \/>\r\n<meta property=\"og:description\" content=\"AGV S22 WAGA: oko\u0142o 630kg MAKSYMALNY UCI\u0104G: 1200KG Hak automatyczny, r\u0119czny lub specjalny na \u017cyczenie klienta. GALERIA FILMY Skonsultuj si\u0119 z nami, odno\u015bnie zam\u00f3wienia\" \/>\r\n<meta property=\"og:url\" content=\"https:\/\/www.rb-poland.com\/?page_id=2494&amp;lang=pl\" \/>\r\n<meta property=\"og:site_name\" content=\"RB POLAND\" \/>\r\n<meta property=\"article:modified_time\" content=\"2021-12-14T09:26:41+00:00\" \/>\r\n<meta property=\"og:image\" content=\"http:\/\/www.rb-poland.com\/wp-content\/uploads\/2021\/12\/S22.png\" \/>\r\n<meta name=\"twitter:card\" content=\"summary_large_image\" \/>\r\n<meta name=\"twitter:label1\" content=\"Est. reading time\" \/>\n\t<meta name=\"twitter:data1\" content=\"1 minute\" \/>\r\n<script type=\"application\/ld+json\" class=\"yoast-schema-graph\">{\"@context\":\"https:\/\/schema.org\",\"@graph\":[{\"@type\":\"Organization\",\"@id\":\"https:\/\/www.rb-poland.com\/#organization\",\"name\":\"RB Poland\",\"url\":\"https:\/\/www.rb-poland.com\/\",\"sameAs\":[],\"logo\":{\"@type\":\"ImageObject\",\"@id\":\"https:\/\/www.rb-poland.com\/#logo\",\"inLanguage\":\"en-US\",\"url\":\"http:\/\/www.rb-poland.com\/wp-content\/uploads\/2021\/05\/logo-final.png\",\"contentUrl\":\"http:\/\/www.rb-poland.com\/wp-content\/uploads\/2021\/05\/logo-final.png\",\"width\":1387,\"height\":567,\"caption\":\"RB Poland\"},\"image\":{\"@id\":\"https:\/\/www.rb-poland.com\/#logo\"}},{\"@type\":\"WebSite\",\"@id\":\"https:\/\/www.rb-poland.com\/#website\",\"url\":\"https:\/\/www.rb-poland.com\/\",\"name\":\"RB POLAND2\",\"description\":\"SAVE TIME AND ENERGY WITH OUR MOBILE ROBOTS!\",\"publisher\":{\"@id\":\"https:\/\/www.rb-poland.com\/#organization\"},\"potentialAction\":[{\"@type\":\"SearchAction\",\"target\":{\"@type\":\"EntryPoint\",\"urlTemplate\":\"https:\/\/www.rb-poland.com\/?s={search_term_string}\"},\"query-input\":\"required name=search_term_string\"}],\"inLanguage\":\"en-US\"},{\"@type\":\"ImageObject\",\"@id\":\"https:\/\/www.rb-poland.com\/?page_id=2494&lang=pl#primaryimage\",\"inLanguage\":\"en-US\",\"url\":\"http:\/\/www.rb-poland.com\/wp-content\/uploads\/2021\/12\/S22.png\",\"contentUrl\":\"http:\/\/www.rb-poland.com\/wp-content\/uploads\/2021\/12\/S22.png\"},{\"@type\":\"WebPage\",\"@id\":\"https:\/\/www.rb-poland.com\/?page_id=2494&lang=pl#webpage\",\"url\":\"https:\/\/www.rb-poland.com\/?page_id=2494&lang=pl\",\"name\":\"S22 PL &#8902; RB POLAND\",\"isPartOf\":{\"@id\":\"https:\/\/www.rb-poland.com\/#website\"},\"primaryImageOfPage\":{\"@id\":\"https:\/\/www.rb-poland.com\/?page_id=2494&lang=pl#primaryimage\"},\"datePublished\":\"2021-12-14T09:15:01+00:00\",\"dateModified\":\"2021-12-14T09:26:41+00:00\",\"breadcrumb\":{\"@id\":\"https:\/\/www.rb-poland.com\/?page_id=2494&lang=pl#breadcrumb\"},\"inLanguage\":\"en-US\",\"potentialAction\":[{\"@type\":\"ReadAction\",\"target\":[\"https:\/\/www.rb-poland.com\/?page_id=2494&lang=pl\"]}]},{\"@type\":\"BreadcrumbList\",\"@id\":\"https:\/\/www.rb-poland.com\/?page_id=2494&lang=pl#breadcrumb\",\"itemListElement\":[{\"@type\":\"ListItem\",\"position\":1,\"name\":\"Strona g\\u0142\\u00f3wna\",\"item\":\"https:\/\/www.rb-poland.com\/?page_id=7&lang=pl\"},{\"@type\":\"ListItem\",\"position\":2,\"name\":\"S22 PL\"}]}]}<\/script>\r\n<!-- \/ Yoast SEO plugin. -->","yoast_head_json":{"title":"S22 PL &#8902; RB POLAND","robots":{"index":"index","follow":"follow","max-snippet":"max-snippet:-1","max-image-preview":"max-image-preview:large","max-video-preview":"max-video-preview:-1"},"canonical":"https:\/\/www.rb-poland.com\/?page_id=2494&lang=pl","og_locale":"en_US","og_type":"article","og_title":"S22 PL &#8902; RB POLAND","og_description":"AGV S22 WAGA: oko\u0142o 630kg MAKSYMALNY UCI\u0104G: 1200KG Hak automatyczny, r\u0119czny lub specjalny na \u017cyczenie klienta. GALERIA FILMY Skonsultuj si\u0119 z nami, odno\u015bnie zam\u00f3wienia","og_url":"https:\/\/www.rb-poland.com\/?page_id=2494&lang=pl","og_site_name":"RB POLAND","article_modified_time":"2021-12-14T09:26:41+00:00","og_image":[{"url":"http:\/\/www.rb-poland.com\/wp-content\/uploads\/2021\/12\/S22.png"}],"twitter_card":"summary_large_image","twitter_misc":{"Est. reading time":"1 minute"},"schema":{"@context":"https:\/\/schema.org","@graph":[{"@type":"Organization","@id":"https:\/\/www.rb-poland.com\/#organization","name":"RB Poland","url":"https:\/\/www.rb-poland.com\/","sameAs":[],"logo":{"@type":"ImageObject","@id":"https:\/\/www.rb-poland.com\/#logo","inLanguage":"en-US","url":"http:\/\/www.rb-poland.com\/wp-content\/uploads\/2021\/05\/logo-final.png","contentUrl":"http:\/\/www.rb-poland.com\/wp-content\/uploads\/2021\/05\/logo-final.png","width":1387,"height":567,"caption":"RB Poland"},"image":{"@id":"https:\/\/www.rb-poland.com\/#logo"}},{"@type":"WebSite","@id":"https:\/\/www.rb-poland.com\/#website","url":"https:\/\/www.rb-poland.com\/","name":"RB POLAND2","description":"SAVE TIME AND ENERGY WITH OUR MOBILE ROBOTS!","publisher":{"@id":"https:\/\/www.rb-poland.com\/#organization"},"potentialAction":[{"@type":"SearchAction","target":{"@type":"EntryPoint","urlTemplate":"https:\/\/www.rb-poland.com\/?s={search_term_string}"},"query-input":"required name=search_term_string"}],"inLanguage":"en-US"},{"@type":"ImageObject","@id":"https:\/\/www.rb-poland.com\/?page_id=2494&lang=pl#primaryimage","inLanguage":"en-US","url":"http:\/\/www.rb-poland.com\/wp-content\/uploads\/2021\/12\/S22.png","contentUrl":"http:\/\/www.rb-poland.com\/wp-content\/uploads\/2021\/12\/S22.png"},{"@type":"WebPage","@id":"https:\/\/www.rb-poland.com\/?page_id=2494&lang=pl#webpage","url":"https:\/\/www.rb-poland.com\/?page_id=2494&lang=pl","name":"S22 PL &#8902; RB POLAND","isPartOf":{"@id":"https:\/\/www.rb-poland.com\/#website"},"primaryImageOfPage":{"@id":"https:\/\/www.rb-poland.com\/?page_id=2494&lang=pl#primaryimage"},"datePublished":"2021-12-14T09:15:01+00:00","dateModified":"2021-12-14T09:26:41+00:00","breadcrumb":{"@id":"https:\/\/www.rb-poland.com\/?page_id=2494&lang=pl#breadcrumb"},"inLanguage":"en-US","potentialAction":[{"@type":"ReadAction","target":["https:\/\/www.rb-poland.com\/?page_id=2494&lang=pl"]}]},{"@type":"BreadcrumbList","@id":"https:\/\/www.rb-poland.com\/?page_id=2494&lang=pl#breadcrumb","itemListElement":[{"@type":"ListItem","position":1,"name":"Strona g\u0142\u00f3wna","item":"https:\/\/www.rb-poland.com\/?page_id=7&lang=pl"},{"@type":"ListItem","position":2,"name":"S22 PL"}]}]}},"_links":{"self":[{"href":"https:\/\/www.rb-poland.com\/index.php?rest_route=\/wp\/v2\/pages\/2494","targetHints":{"allow":["GET"]}}],"collection":[{"href":"https:\/\/www.rb-poland.com\/index.php?rest_route=\/wp\/v2\/pages"}],"about":[{"href":"https:\/\/www.rb-poland.com\/index.php?rest_route=\/wp\/v2\/types\/page"}],"author":[{"embeddable":true,"href":"https:\/\/www.rb-poland.com\/index.php?rest_route=\/wp\/v2\/users\/1"}],"replies":[{"embeddable":true,"href":"https:\/\/www.rb-poland.com\/index.php?rest_route=%2Fwp%2Fv2%2Fcomments&post=2494"}],"version-history":[{"count":7,"href":"https:\/\/www.rb-poland.com\/index.php?rest_route=\/wp\/v2\/pages\/2494\/revisions"}],"predecessor-version":[{"id":2501,"href":"https:\/\/www.rb-poland.com\/index.php?rest_route=\/wp\/v2\/pages\/2494\/revisions\/2501"}],"wp:attachment":[{"href":"https:\/\/www.rb-poland.com\/index.php?rest_route=%2Fwp%2Fv2%2Fmedia&parent=2494"}],"curies":[{"name":"wp","href":"https:\/\/api.w.org\/{rel}","templated":true}]}}