{"id":1859,"date":"2021-11-21T16:27:23","date_gmt":"2021-11-21T15:27:23","guid":{"rendered":"http:\/\/www.rb-poland.com\/?page_id=1859"},"modified":"2022-01-22T12:42:28","modified_gmt":"2022-01-22T11:42:28","slug":"industries-page","status":"publish","type":"page","link":"https:\/\/www.rb-poland.com\/?page_id=1859&lang=pl","title":{"rendered":"Industries Page"},"content":{"rendered":"\t\t<div data-elementor-type=\"wp-page\" data-elementor-id=\"1859\" class=\"elementor elementor-1859\" data-elementor-settings=\"[]\">\n\t\t\t\t\t\t\t<div class=\"elementor-section-wrap\">\n\t\t\t\t\t\t\t<section class=\"elementor-section elementor-top-section elementor-element elementor-element-9903620 elementor-section-height-min-height elementor-section-boxed elementor-section-height-default elementor-section-items-middle\" data-id=\"9903620\" data-element_type=\"section\" data-settings=\"{&quot;background_background&quot;:&quot;classic&quot;,&quot;shape_divider_top&quot;:&quot;mountains&quot;}\">\n\t\t\t\t\t\t\t<div class=\"elementor-background-overlay\"><\/div>\n\t\t\t\t\t\t<div class=\"elementor-shape elementor-shape-top\" data-negative=\"false\">\n\t\t\t<svg xmlns=\"http:\/\/www.w3.org\/2000\/svg\" viewBox=\"0 0 1000 100\" preserveAspectRatio=\"none\">\n\t<path class=\"elementor-shape-fill\" opacity=\"0.33\" d=\"M473,67.3c-203.9,88.3-263.1-34-320.3,0C66,119.1,0,59.7,0,59.7V0h1000v59.7 c0,0-62.1,26.1-94.9,29.3c-32.8,3.3-62.8-12.3-75.8-22.1C806,49.6,745.3,8.7,694.9,4.7S492.4,59,473,67.3z\"\/>\n\t<path class=\"elementor-shape-fill\" opacity=\"0.66\" d=\"M734,67.3c-45.5,0-77.2-23.2-129.1-39.1c-28.6-8.7-150.3-10.1-254,39.1 s-91.7-34.4-149.2,0C115.7,118.3,0,39.8,0,39.8V0h1000v36.5c0,0-28.2-18.5-92.1-18.5C810.2,18.1,775.7,67.3,734,67.3z\"\/>\n\t<path class=\"elementor-shape-fill\" d=\"M766.1,28.9c-200-57.5-266,65.5-395.1,19.5C242,1.8,242,5.4,184.8,20.6C128,35.8,132.3,44.9,89.9,52.5C28.6,63.7,0,0,0,0 h1000c0,0-9.9,40.9-83.6,48.1S829.6,47,766.1,28.9z\"\/>\n<\/svg>\t\t<\/div>\n\t\t\t\t\t<div class=\"elementor-container elementor-column-gap-default\">\n\t\t\t\t\t<div class=\"elementor-column elementor-col-100 elementor-top-column elementor-element elementor-element-501b6c1\" data-id=\"501b6c1\" data-element_type=\"column\">\n\t\t\t<div class=\"elementor-widget-wrap elementor-element-populated\">\n\t\t\t\t\t\t\t\t<div class=\"elementor-element elementor-element-7447b77 elementor-widget elementor-widget-heading\" data-id=\"7447b77\" data-element_type=\"widget\" data-widget_type=\"heading.default\">\n\t\t\t\t<div class=\"elementor-widget-container\">\n\t\t\t<h2 class=\"elementor-heading-title elementor-size-xl\">Technologia<\/h2>\t\t<\/div>\n\t\t\t\t<\/div>\n\t\t\t\t\t<\/div>\n\t\t<\/div>\n\t\t\t\t\t\t\t<\/div>\n\t\t<\/section>\n\t\t\t\t<section class=\"elementor-section elementor-top-section elementor-element elementor-element-f5e28d7 elementor-section-height-min-height elementor-section-boxed elementor-section-height-default elementor-section-items-middle\" data-id=\"f5e28d7\" data-element_type=\"section\" data-settings=\"{&quot;background_background&quot;:&quot;classic&quot;,&quot;shape_divider_top&quot;:&quot;pyramids&quot;,&quot;shape_divider_bottom&quot;:&quot;tilt&quot;}\">\n\t\t\t\t\t<div class=\"elementor-shape elementor-shape-top\" data-negative=\"false\">\n\t\t\t<svg xmlns=\"http:\/\/www.w3.org\/2000\/svg\" viewBox=\"0 0 1000 100\" preserveAspectRatio=\"none\">\n\t<path class=\"elementor-shape-fill\" d=\"M761.9,44.1L643.1,27.2L333.8,98L0,3.8V0l1000,0v3.9\"\/>\n<\/svg>\t\t<\/div>\n\t\t\t\t<div class=\"elementor-shape elementor-shape-bottom\" data-negative=\"false\">\n\t\t\t<svg xmlns=\"http:\/\/www.w3.org\/2000\/svg\" viewBox=\"0 0 1000 100\" preserveAspectRatio=\"none\">\n\t<path class=\"elementor-shape-fill\" d=\"M0,6V0h1000v100L0,6z\"\/>\n<\/svg>\t\t<\/div>\n\t\t\t\t\t<div class=\"elementor-container elementor-column-gap-default\">\n\t\t\t\t\t<div class=\"elementor-column elementor-col-100 elementor-top-column elementor-element elementor-element-48c4d71\" data-id=\"48c4d71\" data-element_type=\"column\">\n\t\t\t<div class=\"elementor-widget-wrap elementor-element-populated\">\n\t\t\t\t\t\t\t\t<div class=\"elementor-element elementor-element-81cfae7 elementor-widget elementor-widget-toggle\" data-id=\"81cfae7\" data-element_type=\"widget\" data-widget_type=\"toggle.default\">\n\t\t\t\t<div class=\"elementor-widget-container\">\n\t\t\t\t\t<div class=\"elementor-toggle\" role=\"tablist\">\n\t\t\t\t\t\t\t<div class=\"elementor-toggle-item\">\n\t\t\t\t\t<div id=\"elementor-tab-title-1361\" class=\"elementor-tab-title\" data-tab=\"1\" role=\"tab\" aria-controls=\"elementor-tab-content-1361\" aria-expanded=\"false\">\n\t\t\t\t\t\t\t\t\t\t\t\t<span class=\"elementor-toggle-icon elementor-toggle-icon-left\" aria-hidden=\"true\">\n\t\t\t\t\t\t\t\t\t\t\t\t\t\t\t<span class=\"elementor-toggle-icon-closed\"><i class=\"fas fa-caret-down\"><\/i><\/span>\n\t\t\t\t\t\t\t\t<span class=\"elementor-toggle-icon-opened\"><i class=\"elementor-toggle-icon-opened fas fa-angle-up\"><\/i><\/span>\n\t\t\t\t\t\t\t\t\t\t\t\t\t<\/span>\n\t\t\t\t\t\t\t\t\t\t\t\t<a href=\"\" class=\"elementor-toggle-title\">AGV<\/a>\n\t\t\t\t\t<\/div>\n\n\t\t\t\t\t<div id=\"elementor-tab-content-1361\" class=\"elementor-tab-content elementor-clearfix\" data-tab=\"1\" role=\"tabpanel\" aria-labelledby=\"elementor-tab-title-1361\"><p>Zajmujemy si\u0119 produkcj\u0105 pojazd\u00f3w sterowanych automatycznie (AGV).<\/p><\/div>\n\t\t\t\t<\/div>\n\t\t\t\t\t\t\t<div class=\"elementor-toggle-item\">\n\t\t\t\t\t<div id=\"elementor-tab-title-1362\" class=\"elementor-tab-title\" data-tab=\"2\" role=\"tab\" aria-controls=\"elementor-tab-content-1362\" aria-expanded=\"false\">\n\t\t\t\t\t\t\t\t\t\t\t\t<span class=\"elementor-toggle-icon elementor-toggle-icon-left\" aria-hidden=\"true\">\n\t\t\t\t\t\t\t\t\t\t\t\t\t\t\t<span class=\"elementor-toggle-icon-closed\"><i class=\"fas fa-caret-down\"><\/i><\/span>\n\t\t\t\t\t\t\t\t<span class=\"elementor-toggle-icon-opened\"><i class=\"elementor-toggle-icon-opened fas fa-angle-up\"><\/i><\/span>\n\t\t\t\t\t\t\t\t\t\t\t\t\t<\/span>\n\t\t\t\t\t\t\t\t\t\t\t\t<a href=\"\" class=\"elementor-toggle-title\">Nawigacja<\/a>\n\t\t\t\t\t<\/div>\n\n\t\t\t\t\t<div id=\"elementor-tab-content-1362\" class=\"elementor-tab-content elementor-clearfix\" data-tab=\"2\" role=\"tabpanel\" aria-labelledby=\"elementor-tab-title-1362\"><p>\u0141atwa konfiguracja trasy<\/p><p>Stabilne prowadzenie autonomiczne w r\u00f3\u017cnych warunkach na terenach przemys\u0142owych<\/p><p>Odporno\u015b\u0107 na warunki atmosferyczne<\/p><p>Poziom bezpiecze\u0144stwa PL-d zar\u00f3wno wewn\u0105trz, jak i na zewn\u0105trz<\/p><p>Dynamiczny wyb\u00f3r punkt\u00f3w odbioru i dostawy<\/p><\/div>\n\t\t\t\t<\/div>\n\t\t\t\t\t\t\t<div class=\"elementor-toggle-item\">\n\t\t\t\t\t<div id=\"elementor-tab-title-1363\" class=\"elementor-tab-title\" data-tab=\"3\" role=\"tab\" aria-controls=\"elementor-tab-content-1363\" aria-expanded=\"false\">\n\t\t\t\t\t\t\t\t\t\t\t\t<span class=\"elementor-toggle-icon elementor-toggle-icon-left\" aria-hidden=\"true\">\n\t\t\t\t\t\t\t\t\t\t\t\t\t\t\t<span class=\"elementor-toggle-icon-closed\"><i class=\"fas fa-caret-down\"><\/i><\/span>\n\t\t\t\t\t\t\t\t<span class=\"elementor-toggle-icon-opened\"><i class=\"elementor-toggle-icon-opened fas fa-angle-up\"><\/i><\/span>\n\t\t\t\t\t\t\t\t\t\t\t\t\t<\/span>\n\t\t\t\t\t\t\t\t\t\t\t\t<a href=\"\" class=\"elementor-toggle-title\">Integracja<\/a>\n\t\t\t\t\t<\/div>\n\n\t\t\t\t\t<div id=\"elementor-tab-content-1363\" class=\"elementor-tab-content elementor-clearfix\" data-tab=\"3\" role=\"tabpanel\" aria-labelledby=\"elementor-tab-title-1363\"><p>Integracja z PLC\/IO_Devices na liniach produkcyjnych<\/p><p>Bezpieczna integracja z automatycznymi drzwiami i bramami<\/p><p>Integracja z r\u00f3\u017cnymi robotami w fabrykach<\/p><p>W pe\u0142ni dostosowana integracja z przeno\u015bnikami i podajnikami na liniach monta\u017cowych<\/p><p>Mo\u017cliwa integracja z oprogramowaniem do zarz\u0105dzania magazynem<\/p><p>Mo\u017cliwa integracja z pojazdami automatycznymi innych producent\u00f3w<\/p><\/div>\n\t\t\t\t<\/div>\n\t\t\t\t\t\t\t<div class=\"elementor-toggle-item\">\n\t\t\t\t\t<div id=\"elementor-tab-title-1364\" class=\"elementor-tab-title\" data-tab=\"4\" role=\"tab\" aria-controls=\"elementor-tab-content-1364\" aria-expanded=\"false\">\n\t\t\t\t\t\t\t\t\t\t\t\t<span class=\"elementor-toggle-icon elementor-toggle-icon-left\" aria-hidden=\"true\">\n\t\t\t\t\t\t\t\t\t\t\t\t\t\t\t<span class=\"elementor-toggle-icon-closed\"><i class=\"fas fa-caret-down\"><\/i><\/span>\n\t\t\t\t\t\t\t\t<span class=\"elementor-toggle-icon-opened\"><i class=\"elementor-toggle-icon-opened fas fa-angle-up\"><\/i><\/span>\n\t\t\t\t\t\t\t\t\t\t\t\t\t<\/span>\n\t\t\t\t\t\t\t\t\t\t\t\t<a href=\"\" class=\"elementor-toggle-title\">Centralny monitoring<\/a>\n\t\t\t\t\t<\/div>\n\n\t\t\t\t\t<div id=\"elementor-tab-content-1364\" class=\"elementor-tab-content elementor-clearfix\" data-tab=\"4\" role=\"tabpanel\" aria-labelledby=\"elementor-tab-title-1364\"><p>Komunikacja WiFi lub GSM z pojazdami do wewn\u0105trz i na zewn\u0105trz<\/p><p>\u015aledzenie pozycji online wszystkich pojazd\u00f3w<\/p><p>Komunikaty zwrotne online do baz danych zak\u0142adu przy u\u017cyciu standardowych protoko\u0142\u00f3w<\/p><p>Automatyczne zarz\u0105dzanie ruchem (nawet do pojazd\u00f3w innych producent\u00f3w)<\/p><p>Zoptymalizowane planowanie misji<\/p><p>Obs\u0142uguje wiele zewn\u0119trznych program\u00f3w do zarz\u0105dzania misj\u0105<\/p><\/div>\n\t\t\t\t<\/div>\n\t\t\t\t\t\t\t\t<\/div>\n\t\t\t\t<\/div>\n\t\t\t\t<\/div>\n\t\t\t\t\t<\/div>\n\t\t<\/div>\n\t\t\t\t\t\t\t<\/div>\n\t\t<\/section>\n\t\t\t\t<section class=\"elementor-section elementor-top-section elementor-element elementor-element-7d65469 elementor-section-height-min-height elementor-section-boxed elementor-section-height-default elementor-section-items-middle\" data-id=\"7d65469\" data-element_type=\"section\" data-settings=\"{&quot;background_background&quot;:&quot;classic&quot;,&quot;shape_divider_bottom&quot;:&quot;pyramids&quot;}\">\n\t\t\t\t\t\t\t<div class=\"elementor-background-overlay\"><\/div>\n\t\t\t\t\t\t<div class=\"elementor-shape elementor-shape-bottom\" data-negative=\"false\">\n\t\t\t<svg xmlns=\"http:\/\/www.w3.org\/2000\/svg\" viewBox=\"0 0 1000 100\" preserveAspectRatio=\"none\">\n\t<path class=\"elementor-shape-fill\" d=\"M761.9,44.1L643.1,27.2L333.8,98L0,3.8V0l1000,0v3.9\"\/>\n<\/svg>\t\t<\/div>\n\t\t\t\t\t<div class=\"elementor-container elementor-column-gap-default\">\n\t\t\t\t\t<div class=\"elementor-column elementor-col-100 elementor-top-column elementor-element elementor-element-6895064\" data-id=\"6895064\" data-element_type=\"column\">\n\t\t\t<div class=\"elementor-widget-wrap elementor-element-populated\">\n\t\t\t\t\t\t\t\t<div class=\"elementor-element elementor-element-86da7f2 elementor-widget elementor-widget-heading\" data-id=\"86da7f2\" data-element_type=\"widget\" data-widget_type=\"heading.default\">\n\t\t\t\t<div class=\"elementor-widget-container\">\n\t\t\t<h2 class=\"elementor-heading-title elementor-size-xl\">\nBRAN\u017bowo\u015b\u0107<\/h2>\t\t<\/div>\n\t\t\t\t<\/div>\n\t\t\t\t\t<\/div>\n\t\t<\/div>\n\t\t\t\t\t\t\t<\/div>\n\t\t<\/section>\n\t\t\t\t<section class=\"elementor-section elementor-top-section elementor-element elementor-element-97f13eb elementor-section-height-min-height elementor-section-boxed elementor-section-height-default elementor-section-items-middle\" data-id=\"97f13eb\" data-element_type=\"section\" data-settings=\"{&quot;background_background&quot;:&quot;classic&quot;}\">\n\t\t\t\t\t\t<div class=\"elementor-container elementor-column-gap-default\">\n\t\t\t\t\t<div class=\"elementor-column elementor-col-50 elementor-top-column elementor-element elementor-element-b751493\" data-id=\"b751493\" data-element_type=\"column\" data-settings=\"{&quot;background_background&quot;:&quot;classic&quot;}\">\n\t\t\t<div class=\"elementor-widget-wrap elementor-element-populated\">\n\t\t\t\t\t\t\t\t<div class=\"elementor-element elementor-element-accd6b1 elementor-widget elementor-widget-image\" data-id=\"accd6b1\" data-element_type=\"widget\" data-widget_type=\"image.default\">\n\t\t\t\t<div class=\"elementor-widget-container\">\n\t\t\t\t\t\t\t\t\t\t\t\t\t\t\t<img loading=\"lazy\" decoding=\"async\" width=\"1024\" height=\"1024\" src=\"https:\/\/www.rb-poland.com\/wp-content\/uploads\/2021\/12\/logistyka-1024x1024.png\" class=\"attachment-large size-large\" alt=\"\" srcset=\"https:\/\/www.rb-poland.com\/wp-content\/uploads\/2021\/12\/logistyka-1024x1024.png 1024w, https:\/\/www.rb-poland.com\/wp-content\/uploads\/2021\/12\/logistyka-300x300.png 300w, https:\/\/www.rb-poland.com\/wp-content\/uploads\/2021\/12\/logistyka-150x150.png 150w, https:\/\/www.rb-poland.com\/wp-content\/uploads\/2021\/12\/logistyka-768x768.png 768w, https:\/\/www.rb-poland.com\/wp-content\/uploads\/2021\/12\/logistyka.png 1200w\" sizes=\"auto, (max-width: 1024px) 100vw, 1024px\" \/>\t\t\t\t\t\t\t\t\t\t\t\t\t\t\t<\/div>\n\t\t\t\t<\/div>\n\t\t\t\t\t<\/div>\n\t\t<\/div>\n\t\t\t\t<div class=\"elementor-column elementor-col-50 elementor-top-column elementor-element elementor-element-54727e9\" data-id=\"54727e9\" data-element_type=\"column\" data-settings=\"{&quot;background_background&quot;:&quot;classic&quot;}\">\n\t\t\t<div class=\"elementor-widget-wrap elementor-element-populated\">\n\t\t\t\t\t\t\t\t<div class=\"elementor-element elementor-element-9c5e88c elementor-widget elementor-widget-image\" data-id=\"9c5e88c\" data-element_type=\"widget\" data-widget_type=\"image.default\">\n\t\t\t\t<div class=\"elementor-widget-container\">\n\t\t\t\t\t\t\t\t\t\t\t\t\t\t\t<img loading=\"lazy\" decoding=\"async\" width=\"1024\" height=\"698\" src=\"https:\/\/www.rb-poland.com\/wp-content\/uploads\/2021\/11\/pexels-tom-fisk-3076002-1024x698.jpg\" class=\"attachment-large size-large\" alt=\"\" srcset=\"https:\/\/www.rb-poland.com\/wp-content\/uploads\/2021\/11\/pexels-tom-fisk-3076002-1024x698.jpg 1024w, https:\/\/www.rb-poland.com\/wp-content\/uploads\/2021\/11\/pexels-tom-fisk-3076002-300x204.jpg 300w, https:\/\/www.rb-poland.com\/wp-content\/uploads\/2021\/11\/pexels-tom-fisk-3076002-768x523.jpg 768w, https:\/\/www.rb-poland.com\/wp-content\/uploads\/2021\/11\/pexels-tom-fisk-3076002-1536x1047.jpg 1536w, https:\/\/www.rb-poland.com\/wp-content\/uploads\/2021\/11\/pexels-tom-fisk-3076002-2048x1396.jpg 2048w\" sizes=\"auto, (max-width: 1024px) 100vw, 1024px\" \/>\t\t\t\t\t\t\t\t\t\t\t\t\t\t\t<\/div>\n\t\t\t\t<\/div>\n\t\t\t\t\t<\/div>\n\t\t<\/div>\n\t\t\t\t\t\t\t<\/div>\n\t\t<\/section>\n\t\t\t\t\t\t<\/div>\n\t\t\t\t\t<\/div>\n\t\t","protected":false},"excerpt":{"rendered":"<p>Technologia AGV Zajmujemy si\u0119 produkcj\u0105 pojazd\u00f3w sterowanych automatycznie (AGV). Nawigacja \u0141atwa konfiguracja trasy Stabilne prowadzenie autonomiczne w r\u00f3\u017cnych warunkach na terenach przemys\u0142owych Odporno\u015b\u0107 na warunki atmosferyczne Poziom bezpiecze\u0144stwa PL-d zar\u00f3wno wewn\u0105trz, jak i na zewn\u0105trz Dynamiczny wyb\u00f3r punkt\u00f3w odbioru i dostawy Integracja Integracja z PLC\/IO_Devices na liniach produkcyjnych Bezpieczna integracja z automatycznymi drzwiami i bramami&hellip;&nbsp;<a href=\"https:\/\/www.rb-poland.com\/?page_id=1859&#038;lang=pl\" class=\"\" rel=\"bookmark\">Read More &raquo;<span class=\"screen-reader-text\">Industries Page<\/span><\/a><\/p>\n","protected":false},"author":1,"featured_media":0,"parent":0,"menu_order":0,"comment_status":"closed","ping_status":"closed","template":"page-templates\/template-pagebuilder-full-width.php","meta":{"om_disable_all_campaigns":false,"_monsterinsights_skip_tracking":false,"_monsterinsights_sitenote_active":false,"_monsterinsights_sitenote_note":"","_monsterinsights_sitenote_category":0,"neve_meta_sidebar":"full-width","neve_meta_container":"","neve_meta_enable_content_width":"on","neve_meta_content_width":100,"neve_meta_title_alignment":"","neve_meta_author_avatar":"","neve_post_elements_order":"","neve_meta_disable_header":"","neve_meta_disable_footer":"","neve_meta_disable_title":"","footnotes":""},"class_list":["post-1859","page","type-page","status-publish","hentry"],"yoast_head":"<!-- This site is optimized with the Yoast SEO plugin v17.9 - https:\/\/yoast.com\/wordpress\/plugins\/seo\/ -->\r\n<title>Industries Page &#8902; RB POLAND<\/title>\r\n<meta name=\"robots\" content=\"index, follow, max-snippet:-1, max-image-preview:large, max-video-preview:-1\" \/>\r\n<link rel=\"canonical\" href=\"https:\/\/www.rb-poland.com\/?page_id=1859&#038;lang=pl\" \/>\r\n<meta property=\"og:locale\" content=\"en_US\" \/>\r\n<meta property=\"og:type\" content=\"article\" \/>\r\n<meta property=\"og:title\" content=\"Industries Page &#8902; RB POLAND\" \/>\r\n<meta property=\"og:description\" content=\"Technologia AGV Zajmujemy si\u0119 produkcj\u0105 pojazd\u00f3w sterowanych automatycznie (AGV). Nawigacja \u0141atwa konfiguracja trasy Stabilne prowadzenie autonomiczne w r\u00f3\u017cnych warunkach na terenach przemys\u0142owych Odporno\u015b\u0107 na warunki atmosferyczne Poziom bezpiecze\u0144stwa PL-d zar\u00f3wno wewn\u0105trz, jak i na zewn\u0105trz Dynamiczny wyb\u00f3r punkt\u00f3w odbioru i dostawy Integracja Integracja z PLC\/IO_Devices na liniach produkcyjnych Bezpieczna integracja z automatycznymi drzwiami i bramami&hellip;&nbsp;Read More &raquo;Industries Page\" \/>\r\n<meta property=\"og:url\" content=\"https:\/\/www.rb-poland.com\/?page_id=1859&amp;lang=pl\" \/>\r\n<meta property=\"og:site_name\" content=\"RB POLAND\" \/>\r\n<meta property=\"article:modified_time\" content=\"2022-01-22T11:42:28+00:00\" \/>\r\n<meta property=\"og:image\" content=\"http:\/\/www.rb-poland.com\/wp-content\/uploads\/2021\/12\/logistyka-1024x1024.png\" \/>\r\n<meta name=\"twitter:card\" content=\"summary_large_image\" \/>\r\n<meta name=\"twitter:label1\" content=\"Est. reading time\" \/>\n\t<meta name=\"twitter:data1\" content=\"1 minute\" \/>\r\n<script type=\"application\/ld+json\" class=\"yoast-schema-graph\">{\"@context\":\"https:\/\/schema.org\",\"@graph\":[{\"@type\":\"Organization\",\"@id\":\"https:\/\/www.rb-poland.com\/#organization\",\"name\":\"RB Poland\",\"url\":\"https:\/\/www.rb-poland.com\/\",\"sameAs\":[],\"logo\":{\"@type\":\"ImageObject\",\"@id\":\"https:\/\/www.rb-poland.com\/#logo\",\"inLanguage\":\"en-US\",\"url\":\"http:\/\/www.rb-poland.com\/wp-content\/uploads\/2021\/05\/logo-final.png\",\"contentUrl\":\"http:\/\/www.rb-poland.com\/wp-content\/uploads\/2021\/05\/logo-final.png\",\"width\":1387,\"height\":567,\"caption\":\"RB Poland\"},\"image\":{\"@id\":\"https:\/\/www.rb-poland.com\/#logo\"}},{\"@type\":\"WebSite\",\"@id\":\"https:\/\/www.rb-poland.com\/#website\",\"url\":\"https:\/\/www.rb-poland.com\/\",\"name\":\"RB POLAND2\",\"description\":\"SAVE TIME AND ENERGY WITH OUR MOBILE ROBOTS!\",\"publisher\":{\"@id\":\"https:\/\/www.rb-poland.com\/#organization\"},\"potentialAction\":[{\"@type\":\"SearchAction\",\"target\":{\"@type\":\"EntryPoint\",\"urlTemplate\":\"https:\/\/www.rb-poland.com\/?s={search_term_string}\"},\"query-input\":\"required name=search_term_string\"}],\"inLanguage\":\"en-US\"},{\"@type\":\"ImageObject\",\"@id\":\"https:\/\/www.rb-poland.com\/?page_id=1859&lang=pl#primaryimage\",\"inLanguage\":\"en-US\",\"url\":\"http:\/\/www.rb-poland.com\/wp-content\/uploads\/2021\/12\/logistyka-1024x1024.png\",\"contentUrl\":\"http:\/\/www.rb-poland.com\/wp-content\/uploads\/2021\/12\/logistyka-1024x1024.png\"},{\"@type\":\"WebPage\",\"@id\":\"https:\/\/www.rb-poland.com\/?page_id=1859&lang=pl#webpage\",\"url\":\"https:\/\/www.rb-poland.com\/?page_id=1859&lang=pl\",\"name\":\"Industries Page &#8902; RB POLAND\",\"isPartOf\":{\"@id\":\"https:\/\/www.rb-poland.com\/#website\"},\"primaryImageOfPage\":{\"@id\":\"https:\/\/www.rb-poland.com\/?page_id=1859&lang=pl#primaryimage\"},\"datePublished\":\"2021-11-21T15:27:23+00:00\",\"dateModified\":\"2022-01-22T11:42:28+00:00\",\"breadcrumb\":{\"@id\":\"https:\/\/www.rb-poland.com\/?page_id=1859&lang=pl#breadcrumb\"},\"inLanguage\":\"en-US\",\"potentialAction\":[{\"@type\":\"ReadAction\",\"target\":[\"https:\/\/www.rb-poland.com\/?page_id=1859&lang=pl\"]}]},{\"@type\":\"BreadcrumbList\",\"@id\":\"https:\/\/www.rb-poland.com\/?page_id=1859&lang=pl#breadcrumb\",\"itemListElement\":[{\"@type\":\"ListItem\",\"position\":1,\"name\":\"Strona g\\u0142\\u00f3wna\",\"item\":\"http:\/\/www.rb-poland.com\/?page_id=7&lang=pl\"},{\"@type\":\"ListItem\",\"position\":2,\"name\":\"Industries Page\"}]}]}<\/script>\r\n<!-- \/ Yoast SEO plugin. -->","yoast_head_json":{"title":"Industries Page &#8902; RB POLAND","robots":{"index":"index","follow":"follow","max-snippet":"max-snippet:-1","max-image-preview":"max-image-preview:large","max-video-preview":"max-video-preview:-1"},"canonical":"https:\/\/www.rb-poland.com\/?page_id=1859&lang=pl","og_locale":"en_US","og_type":"article","og_title":"Industries Page &#8902; RB POLAND","og_description":"Technologia AGV Zajmujemy si\u0119 produkcj\u0105 pojazd\u00f3w sterowanych automatycznie (AGV). Nawigacja \u0141atwa konfiguracja trasy Stabilne prowadzenie autonomiczne w r\u00f3\u017cnych warunkach na terenach przemys\u0142owych Odporno\u015b\u0107 na warunki atmosferyczne Poziom bezpiecze\u0144stwa PL-d zar\u00f3wno wewn\u0105trz, jak i na zewn\u0105trz Dynamiczny wyb\u00f3r punkt\u00f3w odbioru i dostawy Integracja Integracja z PLC\/IO_Devices na liniach produkcyjnych Bezpieczna integracja z automatycznymi drzwiami i bramami&hellip;&nbsp;Read More &raquo;Industries Page","og_url":"https:\/\/www.rb-poland.com\/?page_id=1859&lang=pl","og_site_name":"RB POLAND","article_modified_time":"2022-01-22T11:42:28+00:00","og_image":[{"url":"http:\/\/www.rb-poland.com\/wp-content\/uploads\/2021\/12\/logistyka-1024x1024.png"}],"twitter_card":"summary_large_image","twitter_misc":{"Est. reading time":"1 minute"},"schema":{"@context":"https:\/\/schema.org","@graph":[{"@type":"Organization","@id":"https:\/\/www.rb-poland.com\/#organization","name":"RB Poland","url":"https:\/\/www.rb-poland.com\/","sameAs":[],"logo":{"@type":"ImageObject","@id":"https:\/\/www.rb-poland.com\/#logo","inLanguage":"en-US","url":"http:\/\/www.rb-poland.com\/wp-content\/uploads\/2021\/05\/logo-final.png","contentUrl":"http:\/\/www.rb-poland.com\/wp-content\/uploads\/2021\/05\/logo-final.png","width":1387,"height":567,"caption":"RB Poland"},"image":{"@id":"https:\/\/www.rb-poland.com\/#logo"}},{"@type":"WebSite","@id":"https:\/\/www.rb-poland.com\/#website","url":"https:\/\/www.rb-poland.com\/","name":"RB POLAND2","description":"SAVE TIME AND ENERGY WITH OUR MOBILE ROBOTS!","publisher":{"@id":"https:\/\/www.rb-poland.com\/#organization"},"potentialAction":[{"@type":"SearchAction","target":{"@type":"EntryPoint","urlTemplate":"https:\/\/www.rb-poland.com\/?s={search_term_string}"},"query-input":"required name=search_term_string"}],"inLanguage":"en-US"},{"@type":"ImageObject","@id":"https:\/\/www.rb-poland.com\/?page_id=1859&lang=pl#primaryimage","inLanguage":"en-US","url":"http:\/\/www.rb-poland.com\/wp-content\/uploads\/2021\/12\/logistyka-1024x1024.png","contentUrl":"http:\/\/www.rb-poland.com\/wp-content\/uploads\/2021\/12\/logistyka-1024x1024.png"},{"@type":"WebPage","@id":"https:\/\/www.rb-poland.com\/?page_id=1859&lang=pl#webpage","url":"https:\/\/www.rb-poland.com\/?page_id=1859&lang=pl","name":"Industries Page &#8902; RB POLAND","isPartOf":{"@id":"https:\/\/www.rb-poland.com\/#website"},"primaryImageOfPage":{"@id":"https:\/\/www.rb-poland.com\/?page_id=1859&lang=pl#primaryimage"},"datePublished":"2021-11-21T15:27:23+00:00","dateModified":"2022-01-22T11:42:28+00:00","breadcrumb":{"@id":"https:\/\/www.rb-poland.com\/?page_id=1859&lang=pl#breadcrumb"},"inLanguage":"en-US","potentialAction":[{"@type":"ReadAction","target":["https:\/\/www.rb-poland.com\/?page_id=1859&lang=pl"]}]},{"@type":"BreadcrumbList","@id":"https:\/\/www.rb-poland.com\/?page_id=1859&lang=pl#breadcrumb","itemListElement":[{"@type":"ListItem","position":1,"name":"Strona g\u0142\u00f3wna","item":"http:\/\/www.rb-poland.com\/?page_id=7&lang=pl"},{"@type":"ListItem","position":2,"name":"Industries Page"}]}]}},"_links":{"self":[{"href":"https:\/\/www.rb-poland.com\/index.php?rest_route=\/wp\/v2\/pages\/1859","targetHints":{"allow":["GET"]}}],"collection":[{"href":"https:\/\/www.rb-poland.com\/index.php?rest_route=\/wp\/v2\/pages"}],"about":[{"href":"https:\/\/www.rb-poland.com\/index.php?rest_route=\/wp\/v2\/types\/page"}],"author":[{"embeddable":true,"href":"https:\/\/www.rb-poland.com\/index.php?rest_route=\/wp\/v2\/users\/1"}],"replies":[{"embeddable":true,"href":"https:\/\/www.rb-poland.com\/index.php?rest_route=%2Fwp%2Fv2%2Fcomments&post=1859"}],"version-history":[{"count":13,"href":"https:\/\/www.rb-poland.com\/index.php?rest_route=\/wp\/v2\/pages\/1859\/revisions"}],"predecessor-version":[{"id":2652,"href":"https:\/\/www.rb-poland.com\/index.php?rest_route=\/wp\/v2\/pages\/1859\/revisions\/2652"}],"wp:attachment":[{"href":"https:\/\/www.rb-poland.com\/index.php?rest_route=%2Fwp%2Fv2%2Fmedia&parent=1859"}],"curies":[{"name":"wp","href":"https:\/\/api.w.org\/{rel}","templated":true}]}}