{"id":704,"date":"2021-05-16T10:32:43","date_gmt":"2021-05-16T08:32:43","guid":{"rendered":"https:\/\/testowa-rowniczanska-strona.xyz\/?page_id=704"},"modified":"2023-04-18T10:48:55","modified_gmt":"2023-04-18T08:48:55","slug":"agv-t03","status":"publish","type":"page","link":"http:\/\/www.rb-poland.com\/?page_id=704&lang=pl","title":{"rendered":"AGV T3X"},"content":{"rendered":"\t\t<div data-elementor-type=\"wp-page\" data-elementor-id=\"704\" class=\"elementor elementor-704\" data-elementor-settings=\"[]\">\n\t\t\t\t\t\t\t<div class=\"elementor-section-wrap\">\n\t\t\t\t\t\t\t<section class=\"elementor-section elementor-top-section elementor-element elementor-element-5305797 elementor-section-full_width elementor-section-height-default elementor-section-height-default\" data-id=\"5305797\" data-element_type=\"section\" data-settings=\"{&quot;background_background&quot;:&quot;classic&quot;}\">\n\t\t\t\t\t\t<div class=\"elementor-container elementor-column-gap-default\">\n\t\t\t\t\t<div class=\"elementor-column elementor-col-100 elementor-top-column elementor-element elementor-element-339b772\" data-id=\"339b772\" data-element_type=\"column\">\n\t\t\t<div class=\"elementor-widget-wrap elementor-element-populated\">\n\t\t\t\t\t\t\t\t<div class=\"elementor-element elementor-element-32a10aa elementor-widget elementor-widget-heading\" data-id=\"32a10aa\" data-element_type=\"widget\" data-widget_type=\"heading.default\">\n\t\t\t\t<div class=\"elementor-widget-container\">\n\t\t\t<h1 class=\"elementor-heading-title elementor-size-default\">AGV T32\/T33<\/h1>\t\t<\/div>\n\t\t\t\t<\/div>\n\t\t\t\t\t<\/div>\n\t\t<\/div>\n\t\t\t\t\t\t\t<\/div>\n\t\t<\/section>\n\t\t\t\t<section class=\"elementor-section elementor-top-section elementor-element elementor-element-200c5d4 elementor-section-boxed elementor-section-height-default elementor-section-height-default\" data-id=\"200c5d4\" data-element_type=\"section\" data-settings=\"{&quot;background_background&quot;:&quot;classic&quot;}\">\n\t\t\t\t\t\t<div class=\"elementor-container elementor-column-gap-default\">\n\t\t\t\t\t<div class=\"elementor-column elementor-col-50 elementor-top-column elementor-element elementor-element-45cf138\" data-id=\"45cf138\" data-element_type=\"column\">\n\t\t\t<div class=\"elementor-widget-wrap elementor-element-populated\">\n\t\t\t\t\t\t\t\t<div class=\"elementor-element elementor-element-985a6f0 elementor-icon-list--layout-traditional elementor-list-item-link-full_width elementor-widget elementor-widget-icon-list\" data-id=\"985a6f0\" data-element_type=\"widget\" data-widget_type=\"icon-list.default\">\n\t\t\t\t<div class=\"elementor-widget-container\">\n\t\t\t\t\t<ul class=\"elementor-icon-list-items\">\n\t\t\t\t\t\t\t<li class=\"elementor-icon-list-item\">\n\t\t\t\t\t\t\t\t\t\t\t<span class=\"elementor-icon-list-icon\">\n\t\t\t\t\t\t\t<i aria-hidden=\"true\" class=\"far fa-window-maximize\"><\/i>\t\t\t\t\t\t<\/span>\n\t\t\t\t\t\t\t\t\t\t<span class=\"elementor-icon-list-text\">WAGA: oko\u0142o 250KG<\/span>\n\t\t\t\t\t\t\t\t\t<\/li>\n\t\t\t\t\t\t\t\t<li class=\"elementor-icon-list-item\">\n\t\t\t\t\t\t\t\t\t\t\t<span class=\"elementor-icon-list-icon\">\n\t\t\t\t\t\t\t<i aria-hidden=\"true\" class=\"fas fa-truck-loading\"><\/i>\t\t\t\t\t\t<\/span>\n\t\t\t\t\t\t\t\t\t\t<span class=\"elementor-icon-list-text\">MAKSYMALNY UCI\u0104G: 3000KG<\/span>\n\t\t\t\t\t\t\t\t\t<\/li>\n\t\t\t\t\t\t\t\t<li class=\"elementor-icon-list-item\">\n\t\t\t\t\t\t\t\t\t\t\t<span class=\"elementor-icon-list-icon\">\n\t\t\t\t\t\t\t<i aria-hidden=\"true\" class=\"fas fa-broadcast-tower\"><\/i>\t\t\t\t\t\t<\/span>\n\t\t\t\t\t\t\t\t\t\t<span class=\"elementor-icon-list-text\">NAWIGACJA - ta\u015bma magnetyczna lub optyczna.<\/span>\n\t\t\t\t\t\t\t\t\t<\/li>\n\t\t\t\t\t\t\t\t<li class=\"elementor-icon-list-item\">\n\t\t\t\t\t\t\t\t\t\t\t<span class=\"elementor-icon-list-icon\">\n\t\t\t\t\t\t\t<i aria-hidden=\"true\" class=\"fas fa-bullseye\"><\/i>\t\t\t\t\t\t<\/span>\n\t\t\t\t\t\t\t\t\t\t<span class=\"elementor-icon-list-text\">Hak automatyczny, r\u0119czny lub specjalny na \u017cyczenie klienta.<\/span>\n\t\t\t\t\t\t\t\t\t<\/li>\n\t\t\t\t\t\t\t\t<li class=\"elementor-icon-list-item\">\n\t\t\t\t\t\t\t\t\t\t\t<span class=\"elementor-icon-list-icon\">\n\t\t\t\t\t\t\t<i aria-hidden=\"true\" class=\"far fa-lightbulb\"><\/i>\t\t\t\t\t\t<\/span>\n\t\t\t\t\t\t\t\t\t\t<span class=\"elementor-icon-list-text\">Sygnalizacja \u015bwietlna LED<\/span>\n\t\t\t\t\t\t\t\t\t<\/li>\n\t\t\t\t\t\t\t\t<li class=\"elementor-icon-list-item\">\n\t\t\t\t\t\t\t\t\t\t\t<span class=\"elementor-icon-list-icon\">\n\t\t\t\t\t\t\t<i aria-hidden=\"true\" class=\"fas fa-charging-station\"><\/i>\t\t\t\t\t\t<\/span>\n\t\t\t\t\t\t\t\t\t\t<span class=\"elementor-icon-list-text\">Mo\u017cliwo\u015b\u0107 automatycznego \u0142adowania baterii lub r\u0119czna wymiana baterii<\/span>\n\t\t\t\t\t\t\t\t\t<\/li>\n\t\t\t\t\t\t\t\t<li class=\"elementor-icon-list-item\">\n\t\t\t\t\t\t\t\t\t\t\t<span class=\"elementor-icon-list-icon\">\n\t\t\t\t\t\t\t<i aria-hidden=\"true\" class=\"fas fa-chess-board\"><\/i>\t\t\t\t\t\t<\/span>\n\t\t\t\t\t\t\t\t\t\t<span class=\"elementor-icon-list-text\">Rama AGV wykonana w ca\u0142o\u015bci z blachy. <\/span>\n\t\t\t\t\t\t\t\t\t<\/li>\n\t\t\t\t\t\t\t\t<li class=\"elementor-icon-list-item\">\n\t\t\t\t\t\t\t\t\t\t\t<span class=\"elementor-icon-list-icon\">\n\t\t\t\t\t\t\t<i aria-hidden=\"true\" class=\"fas fa-futbol\"><\/i>\t\t\t\t\t\t<\/span>\n\t\t\t\t\t\t\t\t\t\t<span class=\"elementor-icon-list-text\"> AGV posiada 3 silniki : nap\u0119dowo-skr\u0119tny - 200W \/ 400W \/ 600W oraz 2 silniki nap\u0119dowe o mocy 200W<\/span>\n\t\t\t\t\t\t\t\t\t<\/li>\n\t\t\t\t\t\t<\/ul>\n\t\t\t\t<\/div>\n\t\t\t\t<\/div>\n\t\t\t\t\t<\/div>\n\t\t<\/div>\n\t\t\t\t<div class=\"elementor-column elementor-col-50 elementor-top-column elementor-element elementor-element-4029f24\" data-id=\"4029f24\" data-element_type=\"column\">\n\t\t\t<div class=\"elementor-widget-wrap elementor-element-populated\">\n\t\t\t\t\t\t\t\t<div class=\"elementor-element elementor-element-1c19581 elementor-widget elementor-widget-image\" data-id=\"1c19581\" data-element_type=\"widget\" data-widget_type=\"image.default\">\n\t\t\t\t<div class=\"elementor-widget-container\">\n\t\t\t\t\t\t\t\t\t\t\t\t\t\t\t<img loading=\"lazy\" decoding=\"async\" width=\"896\" height=\"1006\" src=\"http:\/\/www.rb-poland.com\/wp-content\/uploads\/2021\/05\/T3X.3-bez-napisu.png\" class=\"attachment-large size-large\" alt=\"\" srcset=\"http:\/\/www.rb-poland.com\/wp-content\/uploads\/2021\/05\/T3X.3-bez-napisu.png 896w, http:\/\/www.rb-poland.com\/wp-content\/uploads\/2021\/05\/T3X.3-bez-napisu-267x300.png 267w, http:\/\/www.rb-poland.com\/wp-content\/uploads\/2021\/05\/T3X.3-bez-napisu-768x862.png 768w\" sizes=\"auto, (max-width: 896px) 100vw, 896px\" \/>\t\t\t\t\t\t\t\t\t\t\t\t\t\t\t<\/div>\n\t\t\t\t<\/div>\n\t\t\t\t\t<\/div>\n\t\t<\/div>\n\t\t\t\t\t\t\t<\/div>\n\t\t<\/section>\n\t\t\t\t<section class=\"elementor-section elementor-top-section elementor-element elementor-element-59e6570 elementor-section-full_width elementor-section-height-default elementor-section-height-default\" data-id=\"59e6570\" data-element_type=\"section\">\n\t\t\t\t\t\t<div class=\"elementor-container elementor-column-gap-default\">\n\t\t\t\t\t<div class=\"elementor-column elementor-col-100 elementor-top-column elementor-element elementor-element-26b0974\" data-id=\"26b0974\" data-element_type=\"column\">\n\t\t\t<div class=\"elementor-widget-wrap elementor-element-populated\">\n\t\t\t\t\t\t\t\t<div class=\"elementor-element elementor-element-aa62e7a elementor-widget elementor-widget-heading\" data-id=\"aa62e7a\" data-element_type=\"widget\" data-widget_type=\"heading.default\">\n\t\t\t\t<div class=\"elementor-widget-container\">\n\t\t\t<h1 class=\"elementor-heading-title elementor-size-default\">GALERIA<\/h1>\t\t<\/div>\n\t\t\t\t<\/div>\n\t\t\t\t\t<\/div>\n\t\t<\/div>\n\t\t\t\t\t\t\t<\/div>\n\t\t<\/section>\n\t\t\t\t<section class=\"elementor-section elementor-top-section elementor-element elementor-element-1695528 elementor-section-full_width elementor-section-height-default elementor-section-height-default\" data-id=\"1695528\" data-element_type=\"section\" data-settings=\"{&quot;background_background&quot;:&quot;classic&quot;,&quot;shape_divider_bottom&quot;:&quot;opacity-tilt&quot;}\">\n\t\t\t\t\t\t\t<div class=\"elementor-background-overlay\"><\/div>\n\t\t\t\t\t\t<div class=\"elementor-shape elementor-shape-bottom\" data-negative=\"false\">\n\t\t\t<svg xmlns=\"http:\/\/www.w3.org\/2000\/svg\" viewBox=\"0 0 2600 131.1\" preserveAspectRatio=\"none\">\n\t<path class=\"elementor-shape-fill\" d=\"M0 0L2600 0 2600 69.1 0 0z\"\/>\n\t<path class=\"elementor-shape-fill\" style=\"opacity:0.5\" d=\"M0 0L2600 0 2600 69.1 0 69.1z\"\/>\n\t<path class=\"elementor-shape-fill\" style=\"opacity:0.25\" d=\"M2600 0L0 0 0 130.1 2600 69.1z\"\/>\n<\/svg>\t\t<\/div>\n\t\t\t\t\t<div class=\"elementor-container elementor-column-gap-default\">\n\t\t\t\t\t<div class=\"elementor-column elementor-col-50 elementor-top-column elementor-element elementor-element-9bb9cba\" data-id=\"9bb9cba\" data-element_type=\"column\" data-settings=\"{&quot;background_background&quot;:&quot;classic&quot;}\">\n\t\t\t<div class=\"elementor-widget-wrap elementor-element-populated\">\n\t\t\t\t\t\t\t\t<div class=\"elementor-element elementor-element-1271773 elementor-align-justify elementor-widget elementor-widget-button\" data-id=\"1271773\" data-element_type=\"widget\" data-widget_type=\"button.default\">\n\t\t\t\t<div class=\"elementor-widget-container\">\n\t\t\t\t\t<div class=\"elementor-button-wrapper\">\n\t\t\t<a href=\"#\" class=\"elementor-button-link elementor-button elementor-size-lg\" role=\"button\">\n\t\t\t\t\t\t<span class=\"elementor-button-content-wrapper\">\n\t\t\t\t\t\t<span class=\"elementor-button-text\">TYP T32\/T33<\/span>\n\t\t<\/span>\n\t\t\t\t\t<\/a>\n\t\t<\/div>\n\t\t\t\t<\/div>\n\t\t\t\t<\/div>\n\t\t\t\t<div class=\"elementor-element elementor-element-3eb95b6 elementor-widget elementor-widget-image-gallery\" data-id=\"3eb95b6\" data-element_type=\"widget\" data-widget_type=\"image-gallery.default\">\n\t\t\t\t<div class=\"elementor-widget-container\">\n\t\t\t\t\t<div class=\"elementor-image-gallery\">\n\t\t\t<div id='gallery-1' class='gallery galleryid-704 gallery-columns-3 gallery-size-neve-blog'><dl class='gallery-item'>\n\t\t\t<dt class='gallery-icon landscape'>\n\t\t\t\t<a data-elementor-open-lightbox=\"yes\" data-elementor-lightbox-slideshow=\"3eb95b6\" data-elementor-lightbox-title=\"P1023056 (Kopiowanie)\" href='http:\/\/www.rb-poland.com\/wp-content\/uploads\/2021\/10\/P1023056-Kopiowanie-scaled.jpg'><img loading=\"lazy\" decoding=\"async\" width=\"930\" height=\"620\" src=\"http:\/\/www.rb-poland.com\/wp-content\/uploads\/2021\/10\/P1023056-Kopiowanie-930x620.jpg\" class=\"attachment-neve-blog size-neve-blog\" alt=\"\" \/><\/a>\n\t\t\t<\/dt><\/dl><dl class='gallery-item'>\n\t\t\t<dt class='gallery-icon landscape'>\n\t\t\t\t<a data-elementor-open-lightbox=\"yes\" data-elementor-lightbox-slideshow=\"3eb95b6\" data-elementor-lightbox-title=\"P1023058 (Kopiowanie)\" href='http:\/\/www.rb-poland.com\/wp-content\/uploads\/2021\/10\/P1023058-Kopiowanie-scaled.jpg'><img loading=\"lazy\" decoding=\"async\" width=\"930\" height=\"620\" src=\"http:\/\/www.rb-poland.com\/wp-content\/uploads\/2021\/10\/P1023058-Kopiowanie-930x620.jpg\" class=\"attachment-neve-blog size-neve-blog\" alt=\"\" \/><\/a>\n\t\t\t<\/dt><\/dl><dl class='gallery-item'>\n\t\t\t<dt class='gallery-icon landscape'>\n\t\t\t\t<a data-elementor-open-lightbox=\"yes\" data-elementor-lightbox-slideshow=\"3eb95b6\" data-elementor-lightbox-title=\"P1023060 (Kopiowanie)\" href='http:\/\/www.rb-poland.com\/wp-content\/uploads\/2021\/10\/P1023060-Kopiowanie.jpg'><img loading=\"lazy\" decoding=\"async\" width=\"930\" height=\"620\" src=\"http:\/\/www.rb-poland.com\/wp-content\/uploads\/2021\/10\/P1023060-Kopiowanie-930x620.jpg\" class=\"attachment-neve-blog size-neve-blog\" alt=\"\" srcset=\"http:\/\/www.rb-poland.com\/wp-content\/uploads\/2021\/10\/P1023060-Kopiowanie-930x620.jpg 930w, http:\/\/www.rb-poland.com\/wp-content\/uploads\/2021\/10\/P1023060-Kopiowanie-300x201.jpg 300w\" sizes=\"auto, (max-width: 930px) 100vw, 930px\" \/><\/a>\n\t\t\t<\/dt><\/dl><br style=\"clear: both\" \/><dl class='gallery-item'>\n\t\t\t<dt class='gallery-icon landscape'>\n\t\t\t\t<a data-elementor-open-lightbox=\"yes\" data-elementor-lightbox-slideshow=\"3eb95b6\" data-elementor-lightbox-title=\"P1023061 (Kopiowanie)\" href='http:\/\/www.rb-poland.com\/wp-content\/uploads\/2021\/10\/P1023061-Kopiowanie-scaled.jpg'><img loading=\"lazy\" decoding=\"async\" width=\"930\" height=\"620\" src=\"http:\/\/www.rb-poland.com\/wp-content\/uploads\/2021\/10\/P1023061-Kopiowanie-930x620.jpg\" class=\"attachment-neve-blog size-neve-blog\" alt=\"\" \/><\/a>\n\t\t\t<\/dt><\/dl>\n\t\t\t<br style='clear: both' \/>\n\t\t<\/div>\n\t\t<\/div>\n\t\t\t\t<\/div>\n\t\t\t\t<\/div>\n\t\t\t\t\t<\/div>\n\t\t<\/div>\n\t\t\t\t<div class=\"elementor-column elementor-col-50 elementor-top-column elementor-element elementor-element-24d4141\" data-id=\"24d4141\" data-element_type=\"column\">\n\t\t\t<div class=\"elementor-widget-wrap elementor-element-populated\">\n\t\t\t\t\t\t\t\t<div class=\"elementor-element elementor-element-cc41dda elementor-aspect-ratio-169 elementor-widget elementor-widget-video\" data-id=\"cc41dda\" data-element_type=\"widget\" data-settings=\"{&quot;youtube_url&quot;:&quot;https:\\\/\\\/www.youtube.com\\\/watch?v=b35ZmHmqaG4&quot;,&quot;lazy_load&quot;:&quot;yes&quot;,&quot;video_type&quot;:&quot;youtube&quot;,&quot;aspect_ratio&quot;:&quot;169&quot;}\" data-widget_type=\"video.default\">\n\t\t\t\t<div class=\"elementor-widget-container\">\n\t\t\t\t\t<div class=\"elementor-wrapper elementor-fit-aspect-ratio elementor-open-inline\">\n\t\t\t<div class=\"elementor-video\"><\/div>\t\t<\/div>\n\t\t\t\t<\/div>\n\t\t\t\t<\/div>\n\t\t\t\t\t<\/div>\n\t\t<\/div>\n\t\t\t\t\t\t\t<\/div>\n\t\t<\/section>\n\t\t\t\t<section class=\"elementor-section elementor-top-section elementor-element elementor-element-2d196b0 elementor-section-height-min-height elementor-section-boxed elementor-section-height-default elementor-section-items-middle\" data-id=\"2d196b0\" data-element_type=\"section\" data-settings=\"{&quot;background_background&quot;:&quot;classic&quot;}\">\n\t\t\t\t\t\t<div class=\"elementor-container elementor-column-gap-default\">\n\t\t\t\t\t<div class=\"elementor-column elementor-col-100 elementor-top-column elementor-element elementor-element-5a6dd1d\" data-id=\"5a6dd1d\" data-element_type=\"column\">\n\t\t\t<div class=\"elementor-widget-wrap elementor-element-populated\">\n\t\t\t\t\t\t\t\t<div class=\"elementor-element elementor-element-b3ad838 elementor-align-justify elementor-widget elementor-widget-button\" data-id=\"b3ad838\" data-element_type=\"widget\" data-widget_type=\"button.default\">\n\t\t\t\t<div class=\"elementor-widget-container\">\n\t\t\t\t\t<div class=\"elementor-button-wrapper\">\n\t\t\t<a href=\"http:\/\/www.rb-poland.com\/?page_id=360\" class=\"elementor-button-link elementor-button elementor-size-xl\" role=\"button\">\n\t\t\t\t\t\t<span class=\"elementor-button-content-wrapper\">\n\t\t\t\t\t\t<span class=\"elementor-button-text\">Skonsultuj si\u0119 z nami, odno\u015bnie zam\u00f3wienia<\/span>\n\t\t<\/span>\n\t\t\t\t\t<\/a>\n\t\t<\/div>\n\t\t\t\t<\/div>\n\t\t\t\t<\/div>\n\t\t\t\t\t<\/div>\n\t\t<\/div>\n\t\t\t\t\t\t\t<\/div>\n\t\t<\/section>\n\t\t\t\t\t\t<\/div>\n\t\t\t\t\t<\/div>\n\t\t","protected":false},"excerpt":{"rendered":"<p>AGV T32\/T33 WAGA: oko\u0142o 250KG MAKSYMALNY UCI\u0104G: 3000KG NAWIGACJA &#8211; ta\u015bma magnetyczna lub optyczna. Hak automatyczny, r\u0119czny lub specjalny na \u017cyczenie klienta. Sygnalizacja \u015bwietlna LED Mo\u017cliwo\u015b\u0107 automatycznego \u0142adowania baterii lub r\u0119czna wymiana baterii Rama AGV wykonana w ca\u0142o\u015bci z blachy. AGV posiada 3 silniki : nap\u0119dowo-skr\u0119tny &#8211; 200W \/ 400W \/ 600W oraz 2 silniki&hellip;&nbsp;<a href=\"http:\/\/www.rb-poland.com\/?page_id=704&#038;lang=pl\" class=\"\" rel=\"bookmark\">Read More &raquo;<span class=\"screen-reader-text\">AGV T3X<\/span><\/a><\/p>\n","protected":false},"author":1,"featured_media":0,"parent":0,"menu_order":0,"comment_status":"closed","ping_status":"closed","template":"page-templates\/template-pagebuilder-full-width.php","meta":{"om_disable_all_campaigns":false,"_monsterinsights_skip_tracking":false,"_monsterinsights_sitenote_active":false,"_monsterinsights_sitenote_note":"","_monsterinsights_sitenote_category":0,"neve_meta_sidebar":"full-width","neve_meta_container":"","neve_meta_enable_content_width":"on","neve_meta_content_width":100,"neve_meta_title_alignment":"","neve_meta_author_avatar":"","neve_post_elements_order":"","neve_meta_disable_header":"","neve_meta_disable_footer":"","neve_meta_disable_title":"","footnotes":""},"class_list":["post-704","page","type-page","status-publish","hentry"],"yoast_head":"<!-- This site is optimized with the Yoast SEO plugin v17.9 - https:\/\/yoast.com\/wordpress\/plugins\/seo\/ -->\r\n<title>AGV T3X &#8902; RB POLAND<\/title>\r\n<meta name=\"robots\" content=\"index, follow, max-snippet:-1, max-image-preview:large, max-video-preview:-1\" \/>\r\n<link rel=\"canonical\" href=\"http:\/\/www.rb-poland.com\/?page_id=704&#038;lang=pl\" \/>\r\n<meta property=\"og:locale\" content=\"en_US\" \/>\r\n<meta property=\"og:type\" content=\"article\" \/>\r\n<meta property=\"og:title\" content=\"AGV T3X &#8902; RB POLAND\" \/>\r\n<meta property=\"og:description\" content=\"AGV T32\/T33 WAGA: oko\u0142o 250KG MAKSYMALNY UCI\u0104G: 3000KG NAWIGACJA &#8211; ta\u015bma magnetyczna lub optyczna. Hak automatyczny, r\u0119czny lub specjalny na \u017cyczenie klienta. Sygnalizacja \u015bwietlna LED Mo\u017cliwo\u015b\u0107 automatycznego \u0142adowania baterii lub r\u0119czna wymiana baterii Rama AGV wykonana w ca\u0142o\u015bci z blachy. AGV posiada 3 silniki : nap\u0119dowo-skr\u0119tny &#8211; 200W \/ 400W \/ 600W oraz 2 silniki&hellip;&nbsp;Read More &raquo;AGV T3X\" \/>\r\n<meta property=\"og:url\" content=\"http:\/\/www.rb-poland.com\/?page_id=704&amp;lang=pl\" \/>\r\n<meta property=\"og:site_name\" content=\"RB POLAND\" \/>\r\n<meta property=\"article:modified_time\" content=\"2023-04-18T08:48:55+00:00\" \/>\r\n<meta property=\"og:image\" content=\"http:\/\/www.rb-poland.com\/wp-content\/uploads\/2021\/05\/T3X.3-bez-napisu.png\" \/>\r\n<meta name=\"twitter:card\" content=\"summary_large_image\" \/>\r\n<meta name=\"twitter:label1\" content=\"Est. reading time\" \/>\n\t<meta name=\"twitter:data1\" content=\"2 minutes\" \/>\r\n<script type=\"application\/ld+json\" class=\"yoast-schema-graph\">{\"@context\":\"https:\/\/schema.org\",\"@graph\":[{\"@type\":\"Organization\",\"@id\":\"http:\/\/www.rb-poland.com\/#organization\",\"name\":\"RB Poland\",\"url\":\"http:\/\/www.rb-poland.com\/\",\"sameAs\":[],\"logo\":{\"@type\":\"ImageObject\",\"@id\":\"http:\/\/www.rb-poland.com\/#logo\",\"inLanguage\":\"en-US\",\"url\":\"http:\/\/www.rb-poland.com\/wp-content\/uploads\/2021\/05\/logo-final.png\",\"contentUrl\":\"http:\/\/www.rb-poland.com\/wp-content\/uploads\/2021\/05\/logo-final.png\",\"width\":1387,\"height\":567,\"caption\":\"RB Poland\"},\"image\":{\"@id\":\"http:\/\/www.rb-poland.com\/#logo\"}},{\"@type\":\"WebSite\",\"@id\":\"http:\/\/www.rb-poland.com\/#website\",\"url\":\"http:\/\/www.rb-poland.com\/\",\"name\":\"RB POLAND2\",\"description\":\"SAVE TIME AND ENERGY WITH OUR MOBILE ROBOTS!\",\"publisher\":{\"@id\":\"http:\/\/www.rb-poland.com\/#organization\"},\"potentialAction\":[{\"@type\":\"SearchAction\",\"target\":{\"@type\":\"EntryPoint\",\"urlTemplate\":\"http:\/\/www.rb-poland.com\/?s={search_term_string}\"},\"query-input\":\"required name=search_term_string\"}],\"inLanguage\":\"en-US\"},{\"@type\":\"ImageObject\",\"@id\":\"http:\/\/www.rb-poland.com\/?page_id=704&lang=pl#primaryimage\",\"inLanguage\":\"en-US\",\"url\":\"http:\/\/www.rb-poland.com\/wp-content\/uploads\/2021\/05\/T3X.3-bez-napisu.png\",\"contentUrl\":\"http:\/\/www.rb-poland.com\/wp-content\/uploads\/2021\/05\/T3X.3-bez-napisu.png\",\"width\":896,\"height\":1006},{\"@type\":\"WebPage\",\"@id\":\"http:\/\/www.rb-poland.com\/?page_id=704&lang=pl#webpage\",\"url\":\"http:\/\/www.rb-poland.com\/?page_id=704&lang=pl\",\"name\":\"AGV T3X &#8902; RB POLAND\",\"isPartOf\":{\"@id\":\"http:\/\/www.rb-poland.com\/#website\"},\"primaryImageOfPage\":{\"@id\":\"http:\/\/www.rb-poland.com\/?page_id=704&lang=pl#primaryimage\"},\"datePublished\":\"2021-05-16T08:32:43+00:00\",\"dateModified\":\"2023-04-18T08:48:55+00:00\",\"breadcrumb\":{\"@id\":\"http:\/\/www.rb-poland.com\/?page_id=704&lang=pl#breadcrumb\"},\"inLanguage\":\"en-US\",\"potentialAction\":[{\"@type\":\"ReadAction\",\"target\":[\"http:\/\/www.rb-poland.com\/?page_id=704&lang=pl\"]}]},{\"@type\":\"BreadcrumbList\",\"@id\":\"http:\/\/www.rb-poland.com\/?page_id=704&lang=pl#breadcrumb\",\"itemListElement\":[{\"@type\":\"ListItem\",\"position\":1,\"name\":\"Strona g\\u0142\\u00f3wna\",\"item\":\"http:\/\/www.rb-poland.com\/?page_id=7&lang=pl\"},{\"@type\":\"ListItem\",\"position\":2,\"name\":\"AGV T3X\"}]}]}<\/script>\r\n<!-- \/ Yoast SEO plugin. -->","yoast_head_json":{"title":"AGV T3X &#8902; RB POLAND","robots":{"index":"index","follow":"follow","max-snippet":"max-snippet:-1","max-image-preview":"max-image-preview:large","max-video-preview":"max-video-preview:-1"},"canonical":"http:\/\/www.rb-poland.com\/?page_id=704&lang=pl","og_locale":"en_US","og_type":"article","og_title":"AGV T3X &#8902; RB POLAND","og_description":"AGV T32\/T33 WAGA: oko\u0142o 250KG MAKSYMALNY UCI\u0104G: 3000KG NAWIGACJA &#8211; ta\u015bma magnetyczna lub optyczna. Hak automatyczny, r\u0119czny lub specjalny na \u017cyczenie klienta. Sygnalizacja \u015bwietlna LED Mo\u017cliwo\u015b\u0107 automatycznego \u0142adowania baterii lub r\u0119czna wymiana baterii Rama AGV wykonana w ca\u0142o\u015bci z blachy. AGV posiada 3 silniki : nap\u0119dowo-skr\u0119tny &#8211; 200W \/ 400W \/ 600W oraz 2 silniki&hellip;&nbsp;Read More &raquo;AGV T3X","og_url":"http:\/\/www.rb-poland.com\/?page_id=704&lang=pl","og_site_name":"RB POLAND","article_modified_time":"2023-04-18T08:48:55+00:00","og_image":[{"url":"http:\/\/www.rb-poland.com\/wp-content\/uploads\/2021\/05\/T3X.3-bez-napisu.png"}],"twitter_card":"summary_large_image","twitter_misc":{"Est. reading time":"2 minutes"},"schema":{"@context":"https:\/\/schema.org","@graph":[{"@type":"Organization","@id":"http:\/\/www.rb-poland.com\/#organization","name":"RB Poland","url":"http:\/\/www.rb-poland.com\/","sameAs":[],"logo":{"@type":"ImageObject","@id":"http:\/\/www.rb-poland.com\/#logo","inLanguage":"en-US","url":"http:\/\/www.rb-poland.com\/wp-content\/uploads\/2021\/05\/logo-final.png","contentUrl":"http:\/\/www.rb-poland.com\/wp-content\/uploads\/2021\/05\/logo-final.png","width":1387,"height":567,"caption":"RB Poland"},"image":{"@id":"http:\/\/www.rb-poland.com\/#logo"}},{"@type":"WebSite","@id":"http:\/\/www.rb-poland.com\/#website","url":"http:\/\/www.rb-poland.com\/","name":"RB POLAND2","description":"SAVE TIME AND ENERGY WITH OUR MOBILE ROBOTS!","publisher":{"@id":"http:\/\/www.rb-poland.com\/#organization"},"potentialAction":[{"@type":"SearchAction","target":{"@type":"EntryPoint","urlTemplate":"http:\/\/www.rb-poland.com\/?s={search_term_string}"},"query-input":"required name=search_term_string"}],"inLanguage":"en-US"},{"@type":"ImageObject","@id":"http:\/\/www.rb-poland.com\/?page_id=704&lang=pl#primaryimage","inLanguage":"en-US","url":"http:\/\/www.rb-poland.com\/wp-content\/uploads\/2021\/05\/T3X.3-bez-napisu.png","contentUrl":"http:\/\/www.rb-poland.com\/wp-content\/uploads\/2021\/05\/T3X.3-bez-napisu.png","width":896,"height":1006},{"@type":"WebPage","@id":"http:\/\/www.rb-poland.com\/?page_id=704&lang=pl#webpage","url":"http:\/\/www.rb-poland.com\/?page_id=704&lang=pl","name":"AGV T3X &#8902; RB POLAND","isPartOf":{"@id":"http:\/\/www.rb-poland.com\/#website"},"primaryImageOfPage":{"@id":"http:\/\/www.rb-poland.com\/?page_id=704&lang=pl#primaryimage"},"datePublished":"2021-05-16T08:32:43+00:00","dateModified":"2023-04-18T08:48:55+00:00","breadcrumb":{"@id":"http:\/\/www.rb-poland.com\/?page_id=704&lang=pl#breadcrumb"},"inLanguage":"en-US","potentialAction":[{"@type":"ReadAction","target":["http:\/\/www.rb-poland.com\/?page_id=704&lang=pl"]}]},{"@type":"BreadcrumbList","@id":"http:\/\/www.rb-poland.com\/?page_id=704&lang=pl#breadcrumb","itemListElement":[{"@type":"ListItem","position":1,"name":"Strona g\u0142\u00f3wna","item":"http:\/\/www.rb-poland.com\/?page_id=7&lang=pl"},{"@type":"ListItem","position":2,"name":"AGV T3X"}]}]}},"_links":{"self":[{"href":"http:\/\/www.rb-poland.com\/index.php?rest_route=\/wp\/v2\/pages\/704","targetHints":{"allow":["GET"]}}],"collection":[{"href":"http:\/\/www.rb-poland.com\/index.php?rest_route=\/wp\/v2\/pages"}],"about":[{"href":"http:\/\/www.rb-poland.com\/index.php?rest_route=\/wp\/v2\/types\/page"}],"author":[{"embeddable":true,"href":"http:\/\/www.rb-poland.com\/index.php?rest_route=\/wp\/v2\/users\/1"}],"replies":[{"embeddable":true,"href":"http:\/\/www.rb-poland.com\/index.php?rest_route=%2Fwp%2Fv2%2Fcomments&post=704"}],"version-history":[{"count":37,"href":"http:\/\/www.rb-poland.com\/index.php?rest_route=\/wp\/v2\/pages\/704\/revisions"}],"predecessor-version":[{"id":2902,"href":"http:\/\/www.rb-poland.com\/index.php?rest_route=\/wp\/v2\/pages\/704\/revisions\/2902"}],"wp:attachment":[{"href":"http:\/\/www.rb-poland.com\/index.php?rest_route=%2Fwp%2Fv2%2Fmedia&parent=704"}],"curies":[{"name":"wp","href":"https:\/\/api.w.org\/{rel}","templated":true}]}}