{"id":2508,"date":"2021-12-14T10:31:30","date_gmt":"2021-12-14T09:31:30","guid":{"rendered":"https:\/\/www.rb-poland.com\/?page_id=2508"},"modified":"2021-12-14T14:03:56","modified_gmt":"2021-12-14T13:03:56","slug":"tte71-pl","status":"publish","type":"page","link":"http:\/\/www.rb-poland.com\/?page_id=2508&lang=pl","title":{"rendered":"TTE71 PL"},"content":{"rendered":"\t\t<div data-elementor-type=\"wp-page\" data-elementor-id=\"2508\" class=\"elementor elementor-2508\" data-elementor-settings=\"[]\">\n\t\t\t\t\t\t\t<div class=\"elementor-section-wrap\">\n\t\t\t\t\t\t\t<section class=\"elementor-section elementor-top-section elementor-element elementor-element-65b4dc5 elementor-section-full_width elementor-section-height-default elementor-section-height-default\" data-id=\"65b4dc5\" data-element_type=\"section\" data-settings=\"{&quot;background_background&quot;:&quot;classic&quot;}\">\n\t\t\t\t\t\t<div class=\"elementor-container elementor-column-gap-default\">\n\t\t\t\t\t<div class=\"elementor-column elementor-col-100 elementor-top-column elementor-element elementor-element-16fb3c2\" data-id=\"16fb3c2\" data-element_type=\"column\">\n\t\t\t<div class=\"elementor-widget-wrap elementor-element-populated\">\n\t\t\t\t\t\t\t\t<div class=\"elementor-element elementor-element-3ae9629 elementor-widget elementor-widget-heading\" data-id=\"3ae9629\" data-element_type=\"widget\" data-widget_type=\"heading.default\">\n\t\t\t\t<div class=\"elementor-widget-container\">\n\t\t\t<h1 class=\"elementor-heading-title elementor-size-default\">Ci\u0105gniki do u\u017cytku w pomieszczeniach i na zewn\u0105trz<\/h1>\t\t<\/div>\n\t\t\t\t<\/div>\n\t\t\t\t\t<\/div>\n\t\t<\/div>\n\t\t\t\t\t\t\t<\/div>\n\t\t<\/section>\n\t\t\t\t<section class=\"elementor-section elementor-top-section elementor-element elementor-element-127cfd9 elementor-section-boxed elementor-section-height-default elementor-section-height-default\" data-id=\"127cfd9\" data-element_type=\"section\" data-settings=\"{&quot;background_background&quot;:&quot;classic&quot;}\">\n\t\t\t\t\t\t<div class=\"elementor-container elementor-column-gap-default\">\n\t\t\t\t\t<div class=\"elementor-column elementor-col-50 elementor-top-column elementor-element elementor-element-fe8afd6\" data-id=\"fe8afd6\" data-element_type=\"column\">\n\t\t\t<div class=\"elementor-widget-wrap elementor-element-populated\">\n\t\t\t\t\t\t\t\t<div class=\"elementor-element elementor-element-db05226 elementor-icon-list--layout-traditional elementor-list-item-link-full_width elementor-widget elementor-widget-icon-list\" data-id=\"db05226\" data-element_type=\"widget\" data-widget_type=\"icon-list.default\">\n\t\t\t\t<div class=\"elementor-widget-container\">\n\t\t\t\t\t<ul class=\"elementor-icon-list-items\">\n\t\t\t\t\t\t\t<li class=\"elementor-icon-list-item\">\n\t\t\t\t\t\t\t\t\t\t\t<span class=\"elementor-icon-list-icon\">\n\t\t\t\t\t\t\t<i aria-hidden=\"true\" class=\"far fa-window-maximize\"><\/i>\t\t\t\t\t\t<\/span>\n\t\t\t\t\t\t\t\t\t\t<span class=\"elementor-icon-list-text\">WAGA: oko\u0142o 1100kg<\/span>\n\t\t\t\t\t\t\t\t\t<\/li>\n\t\t\t\t\t\t\t\t<li class=\"elementor-icon-list-item\">\n\t\t\t\t\t\t\t\t\t\t\t<span class=\"elementor-icon-list-icon\">\n\t\t\t\t\t\t\t<i aria-hidden=\"true\" class=\"fas fa-truck-loading\"><\/i>\t\t\t\t\t\t<\/span>\n\t\t\t\t\t\t\t\t\t\t<span class=\"elementor-icon-list-text\">MAKSYMALNY UCI\u0104G: 3000kg (TTE30), 7000kg (TTE71), 15000kg (T152)<\/span>\n\t\t\t\t\t\t\t\t\t<\/li>\n\t\t\t\t\t\t\t\t<li class=\"elementor-icon-list-item\">\n\t\t\t\t\t\t\t\t\t\t\t<span class=\"elementor-icon-list-icon\">\n\t\t\t\t\t\t\t<i aria-hidden=\"true\" class=\"fas fa-broadcast-tower\"><\/i>\t\t\t\t\t\t<\/span>\n\t\t\t\t\t\t\t\t\t\t<span class=\"elementor-icon-list-text\">Nawigacja: system uczenia si\u0119 za pomoc\u0105 tag\u00f3w (bez pomiaru)<\/span>\n\t\t\t\t\t\t\t\t\t<\/li>\n\t\t\t\t\t\t\t\t<li class=\"elementor-icon-list-item\">\n\t\t\t\t\t\t\t\t\t\t\t<span class=\"elementor-icon-list-icon\">\n\t\t\t\t\t\t\t<i aria-hidden=\"true\" class=\"fas fa-bullseye\"><\/i>\t\t\t\t\t\t<\/span>\n\t\t\t\t\t\t\t\t\t\t<span class=\"elementor-icon-list-text\">Hak automatyczny lub r\u0119czny<\/span>\n\t\t\t\t\t\t\t\t\t<\/li>\n\t\t\t\t\t\t\t\t<li class=\"elementor-icon-list-item\">\n\t\t\t\t\t\t\t\t\t\t\t<span class=\"elementor-icon-list-icon\">\n\t\t\t\t\t\t\t<i aria-hidden=\"true\" class=\"fas fa-project-diagram\"><\/i>\t\t\t\t\t\t<\/span>\n\t\t\t\t\t\t\t\t\t\t<span class=\"elementor-icon-list-text\"> \u0141atwe prze\u0142\u0105czanie r\u0119czne\/automatyczne jazdy<\/span>\n\t\t\t\t\t\t\t\t\t<\/li>\n\t\t\t\t\t\t\t\t<li class=\"elementor-icon-list-item\">\n\t\t\t\t\t\t\t\t\t\t\t<span class=\"elementor-icon-list-icon\">\n\t\t\t\t\t\t\t<i aria-hidden=\"true\" class=\"fas fa-mouse\"><\/i>\t\t\t\t\t\t<\/span>\n\t\t\t\t\t\t\t\t\t\t<span class=\"elementor-icon-list-text\">Awaryjne zdalne sterowanie<\/span>\n\t\t\t\t\t\t\t\t\t<\/li>\n\t\t\t\t\t\t\t\t<li class=\"elementor-icon-list-item\">\n\t\t\t\t\t\t\t\t\t\t\t<span class=\"elementor-icon-list-icon\">\n\t\t\t\t\t\t\t<i aria-hidden=\"true\" class=\"fas fa-cloud-sun-rain\"><\/i>\t\t\t\t\t\t<\/span>\n\t\t\t\t\t\t\t\t\t\t<span class=\"elementor-icon-list-text\">Dzia\u0142a w r\u00f3\u017cnych \u015brodowiskach (kurz, mg\u0142a, deszcz, \u015bnieg)<\/span>\n\t\t\t\t\t\t\t\t\t<\/li>\n\t\t\t\t\t\t\t\t<li class=\"elementor-icon-list-item\">\n\t\t\t\t\t\t\t\t\t\t\t<span class=\"elementor-icon-list-icon\">\n\t\t\t\t\t\t\t<i aria-hidden=\"true\" class=\"fas fa-compress-alt\"><\/i>\t\t\t\t\t\t<\/span>\n\t\t\t\t\t\t\t\t\t\t<span class=\"elementor-icon-list-text\"> Bezpo\u015brednie po\u0142\u0105czenie z interfejsami linii produkcyjnej<\/span>\n\t\t\t\t\t\t\t\t\t<\/li>\n\t\t\t\t\t\t<\/ul>\n\t\t\t\t<\/div>\n\t\t\t\t<\/div>\n\t\t\t\t\t<\/div>\n\t\t<\/div>\n\t\t\t\t<div class=\"elementor-column elementor-col-50 elementor-top-column elementor-element elementor-element-f3d07da\" data-id=\"f3d07da\" data-element_type=\"column\">\n\t\t\t<div class=\"elementor-widget-wrap elementor-element-populated\">\n\t\t\t\t\t\t\t\t<div class=\"elementor-element elementor-element-dc4d45e elementor-widget elementor-widget-image\" data-id=\"dc4d45e\" data-element_type=\"widget\" data-widget_type=\"image.default\">\n\t\t\t\t<div class=\"elementor-widget-container\">\n\t\t\t\t\t\t\t\t\t\t\t\t\t\t\t<img loading=\"lazy\" decoding=\"async\" width=\"800\" height=\"533\" src=\"http:\/\/www.rb-poland.com\/wp-content\/uploads\/2021\/11\/AM_9875-1-e1637873081996.png\" class=\"attachment-2048x2048 size-2048x2048\" alt=\"\" srcset=\"http:\/\/www.rb-poland.com\/wp-content\/uploads\/2021\/11\/AM_9875-1-e1637873081996.png 800w, http:\/\/www.rb-poland.com\/wp-content\/uploads\/2021\/11\/AM_9875-1-e1637873081996-300x200.png 300w, http:\/\/www.rb-poland.com\/wp-content\/uploads\/2021\/11\/AM_9875-1-e1637873081996-768x512.png 768w\" sizes=\"auto, (max-width: 800px) 100vw, 800px\" \/>\t\t\t\t\t\t\t\t\t\t\t\t\t\t\t<\/div>\n\t\t\t\t<\/div>\n\t\t\t\t\t<\/div>\n\t\t<\/div>\n\t\t\t\t\t\t\t<\/div>\n\t\t<\/section>\n\t\t\t\t<section class=\"elementor-section elementor-top-section elementor-element elementor-element-a9669c5 elementor-section-full_width elementor-section-height-default elementor-section-height-default\" data-id=\"a9669c5\" data-element_type=\"section\" data-settings=\"{&quot;background_background&quot;:&quot;classic&quot;}\">\n\t\t\t\t\t\t<div class=\"elementor-container elementor-column-gap-default\">\n\t\t\t\t\t<div class=\"elementor-column elementor-col-100 elementor-top-column elementor-element elementor-element-6b56b83\" data-id=\"6b56b83\" data-element_type=\"column\">\n\t\t\t<div class=\"elementor-widget-wrap elementor-element-populated\">\n\t\t\t\t\t\t\t\t<div class=\"elementor-element elementor-element-603ffd4 elementor-widget elementor-widget-heading\" data-id=\"603ffd4\" data-element_type=\"widget\" data-widget_type=\"heading.default\">\n\t\t\t\t<div class=\"elementor-widget-container\">\n\t\t\t<h1 class=\"elementor-heading-title elementor-size-default\">PREZENTACJA TECHNICZNA<\/h1>\t\t<\/div>\n\t\t\t\t<\/div>\n\t\t\t\t\t<\/div>\n\t\t<\/div>\n\t\t\t\t\t\t\t<\/div>\n\t\t<\/section>\n\t\t\t\t<section class=\"elementor-section elementor-top-section elementor-element elementor-element-2f74d49 elementor-section-height-min-height elementor-section-boxed elementor-section-height-default elementor-section-items-middle\" data-id=\"2f74d49\" data-element_type=\"section\" data-settings=\"{&quot;background_background&quot;:&quot;classic&quot;,&quot;shape_divider_top&quot;:&quot;pyramids&quot;,&quot;shape_divider_bottom&quot;:&quot;triangle&quot;}\">\n\t\t\t\t\t\t\t<div class=\"elementor-background-overlay\"><\/div>\n\t\t\t\t\t\t<div class=\"elementor-shape elementor-shape-top\" data-negative=\"false\">\n\t\t\t<svg xmlns=\"http:\/\/www.w3.org\/2000\/svg\" viewBox=\"0 0 1000 100\" preserveAspectRatio=\"none\">\n\t<path class=\"elementor-shape-fill\" d=\"M761.9,44.1L643.1,27.2L333.8,98L0,3.8V0l1000,0v3.9\"\/>\n<\/svg>\t\t<\/div>\n\t\t\t\t<div class=\"elementor-shape elementor-shape-bottom\" data-negative=\"false\">\n\t\t\t<svg xmlns=\"http:\/\/www.w3.org\/2000\/svg\" viewBox=\"0 0 1000 100\" preserveAspectRatio=\"none\">\n\t<path class=\"elementor-shape-fill\" d=\"M500,98.9L0,6.1V0h1000v6.1L500,98.9z\"\/>\n<\/svg>\t\t<\/div>\n\t\t\t\t\t<div class=\"elementor-container elementor-column-gap-default\">\n\t\t\t\t\t<div class=\"elementor-column elementor-col-100 elementor-top-column elementor-element elementor-element-e20760b\" data-id=\"e20760b\" data-element_type=\"column\">\n\t\t\t<div class=\"elementor-widget-wrap elementor-element-populated\">\n\t\t\t\t\t\t\t\t<div class=\"elementor-element elementor-element-d481ea3 elementor-widget elementor-widget-image\" data-id=\"d481ea3\" data-element_type=\"widget\" data-widget_type=\"image.default\">\n\t\t\t\t<div class=\"elementor-widget-container\">\n\t\t\t\t\t\t\t\t\t\t\t\t\t\t\t<img loading=\"lazy\" decoding=\"async\" width=\"768\" height=\"473\" src=\"http:\/\/www.rb-poland.com\/wp-content\/uploads\/2021\/12\/outdoor-3-768x473.png\" class=\"attachment-medium_large size-medium_large\" alt=\"\" srcset=\"http:\/\/www.rb-poland.com\/wp-content\/uploads\/2021\/12\/outdoor-3-768x473.png 768w, http:\/\/www.rb-poland.com\/wp-content\/uploads\/2021\/12\/outdoor-3-300x185.png 300w, http:\/\/www.rb-poland.com\/wp-content\/uploads\/2021\/12\/outdoor-3-1024x631.png 1024w, http:\/\/www.rb-poland.com\/wp-content\/uploads\/2021\/12\/outdoor-3-1536x946.png 1536w, http:\/\/www.rb-poland.com\/wp-content\/uploads\/2021\/12\/outdoor-3-2048x1261.png 2048w\" sizes=\"auto, (max-width: 768px) 100vw, 768px\" \/>\t\t\t\t\t\t\t\t\t\t\t\t\t\t\t<\/div>\n\t\t\t\t<\/div>\n\t\t\t\t\t<\/div>\n\t\t<\/div>\n\t\t\t\t\t\t\t<\/div>\n\t\t<\/section>\n\t\t\t\t<section class=\"elementor-section elementor-top-section elementor-element elementor-element-1d6d6b8 elementor-section-full_width elementor-section-height-default elementor-section-height-default\" data-id=\"1d6d6b8\" data-element_type=\"section\" data-settings=\"{&quot;background_background&quot;:&quot;classic&quot;}\">\n\t\t\t\t\t\t<div class=\"elementor-container elementor-column-gap-default\">\n\t\t\t\t\t<div class=\"elementor-column elementor-col-100 elementor-top-column elementor-element elementor-element-1397f3d\" data-id=\"1397f3d\" data-element_type=\"column\">\n\t\t\t<div class=\"elementor-widget-wrap elementor-element-populated\">\n\t\t\t\t\t\t\t\t\t<\/div>\n\t\t<\/div>\n\t\t\t\t\t\t\t<\/div>\n\t\t<\/section>\n\t\t\t\t<section class=\"elementor-section elementor-top-section elementor-element elementor-element-b27133e elementor-section-height-min-height elementor-section-boxed elementor-section-height-default elementor-section-items-middle\" data-id=\"b27133e\" data-element_type=\"section\" data-settings=\"{&quot;background_background&quot;:&quot;classic&quot;}\">\n\t\t\t\t\t\t<div class=\"elementor-container elementor-column-gap-default\">\n\t\t\t\t\t<div class=\"elementor-column elementor-col-100 elementor-top-column elementor-element elementor-element-919418e\" data-id=\"919418e\" data-element_type=\"column\">\n\t\t\t<div class=\"elementor-widget-wrap elementor-element-populated\">\n\t\t\t\t\t\t\t\t<div class=\"elementor-element elementor-element-8634994 elementor-align-justify elementor-widget elementor-widget-button\" data-id=\"8634994\" data-element_type=\"widget\" data-widget_type=\"button.default\">\n\t\t\t\t<div class=\"elementor-widget-container\">\n\t\t\t\t\t<div class=\"elementor-button-wrapper\">\n\t\t\t<a href=\"http:\/\/www.rb-poland.com\/?page_id=360\" class=\"elementor-button-link elementor-button elementor-size-xl\" role=\"button\">\n\t\t\t\t\t\t<span class=\"elementor-button-content-wrapper\">\n\t\t\t\t\t\t<span class=\"elementor-button-text\">Skonsultuj si\u0119 z nami, odno\u015bnie zam\u00f3wienia<\/span>\n\t\t<\/span>\n\t\t\t\t\t<\/a>\n\t\t<\/div>\n\t\t\t\t<\/div>\n\t\t\t\t<\/div>\n\t\t\t\t\t<\/div>\n\t\t<\/div>\n\t\t\t\t\t\t\t<\/div>\n\t\t<\/section>\n\t\t\t\t\t\t<\/div>\n\t\t\t\t\t<\/div>\n\t\t","protected":false},"excerpt":{"rendered":"<p>Ci\u0105gniki do u\u017cytku w pomieszczeniach i na zewn\u0105trz WAGA: oko\u0142o 1100kg MAKSYMALNY UCI\u0104G: 3000kg (TTE30), 7000kg (TTE71), 15000kg (T152) Nawigacja: system uczenia si\u0119 za pomoc\u0105 tag\u00f3w (bez pomiaru) Hak automatyczny lub r\u0119czny \u0141atwe prze\u0142\u0105czanie r\u0119czne\/automatyczne jazdy Awaryjne zdalne sterowanie Dzia\u0142a w r\u00f3\u017cnych \u015brodowiskach (kurz, mg\u0142a, deszcz, \u015bnieg) Bezpo\u015brednie po\u0142\u0105czenie z interfejsami linii produkcyjnej PREZENTACJA TECHNICZNA&hellip;&nbsp;<a href=\"http:\/\/www.rb-poland.com\/?page_id=2508&#038;lang=pl\" class=\"\" rel=\"bookmark\">Read More &raquo;<span class=\"screen-reader-text\">TTE71 PL<\/span><\/a><\/p>\n","protected":false},"author":1,"featured_media":0,"parent":0,"menu_order":0,"comment_status":"closed","ping_status":"closed","template":"page-templates\/template-pagebuilder-full-width.php","meta":{"om_disable_all_campaigns":false,"_monsterinsights_skip_tracking":false,"_monsterinsights_sitenote_active":false,"_monsterinsights_sitenote_note":"","_monsterinsights_sitenote_category":0,"neve_meta_sidebar":"full-width","neve_meta_container":"","neve_meta_enable_content_width":"on","neve_meta_content_width":100,"neve_meta_title_alignment":"","neve_meta_author_avatar":"","neve_post_elements_order":"","neve_meta_disable_header":"","neve_meta_disable_footer":"","neve_meta_disable_title":"","footnotes":""},"class_list":["post-2508","page","type-page","status-publish","hentry"],"yoast_head":"<!-- This site is optimized with the Yoast SEO plugin v17.9 - https:\/\/yoast.com\/wordpress\/plugins\/seo\/ -->\r\n<title>TTE71 PL &#8902; RB POLAND<\/title>\r\n<meta name=\"robots\" content=\"index, follow, max-snippet:-1, max-image-preview:large, max-video-preview:-1\" \/>\r\n<link rel=\"canonical\" href=\"http:\/\/www.rb-poland.com\/?page_id=2508&#038;lang=pl\" \/>\r\n<meta property=\"og:locale\" content=\"en_US\" \/>\r\n<meta property=\"og:type\" content=\"article\" \/>\r\n<meta property=\"og:title\" content=\"TTE71 PL &#8902; RB POLAND\" \/>\r\n<meta property=\"og:description\" content=\"Ci\u0105gniki do u\u017cytku w pomieszczeniach i na zewn\u0105trz WAGA: oko\u0142o 1100kg MAKSYMALNY UCI\u0104G: 3000kg (TTE30), 7000kg (TTE71), 15000kg (T152) Nawigacja: system uczenia si\u0119 za pomoc\u0105 tag\u00f3w (bez pomiaru) Hak automatyczny lub r\u0119czny \u0141atwe prze\u0142\u0105czanie r\u0119czne\/automatyczne jazdy Awaryjne zdalne sterowanie Dzia\u0142a w r\u00f3\u017cnych \u015brodowiskach (kurz, mg\u0142a, deszcz, \u015bnieg) Bezpo\u015brednie po\u0142\u0105czenie z interfejsami linii produkcyjnej PREZENTACJA TECHNICZNA&hellip;&nbsp;Read More &raquo;TTE71 PL\" \/>\r\n<meta property=\"og:url\" content=\"http:\/\/www.rb-poland.com\/?page_id=2508&amp;lang=pl\" \/>\r\n<meta property=\"og:site_name\" content=\"RB POLAND\" \/>\r\n<meta property=\"article:modified_time\" content=\"2021-12-14T13:03:56+00:00\" \/>\r\n<meta property=\"og:image\" content=\"http:\/\/www.rb-poland.com\/wp-content\/uploads\/2021\/11\/AM_9875-1-e1637873081996.png\" \/>\r\n<meta name=\"twitter:card\" content=\"summary_large_image\" \/>\r\n<meta name=\"twitter:label1\" content=\"Est. reading time\" \/>\n\t<meta name=\"twitter:data1\" content=\"1 minute\" \/>\r\n<script type=\"application\/ld+json\" class=\"yoast-schema-graph\">{\"@context\":\"https:\/\/schema.org\",\"@graph\":[{\"@type\":\"Organization\",\"@id\":\"http:\/\/www.rb-poland.com\/#organization\",\"name\":\"RB Poland\",\"url\":\"http:\/\/www.rb-poland.com\/\",\"sameAs\":[],\"logo\":{\"@type\":\"ImageObject\",\"@id\":\"http:\/\/www.rb-poland.com\/#logo\",\"inLanguage\":\"en-US\",\"url\":\"http:\/\/www.rb-poland.com\/wp-content\/uploads\/2021\/05\/logo-final.png\",\"contentUrl\":\"http:\/\/www.rb-poland.com\/wp-content\/uploads\/2021\/05\/logo-final.png\",\"width\":1387,\"height\":567,\"caption\":\"RB Poland\"},\"image\":{\"@id\":\"http:\/\/www.rb-poland.com\/#logo\"}},{\"@type\":\"WebSite\",\"@id\":\"http:\/\/www.rb-poland.com\/#website\",\"url\":\"http:\/\/www.rb-poland.com\/\",\"name\":\"RB POLAND2\",\"description\":\"SAVE TIME AND ENERGY WITH OUR MOBILE ROBOTS!\",\"publisher\":{\"@id\":\"http:\/\/www.rb-poland.com\/#organization\"},\"potentialAction\":[{\"@type\":\"SearchAction\",\"target\":{\"@type\":\"EntryPoint\",\"urlTemplate\":\"http:\/\/www.rb-poland.com\/?s={search_term_string}\"},\"query-input\":\"required name=search_term_string\"}],\"inLanguage\":\"en-US\"},{\"@type\":\"ImageObject\",\"@id\":\"http:\/\/www.rb-poland.com\/?page_id=2508&lang=pl#primaryimage\",\"inLanguage\":\"en-US\",\"url\":\"http:\/\/www.rb-poland.com\/wp-content\/uploads\/2021\/11\/AM_9875-1-e1637873081996.png\",\"contentUrl\":\"http:\/\/www.rb-poland.com\/wp-content\/uploads\/2021\/11\/AM_9875-1-e1637873081996.png\",\"width\":800,\"height\":533},{\"@type\":\"WebPage\",\"@id\":\"http:\/\/www.rb-poland.com\/?page_id=2508&lang=pl#webpage\",\"url\":\"http:\/\/www.rb-poland.com\/?page_id=2508&lang=pl\",\"name\":\"TTE71 PL &#8902; RB POLAND\",\"isPartOf\":{\"@id\":\"http:\/\/www.rb-poland.com\/#website\"},\"primaryImageOfPage\":{\"@id\":\"http:\/\/www.rb-poland.com\/?page_id=2508&lang=pl#primaryimage\"},\"datePublished\":\"2021-12-14T09:31:30+00:00\",\"dateModified\":\"2021-12-14T13:03:56+00:00\",\"breadcrumb\":{\"@id\":\"http:\/\/www.rb-poland.com\/?page_id=2508&lang=pl#breadcrumb\"},\"inLanguage\":\"en-US\",\"potentialAction\":[{\"@type\":\"ReadAction\",\"target\":[\"http:\/\/www.rb-poland.com\/?page_id=2508&lang=pl\"]}]},{\"@type\":\"BreadcrumbList\",\"@id\":\"http:\/\/www.rb-poland.com\/?page_id=2508&lang=pl#breadcrumb\",\"itemListElement\":[{\"@type\":\"ListItem\",\"position\":1,\"name\":\"Strona g\\u0142\\u00f3wna\",\"item\":\"https:\/\/www.rb-poland.com\/?page_id=7&lang=pl\"},{\"@type\":\"ListItem\",\"position\":2,\"name\":\"TTE71 PL\"}]}]}<\/script>\r\n<!-- \/ Yoast SEO plugin. -->","yoast_head_json":{"title":"TTE71 PL &#8902; RB POLAND","robots":{"index":"index","follow":"follow","max-snippet":"max-snippet:-1","max-image-preview":"max-image-preview:large","max-video-preview":"max-video-preview:-1"},"canonical":"http:\/\/www.rb-poland.com\/?page_id=2508&lang=pl","og_locale":"en_US","og_type":"article","og_title":"TTE71 PL &#8902; RB POLAND","og_description":"Ci\u0105gniki do u\u017cytku w pomieszczeniach i na zewn\u0105trz WAGA: oko\u0142o 1100kg MAKSYMALNY UCI\u0104G: 3000kg (TTE30), 7000kg (TTE71), 15000kg (T152) Nawigacja: system uczenia si\u0119 za pomoc\u0105 tag\u00f3w (bez pomiaru) Hak automatyczny lub r\u0119czny \u0141atwe prze\u0142\u0105czanie r\u0119czne\/automatyczne jazdy Awaryjne zdalne sterowanie Dzia\u0142a w r\u00f3\u017cnych \u015brodowiskach (kurz, mg\u0142a, deszcz, \u015bnieg) Bezpo\u015brednie po\u0142\u0105czenie z interfejsami linii produkcyjnej PREZENTACJA TECHNICZNA&hellip;&nbsp;Read More &raquo;TTE71 PL","og_url":"http:\/\/www.rb-poland.com\/?page_id=2508&lang=pl","og_site_name":"RB POLAND","article_modified_time":"2021-12-14T13:03:56+00:00","og_image":[{"url":"http:\/\/www.rb-poland.com\/wp-content\/uploads\/2021\/11\/AM_9875-1-e1637873081996.png"}],"twitter_card":"summary_large_image","twitter_misc":{"Est. reading time":"1 minute"},"schema":{"@context":"https:\/\/schema.org","@graph":[{"@type":"Organization","@id":"http:\/\/www.rb-poland.com\/#organization","name":"RB Poland","url":"http:\/\/www.rb-poland.com\/","sameAs":[],"logo":{"@type":"ImageObject","@id":"http:\/\/www.rb-poland.com\/#logo","inLanguage":"en-US","url":"http:\/\/www.rb-poland.com\/wp-content\/uploads\/2021\/05\/logo-final.png","contentUrl":"http:\/\/www.rb-poland.com\/wp-content\/uploads\/2021\/05\/logo-final.png","width":1387,"height":567,"caption":"RB Poland"},"image":{"@id":"http:\/\/www.rb-poland.com\/#logo"}},{"@type":"WebSite","@id":"http:\/\/www.rb-poland.com\/#website","url":"http:\/\/www.rb-poland.com\/","name":"RB POLAND2","description":"SAVE TIME AND ENERGY WITH OUR MOBILE ROBOTS!","publisher":{"@id":"http:\/\/www.rb-poland.com\/#organization"},"potentialAction":[{"@type":"SearchAction","target":{"@type":"EntryPoint","urlTemplate":"http:\/\/www.rb-poland.com\/?s={search_term_string}"},"query-input":"required name=search_term_string"}],"inLanguage":"en-US"},{"@type":"ImageObject","@id":"http:\/\/www.rb-poland.com\/?page_id=2508&lang=pl#primaryimage","inLanguage":"en-US","url":"http:\/\/www.rb-poland.com\/wp-content\/uploads\/2021\/11\/AM_9875-1-e1637873081996.png","contentUrl":"http:\/\/www.rb-poland.com\/wp-content\/uploads\/2021\/11\/AM_9875-1-e1637873081996.png","width":800,"height":533},{"@type":"WebPage","@id":"http:\/\/www.rb-poland.com\/?page_id=2508&lang=pl#webpage","url":"http:\/\/www.rb-poland.com\/?page_id=2508&lang=pl","name":"TTE71 PL &#8902; RB POLAND","isPartOf":{"@id":"http:\/\/www.rb-poland.com\/#website"},"primaryImageOfPage":{"@id":"http:\/\/www.rb-poland.com\/?page_id=2508&lang=pl#primaryimage"},"datePublished":"2021-12-14T09:31:30+00:00","dateModified":"2021-12-14T13:03:56+00:00","breadcrumb":{"@id":"http:\/\/www.rb-poland.com\/?page_id=2508&lang=pl#breadcrumb"},"inLanguage":"en-US","potentialAction":[{"@type":"ReadAction","target":["http:\/\/www.rb-poland.com\/?page_id=2508&lang=pl"]}]},{"@type":"BreadcrumbList","@id":"http:\/\/www.rb-poland.com\/?page_id=2508&lang=pl#breadcrumb","itemListElement":[{"@type":"ListItem","position":1,"name":"Strona g\u0142\u00f3wna","item":"https:\/\/www.rb-poland.com\/?page_id=7&lang=pl"},{"@type":"ListItem","position":2,"name":"TTE71 PL"}]}]}},"_links":{"self":[{"href":"http:\/\/www.rb-poland.com\/index.php?rest_route=\/wp\/v2\/pages\/2508","targetHints":{"allow":["GET"]}}],"collection":[{"href":"http:\/\/www.rb-poland.com\/index.php?rest_route=\/wp\/v2\/pages"}],"about":[{"href":"http:\/\/www.rb-poland.com\/index.php?rest_route=\/wp\/v2\/types\/page"}],"author":[{"embeddable":true,"href":"http:\/\/www.rb-poland.com\/index.php?rest_route=\/wp\/v2\/users\/1"}],"replies":[{"embeddable":true,"href":"http:\/\/www.rb-poland.com\/index.php?rest_route=%2Fwp%2Fv2%2Fcomments&post=2508"}],"version-history":[{"count":10,"href":"http:\/\/www.rb-poland.com\/index.php?rest_route=\/wp\/v2\/pages\/2508\/revisions"}],"predecessor-version":[{"id":2549,"href":"http:\/\/www.rb-poland.com\/index.php?rest_route=\/wp\/v2\/pages\/2508\/revisions\/2549"}],"wp:attachment":[{"href":"http:\/\/www.rb-poland.com\/index.php?rest_route=%2Fwp%2Fv2%2Fmedia&parent=2508"}],"curies":[{"name":"wp","href":"https:\/\/api.w.org\/{rel}","templated":true}]}}