{"id":127,"date":"2021-04-27T14:16:26","date_gmt":"2021-04-27T12:16:26","guid":{"rendered":"https:\/\/testowa-rowniczanska-strona.xyz\/?page_id=127"},"modified":"2021-05-16T16:06:57","modified_gmt":"2021-05-16T14:06:57","slug":"systemy-nawigacji","status":"publish","type":"page","link":"http:\/\/www.rb-poland.com\/?page_id=127&lang=pl","title":{"rendered":"Systemy Nawigacji"},"content":{"rendered":"\t\t<div data-elementor-type=\"wp-page\" data-elementor-id=\"127\" class=\"elementor elementor-127\" data-elementor-settings=\"[]\">\n\t\t\t\t\t\t\t<div class=\"elementor-section-wrap\">\n\t\t\t\t\t\t\t<section class=\"elementor-section elementor-top-section elementor-element elementor-element-11176e0 elementor-section-full_width elementor-section-height-default elementor-section-height-default\" data-id=\"11176e0\" data-element_type=\"section\" data-settings=\"{&quot;background_background&quot;:&quot;classic&quot;}\">\n\t\t\t\t\t\t<div class=\"elementor-container elementor-column-gap-default\">\n\t\t\t\t\t<div class=\"elementor-column elementor-col-100 elementor-top-column elementor-element elementor-element-606b18a\" data-id=\"606b18a\" data-element_type=\"column\">\n\t\t\t<div class=\"elementor-widget-wrap elementor-element-populated\">\n\t\t\t\t\t\t\t\t<div class=\"elementor-element elementor-element-82b508e elementor-widget elementor-widget-heading\" data-id=\"82b508e\" data-element_type=\"widget\" data-widget_type=\"heading.default\">\n\t\t\t\t<div class=\"elementor-widget-container\">\n\t\t\t<h1 class=\"elementor-heading-title elementor-size-default\">NAWIGACJA <\/h1>\t\t<\/div>\n\t\t\t\t<\/div>\n\t\t\t\t\t<\/div>\n\t\t<\/div>\n\t\t\t\t\t\t\t<\/div>\n\t\t<\/section>\n\t\t\t\t<section class=\"elementor-section elementor-top-section elementor-element elementor-element-0695a16 elementor-section-boxed elementor-section-height-default elementor-section-height-default\" data-id=\"0695a16\" data-element_type=\"section\">\n\t\t\t\t\t\t<div class=\"elementor-container elementor-column-gap-default\">\n\t\t\t\t\t<div class=\"elementor-column elementor-col-100 elementor-top-column elementor-element elementor-element-1422dd0\" data-id=\"1422dd0\" data-element_type=\"column\">\n\t\t\t<div class=\"elementor-widget-wrap elementor-element-populated\">\n\t\t\t\t\t\t\t\t<div class=\"elementor-element elementor-element-8b37e33 elementor-widget elementor-widget-text-editor\" data-id=\"8b37e33\" data-element_type=\"widget\" data-widget_type=\"text-editor.default\">\n\t\t\t\t<div class=\"elementor-widget-container\">\n\t\t\t\t\t\t\t<p><strong>Do wyznaczenia trasy u\u017cywana jest ta\u015bma magnetyczna lub kolorowa ta\u015bma refleksyjna (lub pas namalowany farb\u0105 refleksyjn\u0105) przyklejona do pod\u0142ogi. Pojazdy s\u0105 wyposa\u017cone w czujniki magnetyczne lub optyczne, kt\u00f3re wykrywaj\u0105 obecno\u015b\u0107 ta\u015bmy i umo\u017cliwiaj\u0105 prowadzenie pojazdu wzd\u0142u\u017c wyznaczonej ta\u015bm\u0105 trasy.<\/strong><\/p>\t\t\t\t\t\t<\/div>\n\t\t\t\t<\/div>\n\t\t\t\t\t<\/div>\n\t\t<\/div>\n\t\t\t\t\t\t\t<\/div>\n\t\t<\/section>\n\t\t\t\t<section class=\"elementor-section elementor-top-section elementor-element elementor-element-9c1d241 elementor-section-boxed elementor-section-height-default elementor-section-height-default\" data-id=\"9c1d241\" data-element_type=\"section\">\n\t\t\t\t\t\t<div class=\"elementor-container elementor-column-gap-default\">\n\t\t\t\t\t<div class=\"elementor-column elementor-col-33 elementor-top-column elementor-element elementor-element-e3a5018\" data-id=\"e3a5018\" data-element_type=\"column\">\n\t\t\t<div class=\"elementor-widget-wrap elementor-element-populated\">\n\t\t\t\t\t\t\t\t<div class=\"elementor-element elementor-element-b3e6fd9 elementor-widget elementor-widget-image\" data-id=\"b3e6fd9\" data-element_type=\"widget\" data-widget_type=\"image.default\">\n\t\t\t\t<div class=\"elementor-widget-container\">\n\t\t\t\t\t\t\t\t\t\t\t\t\t\t\t<img loading=\"lazy\" decoding=\"async\" width=\"237\" height=\"300\" src=\"http:\/\/www.rb-poland.com\/wp-content\/uploads\/2021\/05\/Magnetyczna-237x300.png\" class=\"attachment-medium size-medium\" alt=\"\" srcset=\"http:\/\/www.rb-poland.com\/wp-content\/uploads\/2021\/05\/Magnetyczna-237x300.png 237w, http:\/\/www.rb-poland.com\/wp-content\/uploads\/2021\/05\/Magnetyczna.png 600w\" sizes=\"auto, (max-width: 237px) 100vw, 237px\" \/>\t\t\t\t\t\t\t\t\t\t\t\t\t\t\t<\/div>\n\t\t\t\t<\/div>\n\t\t\t\t\t<\/div>\n\t\t<\/div>\n\t\t\t\t<div class=\"elementor-column elementor-col-66 elementor-top-column elementor-element elementor-element-9bdae3c\" data-id=\"9bdae3c\" data-element_type=\"column\">\n\t\t\t<div class=\"elementor-widget-wrap elementor-element-populated\">\n\t\t\t\t\t\t\t\t<div class=\"elementor-element elementor-element-eefe40b elementor-widget elementor-widget-text-editor\" data-id=\"eefe40b\" data-element_type=\"widget\" data-widget_type=\"text-editor.default\">\n\t\t\t\t<div class=\"elementor-widget-container\">\n\t\t\t\t\t\t\t<p><strong>+ bardzo trwa\u0142a, mo\u017ce zosta\u0107 zainstalowana w posadzce<\/strong><\/p>\t\t\t\t\t\t<\/div>\n\t\t\t\t<\/div>\n\t\t\t\t<div class=\"elementor-element elementor-element-3da584f elementor-widget elementor-widget-text-editor\" data-id=\"3da584f\" data-element_type=\"widget\" data-widget_type=\"text-editor.default\">\n\t\t\t\t<div class=\"elementor-widget-container\">\n\t\t\t\t\t\t\t<strong> &#8211; skomplikowanie trasy ograniczone do wyboru trasy &#8211; prosto &#8211; prawo \/ lewo<\/strong>\t\t\t\t\t\t<\/div>\n\t\t\t\t<\/div>\n\t\t\t\t\t<\/div>\n\t\t<\/div>\n\t\t\t\t\t\t\t<\/div>\n\t\t<\/section>\n\t\t\t\t<section class=\"elementor-section elementor-top-section elementor-element elementor-element-7c0b3f8 elementor-section-boxed elementor-section-height-default elementor-section-height-default\" data-id=\"7c0b3f8\" data-element_type=\"section\">\n\t\t\t\t\t\t<div class=\"elementor-container elementor-column-gap-default\">\n\t\t\t\t\t<div class=\"elementor-column elementor-col-66 elementor-top-column elementor-element elementor-element-f2f539f\" data-id=\"f2f539f\" data-element_type=\"column\">\n\t\t\t<div class=\"elementor-widget-wrap elementor-element-populated\">\n\t\t\t\t\t\t\t\t<div class=\"elementor-element elementor-element-b46438e elementor-hidden-desktop elementor-widget elementor-widget-image\" data-id=\"b46438e\" data-element_type=\"widget\" data-widget_type=\"image.default\">\n\t\t\t\t<div class=\"elementor-widget-container\">\n\t\t\t\t\t\t\t\t\t\t\t\t\t\t\t<img loading=\"lazy\" decoding=\"async\" width=\"150\" height=\"150\" src=\"http:\/\/www.rb-poland.com\/wp-content\/uploads\/2021\/05\/Optyczna-150x150.png\" class=\"attachment-thumbnail size-thumbnail\" alt=\"\" \/>\t\t\t\t\t\t\t\t\t\t\t\t\t\t\t<\/div>\n\t\t\t\t<\/div>\n\t\t\t\t<div class=\"elementor-element elementor-element-f1e87d6 elementor-widget elementor-widget-text-editor\" data-id=\"f1e87d6\" data-element_type=\"widget\" data-widget_type=\"text-editor.default\">\n\t\t\t\t<div class=\"elementor-widget-container\">\n\t\t\t\t\t\t\t<p><strong>+mo\u017cliwo\u015b\u0107 znacznego skomplikowania trasy, tj wyb\u00f3r prosto lewo\/prawo + kolor czerwony\/niebieski\/zielony. \u0141atwo\u015b\u0107 po\u0142o\u017cenia, szybko\u015b\u0107 modyfikacji.<\/strong><\/p>\t\t\t\t\t\t<\/div>\n\t\t\t\t<\/div>\n\t\t\t\t<div class=\"elementor-element elementor-element-49c6c29 elementor-widget elementor-widget-text-editor\" data-id=\"49c6c29\" data-element_type=\"widget\" data-widget_type=\"text-editor.default\">\n\t\t\t\t<div class=\"elementor-widget-container\">\n\t\t\t\t\t\t\t<p><strong> &#8211; podatno\u015b\u0107 na uszkodzenia oraz zabrudzenie<\/strong><\/p>\t\t\t\t\t\t<\/div>\n\t\t\t\t<\/div>\n\t\t\t\t\t<\/div>\n\t\t<\/div>\n\t\t\t\t<div class=\"elementor-column elementor-col-33 elementor-top-column elementor-element elementor-element-b877985\" data-id=\"b877985\" data-element_type=\"column\">\n\t\t\t<div class=\"elementor-widget-wrap elementor-element-populated\">\n\t\t\t\t\t\t\t\t<div class=\"elementor-element elementor-element-3e23f7b elementor-hidden-phone elementor-widget elementor-widget-image\" data-id=\"3e23f7b\" data-element_type=\"widget\" data-widget_type=\"image.default\">\n\t\t\t\t<div class=\"elementor-widget-container\">\n\t\t\t\t\t\t\t\t\t\t\t\t\t\t\t<img loading=\"lazy\" decoding=\"async\" width=\"237\" height=\"300\" src=\"http:\/\/www.rb-poland.com\/wp-content\/uploads\/2021\/05\/Optyczna-237x300.png\" class=\"attachment-medium size-medium\" alt=\"\" srcset=\"http:\/\/www.rb-poland.com\/wp-content\/uploads\/2021\/05\/Optyczna-237x300.png 237w, http:\/\/www.rb-poland.com\/wp-content\/uploads\/2021\/05\/Optyczna.png 600w\" sizes=\"auto, (max-width: 237px) 100vw, 237px\" \/>\t\t\t\t\t\t\t\t\t\t\t\t\t\t\t<\/div>\n\t\t\t\t<\/div>\n\t\t\t\t\t<\/div>\n\t\t<\/div>\n\t\t\t\t\t\t\t<\/div>\n\t\t<\/section>\n\t\t\t\t<section class=\"elementor-section elementor-top-section elementor-element elementor-element-f1416ca elementor-section-boxed elementor-section-height-default elementor-section-height-default\" data-id=\"f1416ca\" data-element_type=\"section\">\n\t\t\t\t\t\t<div class=\"elementor-container elementor-column-gap-default\">\n\t\t\t\t\t<div class=\"elementor-column elementor-col-33 elementor-top-column elementor-element elementor-element-50b2f8e\" data-id=\"50b2f8e\" data-element_type=\"column\">\n\t\t\t<div class=\"elementor-widget-wrap elementor-element-populated\">\n\t\t\t\t\t\t\t\t<div class=\"elementor-element elementor-element-4b7f43d elementor-widget elementor-widget-image\" data-id=\"4b7f43d\" data-element_type=\"widget\" data-widget_type=\"image.default\">\n\t\t\t\t<div class=\"elementor-widget-container\">\n\t\t\t\t\t\t\t\t\t\t\t\t\t\t\t<img loading=\"lazy\" decoding=\"async\" width=\"237\" height=\"300\" src=\"http:\/\/www.rb-poland.com\/wp-content\/uploads\/2021\/05\/Radiowa-237x300.png\" class=\"attachment-medium size-medium\" alt=\"\" srcset=\"http:\/\/www.rb-poland.com\/wp-content\/uploads\/2021\/05\/Radiowa-237x300.png 237w, http:\/\/www.rb-poland.com\/wp-content\/uploads\/2021\/05\/Radiowa.png 600w\" sizes=\"auto, (max-width: 237px) 100vw, 237px\" \/>\t\t\t\t\t\t\t\t\t\t\t\t\t\t\t<\/div>\n\t\t\t\t<\/div>\n\t\t\t\t\t<\/div>\n\t\t<\/div>\n\t\t\t\t<div class=\"elementor-column elementor-col-66 elementor-top-column elementor-element elementor-element-b320db5\" data-id=\"b320db5\" data-element_type=\"column\">\n\t\t\t<div class=\"elementor-widget-wrap elementor-element-populated\">\n\t\t\t\t\t\t\t\t<div class=\"elementor-element elementor-element-8067f4f elementor-widget elementor-widget-text-editor\" data-id=\"8067f4f\" data-element_type=\"widget\" data-widget_type=\"text-editor.default\">\n\t\t\t\t<div class=\"elementor-widget-container\">\n\t\t\t\t\t\t\t<p><strong>+ nieograniczone mo\u017cliwo\u015bci budowy tras\u00a0<\/strong><\/p>\t\t\t\t\t\t<\/div>\n\t\t\t\t<\/div>\n\t\t\t\t<div class=\"elementor-element elementor-element-da7afdd elementor-widget elementor-widget-text-editor\" data-id=\"da7afdd\" data-element_type=\"widget\" data-widget_type=\"text-editor.default\">\n\t\t\t\t<div class=\"elementor-widget-container\">\n\t\t\t\t\t\t\t<p><strong> &#8211; ograniczenia zasi\u0119gu<\/strong><\/p>\t\t\t\t\t\t<\/div>\n\t\t\t\t<\/div>\n\t\t\t\t\t<\/div>\n\t\t<\/div>\n\t\t\t\t\t\t\t<\/div>\n\t\t<\/section>\n\t\t\t\t\t\t<\/div>\n\t\t\t\t\t<\/div>\n\t\t","protected":false},"excerpt":{"rendered":"<p>NAWIGACJA Do wyznaczenia trasy u\u017cywana jest ta\u015bma magnetyczna lub kolorowa ta\u015bma refleksyjna (lub pas namalowany farb\u0105 refleksyjn\u0105) przyklejona do pod\u0142ogi. Pojazdy s\u0105 wyposa\u017cone w czujniki magnetyczne lub optyczne, kt\u00f3re wykrywaj\u0105 obecno\u015b\u0107 ta\u015bmy i umo\u017cliwiaj\u0105 prowadzenie pojazdu wzd\u0142u\u017c wyznaczonej ta\u015bm\u0105 trasy. + bardzo trwa\u0142a, mo\u017ce zosta\u0107 zainstalowana w posadzce &#8211; skomplikowanie trasy ograniczone do wyboru trasy&hellip;&nbsp;<a href=\"http:\/\/www.rb-poland.com\/?page_id=127&#038;lang=pl\" class=\"\" rel=\"bookmark\">Read More &raquo;<span class=\"screen-reader-text\">Systemy Nawigacji<\/span><\/a><\/p>\n","protected":false},"author":1,"featured_media":0,"parent":0,"menu_order":0,"comment_status":"closed","ping_status":"closed","template":"page-templates\/template-pagebuilder-full-width.php","meta":{"om_disable_all_campaigns":false,"_monsterinsights_skip_tracking":false,"_monsterinsights_sitenote_active":false,"_monsterinsights_sitenote_note":"","_monsterinsights_sitenote_category":0,"neve_meta_sidebar":"full-width","neve_meta_container":"","neve_meta_enable_content_width":"on","neve_meta_content_width":100,"neve_meta_title_alignment":"","neve_meta_author_avatar":"","neve_post_elements_order":"","neve_meta_disable_header":"","neve_meta_disable_footer":"","neve_meta_disable_title":"","footnotes":""},"class_list":["post-127","page","type-page","status-publish","hentry"],"yoast_head":"<!-- This site is optimized with the Yoast SEO plugin v17.9 - https:\/\/yoast.com\/wordpress\/plugins\/seo\/ -->\r\n<title>Systemy Nawigacji &#8902; RB POLAND<\/title>\r\n<meta name=\"robots\" content=\"index, follow, max-snippet:-1, max-image-preview:large, max-video-preview:-1\" \/>\r\n<link rel=\"canonical\" href=\"http:\/\/www.rb-poland.com\/?page_id=127&#038;lang=pl\" \/>\r\n<meta property=\"og:locale\" content=\"en_US\" \/>\r\n<meta property=\"og:type\" content=\"article\" \/>\r\n<meta property=\"og:title\" content=\"Systemy Nawigacji &#8902; RB POLAND\" \/>\r\n<meta property=\"og:description\" content=\"NAWIGACJA Do wyznaczenia trasy u\u017cywana jest ta\u015bma magnetyczna lub kolorowa ta\u015bma refleksyjna (lub pas namalowany farb\u0105 refleksyjn\u0105) przyklejona do pod\u0142ogi. Pojazdy s\u0105 wyposa\u017cone w czujniki magnetyczne lub optyczne, kt\u00f3re wykrywaj\u0105 obecno\u015b\u0107 ta\u015bmy i umo\u017cliwiaj\u0105 prowadzenie pojazdu wzd\u0142u\u017c wyznaczonej ta\u015bm\u0105 trasy. + bardzo trwa\u0142a, mo\u017ce zosta\u0107 zainstalowana w posadzce &#8211; skomplikowanie trasy ograniczone do wyboru trasy&hellip;&nbsp;Read More &raquo;Systemy Nawigacji\" \/>\r\n<meta property=\"og:url\" content=\"http:\/\/www.rb-poland.com\/?page_id=127&amp;lang=pl\" \/>\r\n<meta property=\"og:site_name\" content=\"RB POLAND\" \/>\r\n<meta property=\"article:modified_time\" content=\"2021-05-16T14:06:57+00:00\" \/>\r\n<meta property=\"og:image\" content=\"http:\/\/www.rb-poland.com\/wp-content\/uploads\/2021\/05\/Magnetyczna-237x300.png\" \/>\r\n<meta name=\"twitter:card\" content=\"summary_large_image\" \/>\r\n<meta name=\"twitter:label1\" content=\"Est. reading time\" \/>\n\t<meta name=\"twitter:data1\" content=\"1 minute\" \/>\r\n<script type=\"application\/ld+json\" class=\"yoast-schema-graph\">{\"@context\":\"https:\/\/schema.org\",\"@graph\":[{\"@type\":\"Organization\",\"@id\":\"http:\/\/www.rb-poland.com\/#organization\",\"name\":\"RB Poland\",\"url\":\"http:\/\/www.rb-poland.com\/\",\"sameAs\":[],\"logo\":{\"@type\":\"ImageObject\",\"@id\":\"http:\/\/www.rb-poland.com\/#logo\",\"inLanguage\":\"en-US\",\"url\":\"http:\/\/www.rb-poland.com\/wp-content\/uploads\/2021\/05\/logo-final.png\",\"contentUrl\":\"http:\/\/www.rb-poland.com\/wp-content\/uploads\/2021\/05\/logo-final.png\",\"width\":1387,\"height\":567,\"caption\":\"RB Poland\"},\"image\":{\"@id\":\"http:\/\/www.rb-poland.com\/#logo\"}},{\"@type\":\"WebSite\",\"@id\":\"http:\/\/www.rb-poland.com\/#website\",\"url\":\"http:\/\/www.rb-poland.com\/\",\"name\":\"RB POLAND2\",\"description\":\"SAVE TIME AND ENERGY WITH OUR MOBILE ROBOTS!\",\"publisher\":{\"@id\":\"http:\/\/www.rb-poland.com\/#organization\"},\"potentialAction\":[{\"@type\":\"SearchAction\",\"target\":{\"@type\":\"EntryPoint\",\"urlTemplate\":\"http:\/\/www.rb-poland.com\/?s={search_term_string}\"},\"query-input\":\"required name=search_term_string\"}],\"inLanguage\":\"en-US\"},{\"@type\":\"ImageObject\",\"@id\":\"http:\/\/www.rb-poland.com\/?page_id=127&lang=pl#primaryimage\",\"inLanguage\":\"en-US\",\"url\":\"http:\/\/www.rb-poland.com\/wp-content\/uploads\/2021\/05\/Magnetyczna.png\",\"contentUrl\":\"http:\/\/www.rb-poland.com\/wp-content\/uploads\/2021\/05\/Magnetyczna.png\",\"width\":600,\"height\":759},{\"@type\":\"WebPage\",\"@id\":\"http:\/\/www.rb-poland.com\/?page_id=127&lang=pl#webpage\",\"url\":\"http:\/\/www.rb-poland.com\/?page_id=127&lang=pl\",\"name\":\"Systemy Nawigacji &#8902; RB POLAND\",\"isPartOf\":{\"@id\":\"http:\/\/www.rb-poland.com\/#website\"},\"primaryImageOfPage\":{\"@id\":\"http:\/\/www.rb-poland.com\/?page_id=127&lang=pl#primaryimage\"},\"datePublished\":\"2021-04-27T12:16:26+00:00\",\"dateModified\":\"2021-05-16T14:06:57+00:00\",\"breadcrumb\":{\"@id\":\"http:\/\/www.rb-poland.com\/?page_id=127&lang=pl#breadcrumb\"},\"inLanguage\":\"en-US\",\"potentialAction\":[{\"@type\":\"ReadAction\",\"target\":[\"http:\/\/www.rb-poland.com\/?page_id=127&lang=pl\"]}]},{\"@type\":\"BreadcrumbList\",\"@id\":\"http:\/\/www.rb-poland.com\/?page_id=127&lang=pl#breadcrumb\",\"itemListElement\":[{\"@type\":\"ListItem\",\"position\":1,\"name\":\"Strona g\\u0142\\u00f3wna\",\"item\":\"http:\/\/www.rb-poland.com\/?page_id=7&lang=pl\"},{\"@type\":\"ListItem\",\"position\":2,\"name\":\"Systemy Nawigacji\"}]}]}<\/script>\r\n<!-- \/ Yoast SEO plugin. -->","yoast_head_json":{"title":"Systemy Nawigacji &#8902; RB POLAND","robots":{"index":"index","follow":"follow","max-snippet":"max-snippet:-1","max-image-preview":"max-image-preview:large","max-video-preview":"max-video-preview:-1"},"canonical":"http:\/\/www.rb-poland.com\/?page_id=127&lang=pl","og_locale":"en_US","og_type":"article","og_title":"Systemy Nawigacji &#8902; RB POLAND","og_description":"NAWIGACJA Do wyznaczenia trasy u\u017cywana jest ta\u015bma magnetyczna lub kolorowa ta\u015bma refleksyjna (lub pas namalowany farb\u0105 refleksyjn\u0105) przyklejona do pod\u0142ogi. Pojazdy s\u0105 wyposa\u017cone w czujniki magnetyczne lub optyczne, kt\u00f3re wykrywaj\u0105 obecno\u015b\u0107 ta\u015bmy i umo\u017cliwiaj\u0105 prowadzenie pojazdu wzd\u0142u\u017c wyznaczonej ta\u015bm\u0105 trasy. + bardzo trwa\u0142a, mo\u017ce zosta\u0107 zainstalowana w posadzce &#8211; skomplikowanie trasy ograniczone do wyboru trasy&hellip;&nbsp;Read More &raquo;Systemy Nawigacji","og_url":"http:\/\/www.rb-poland.com\/?page_id=127&lang=pl","og_site_name":"RB POLAND","article_modified_time":"2021-05-16T14:06:57+00:00","og_image":[{"url":"http:\/\/www.rb-poland.com\/wp-content\/uploads\/2021\/05\/Magnetyczna-237x300.png"}],"twitter_card":"summary_large_image","twitter_misc":{"Est. reading time":"1 minute"},"schema":{"@context":"https:\/\/schema.org","@graph":[{"@type":"Organization","@id":"http:\/\/www.rb-poland.com\/#organization","name":"RB Poland","url":"http:\/\/www.rb-poland.com\/","sameAs":[],"logo":{"@type":"ImageObject","@id":"http:\/\/www.rb-poland.com\/#logo","inLanguage":"en-US","url":"http:\/\/www.rb-poland.com\/wp-content\/uploads\/2021\/05\/logo-final.png","contentUrl":"http:\/\/www.rb-poland.com\/wp-content\/uploads\/2021\/05\/logo-final.png","width":1387,"height":567,"caption":"RB Poland"},"image":{"@id":"http:\/\/www.rb-poland.com\/#logo"}},{"@type":"WebSite","@id":"http:\/\/www.rb-poland.com\/#website","url":"http:\/\/www.rb-poland.com\/","name":"RB POLAND2","description":"SAVE TIME AND ENERGY WITH OUR MOBILE ROBOTS!","publisher":{"@id":"http:\/\/www.rb-poland.com\/#organization"},"potentialAction":[{"@type":"SearchAction","target":{"@type":"EntryPoint","urlTemplate":"http:\/\/www.rb-poland.com\/?s={search_term_string}"},"query-input":"required name=search_term_string"}],"inLanguage":"en-US"},{"@type":"ImageObject","@id":"http:\/\/www.rb-poland.com\/?page_id=127&lang=pl#primaryimage","inLanguage":"en-US","url":"http:\/\/www.rb-poland.com\/wp-content\/uploads\/2021\/05\/Magnetyczna.png","contentUrl":"http:\/\/www.rb-poland.com\/wp-content\/uploads\/2021\/05\/Magnetyczna.png","width":600,"height":759},{"@type":"WebPage","@id":"http:\/\/www.rb-poland.com\/?page_id=127&lang=pl#webpage","url":"http:\/\/www.rb-poland.com\/?page_id=127&lang=pl","name":"Systemy Nawigacji &#8902; RB POLAND","isPartOf":{"@id":"http:\/\/www.rb-poland.com\/#website"},"primaryImageOfPage":{"@id":"http:\/\/www.rb-poland.com\/?page_id=127&lang=pl#primaryimage"},"datePublished":"2021-04-27T12:16:26+00:00","dateModified":"2021-05-16T14:06:57+00:00","breadcrumb":{"@id":"http:\/\/www.rb-poland.com\/?page_id=127&lang=pl#breadcrumb"},"inLanguage":"en-US","potentialAction":[{"@type":"ReadAction","target":["http:\/\/www.rb-poland.com\/?page_id=127&lang=pl"]}]},{"@type":"BreadcrumbList","@id":"http:\/\/www.rb-poland.com\/?page_id=127&lang=pl#breadcrumb","itemListElement":[{"@type":"ListItem","position":1,"name":"Strona g\u0142\u00f3wna","item":"http:\/\/www.rb-poland.com\/?page_id=7&lang=pl"},{"@type":"ListItem","position":2,"name":"Systemy Nawigacji"}]}]}},"_links":{"self":[{"href":"http:\/\/www.rb-poland.com\/index.php?rest_route=\/wp\/v2\/pages\/127","targetHints":{"allow":["GET"]}}],"collection":[{"href":"http:\/\/www.rb-poland.com\/index.php?rest_route=\/wp\/v2\/pages"}],"about":[{"href":"http:\/\/www.rb-poland.com\/index.php?rest_route=\/wp\/v2\/types\/page"}],"author":[{"embeddable":true,"href":"http:\/\/www.rb-poland.com\/index.php?rest_route=\/wp\/v2\/users\/1"}],"replies":[{"embeddable":true,"href":"http:\/\/www.rb-poland.com\/index.php?rest_route=%2Fwp%2Fv2%2Fcomments&post=127"}],"version-history":[{"count":62,"href":"http:\/\/www.rb-poland.com\/index.php?rest_route=\/wp\/v2\/pages\/127\/revisions"}],"predecessor-version":[{"id":952,"href":"http:\/\/www.rb-poland.com\/index.php?rest_route=\/wp\/v2\/pages\/127\/revisions\/952"}],"wp:attachment":[{"href":"http:\/\/www.rb-poland.com\/index.php?rest_route=%2Fwp%2Fv2%2Fmedia&parent=127"}],"curies":[{"name":"wp","href":"https:\/\/api.w.org\/{rel}","templated":true}]}}