{"id":1079,"date":"2021-05-20T21:25:15","date_gmt":"2021-05-20T19:25:15","guid":{"rendered":"https:\/\/testowa-rowniczanska-strona.xyz\/?page_id=1079"},"modified":"2021-12-13T11:31:05","modified_gmt":"2021-12-13T10:31:05","slug":"agv-t03-2","status":"publish","type":"page","link":"http:\/\/www.rb-poland.com\/?page_id=1079&lang=pl","title":{"rendered":"AGV T22"},"content":{"rendered":"\t\t<div data-elementor-type=\"wp-page\" data-elementor-id=\"1079\" class=\"elementor elementor-1079\" data-elementor-settings=\"[]\">\n\t\t\t\t\t\t\t<div class=\"elementor-section-wrap\">\n\t\t\t\t\t\t\t<section class=\"elementor-section elementor-top-section elementor-element elementor-element-ac8e9ea elementor-section-full_width elementor-section-height-default elementor-section-height-default\" data-id=\"ac8e9ea\" data-element_type=\"section\" data-settings=\"{&quot;background_background&quot;:&quot;classic&quot;}\">\n\t\t\t\t\t\t<div class=\"elementor-container elementor-column-gap-default\">\n\t\t\t\t\t<div class=\"elementor-column elementor-col-100 elementor-top-column elementor-element elementor-element-7dfd629\" data-id=\"7dfd629\" data-element_type=\"column\">\n\t\t\t<div class=\"elementor-widget-wrap elementor-element-populated\">\n\t\t\t\t\t\t\t\t<div class=\"elementor-element elementor-element-1900439 elementor-widget elementor-widget-heading\" data-id=\"1900439\" data-element_type=\"widget\" data-widget_type=\"heading.default\">\n\t\t\t\t<div class=\"elementor-widget-container\">\n\t\t\t<h1 class=\"elementor-heading-title elementor-size-default\">AGV T21\/T22\/T23<\/h1>\t\t<\/div>\n\t\t\t\t<\/div>\n\t\t\t\t\t<\/div>\n\t\t<\/div>\n\t\t\t\t\t\t\t<\/div>\n\t\t<\/section>\n\t\t\t\t<section class=\"elementor-section elementor-top-section elementor-element elementor-element-200c5d4 elementor-section-boxed elementor-section-height-default elementor-section-height-default\" data-id=\"200c5d4\" data-element_type=\"section\" data-settings=\"{&quot;background_background&quot;:&quot;classic&quot;}\">\n\t\t\t\t\t\t<div class=\"elementor-container elementor-column-gap-default\">\n\t\t\t\t\t<div class=\"elementor-column elementor-col-50 elementor-top-column elementor-element elementor-element-45cf138\" data-id=\"45cf138\" data-element_type=\"column\">\n\t\t\t<div class=\"elementor-widget-wrap elementor-element-populated\">\n\t\t\t\t\t\t\t\t<div class=\"elementor-element elementor-element-985a6f0 elementor-icon-list--layout-traditional elementor-list-item-link-full_width elementor-widget elementor-widget-icon-list\" data-id=\"985a6f0\" data-element_type=\"widget\" data-widget_type=\"icon-list.default\">\n\t\t\t\t<div class=\"elementor-widget-container\">\n\t\t\t\t\t<ul class=\"elementor-icon-list-items\">\n\t\t\t\t\t\t\t<li class=\"elementor-icon-list-item\">\n\t\t\t\t\t\t\t\t\t\t\t<span class=\"elementor-icon-list-icon\">\n\t\t\t\t\t\t\t<i aria-hidden=\"true\" class=\"far fa-window-maximize\"><\/i>\t\t\t\t\t\t<\/span>\n\t\t\t\t\t\t\t\t\t\t<span class=\"elementor-icon-list-text\">WAGA: oko\u0142o 240KG<\/span>\n\t\t\t\t\t\t\t\t\t<\/li>\n\t\t\t\t\t\t\t\t<li class=\"elementor-icon-list-item\">\n\t\t\t\t\t\t\t\t\t\t\t<span class=\"elementor-icon-list-icon\">\n\t\t\t\t\t\t\t<i aria-hidden=\"true\" class=\"fas fa-truck-loading\"><\/i>\t\t\t\t\t\t<\/span>\n\t\t\t\t\t\t\t\t\t\t<span class=\"elementor-icon-list-text\">MAKSYMALNY UCI\u0104G: 1600KG<\/span>\n\t\t\t\t\t\t\t\t\t<\/li>\n\t\t\t\t\t\t\t\t<li class=\"elementor-icon-list-item\">\n\t\t\t\t\t\t\t\t\t\t\t<span class=\"elementor-icon-list-icon\">\n\t\t\t\t\t\t\t<i aria-hidden=\"true\" class=\"fas fa-broadcast-tower\"><\/i>\t\t\t\t\t\t<\/span>\n\t\t\t\t\t\t\t\t\t\t<span class=\"elementor-icon-list-text\">NAWIGACJA - ta\u015bma magnetyczna lub optyczna. AGV z mo\u017cliwo\u015bci\u0105 jazdy w 1 lub 2 kierunkach.<\/span>\n\t\t\t\t\t\t\t\t\t<\/li>\n\t\t\t\t\t\t\t\t<li class=\"elementor-icon-list-item\">\n\t\t\t\t\t\t\t\t\t\t\t<span class=\"elementor-icon-list-icon\">\n\t\t\t\t\t\t\t<i aria-hidden=\"true\" class=\"fas fa-bullseye\"><\/i>\t\t\t\t\t\t<\/span>\n\t\t\t\t\t\t\t\t\t\t<span class=\"elementor-icon-list-text\">Hak automatyczny, r\u0119czny lub specjalny na \u017cyczenie klienta.<\/span>\n\t\t\t\t\t\t\t\t\t<\/li>\n\t\t\t\t\t\t\t\t<li class=\"elementor-icon-list-item\">\n\t\t\t\t\t\t\t\t\t\t\t<span class=\"elementor-icon-list-icon\">\n\t\t\t\t\t\t\t<i aria-hidden=\"true\" class=\"fas fa-charging-station\"><\/i>\t\t\t\t\t\t<\/span>\n\t\t\t\t\t\t\t\t\t\t<span class=\"elementor-icon-list-text\">Mo\u017cliwo\u015b\u0107 automatycznego \u0142adowania baterii lub r\u0119czna wymiana baterii<\/span>\n\t\t\t\t\t\t\t\t\t<\/li>\n\t\t\t\t\t\t\t\t<li class=\"elementor-icon-list-item\">\n\t\t\t\t\t\t\t\t\t\t\t<span class=\"elementor-icon-list-icon\">\n\t\t\t\t\t\t\t<i aria-hidden=\"true\" class=\"fas fa-chess-board\"><\/i>\t\t\t\t\t\t<\/span>\n\t\t\t\t\t\t\t\t\t\t<span class=\"elementor-icon-list-text\">Rama AGV wykonanaw ca\u0142o\u015bci z blachy.<\/span>\n\t\t\t\t\t\t\t\t\t<\/li>\n\t\t\t\t\t\t\t\t<li class=\"elementor-icon-list-item\">\n\t\t\t\t\t\t\t\t\t\t\t<span class=\"elementor-icon-list-icon\">\n\t\t\t\t\t\t\t<i aria-hidden=\"true\" class=\"fas fa-futbol\"><\/i>\t\t\t\t\t\t<\/span>\n\t\t\t\t\t\t\t\t\t\t<span class=\"elementor-icon-list-text\">AGV mo\u017ce posiada\u0107 silnik o mocy 200W\/400W\/600W.<\/span>\n\t\t\t\t\t\t\t\t\t<\/li>\n\t\t\t\t\t\t\t\t<li class=\"elementor-icon-list-item\">\n\t\t\t\t\t\t\t\t\t\t\t<span class=\"elementor-icon-list-icon\">\n\t\t\t\t\t\t\t<i aria-hidden=\"true\" class=\"far fa-lightbulb\"><\/i>\t\t\t\t\t\t<\/span>\n\t\t\t\t\t\t\t\t\t\t<span class=\"elementor-icon-list-text\">Sygnalizacja \u015bwietlna LED<\/span>\n\t\t\t\t\t\t\t\t\t<\/li>\n\t\t\t\t\t\t<\/ul>\n\t\t\t\t<\/div>\n\t\t\t\t<\/div>\n\t\t\t\t\t<\/div>\n\t\t<\/div>\n\t\t\t\t<div class=\"elementor-column elementor-col-50 elementor-top-column elementor-element elementor-element-4029f24\" data-id=\"4029f24\" data-element_type=\"column\">\n\t\t\t<div class=\"elementor-widget-wrap elementor-element-populated\">\n\t\t\t\t\t\t\t\t<div class=\"elementor-element elementor-element-95c9c50 elementor-widget elementor-widget-image\" data-id=\"95c9c50\" data-element_type=\"widget\" data-widget_type=\"image.default\">\n\t\t\t\t<div class=\"elementor-widget-container\">\n\t\t\t\t\t\t\t\t\t\t\t\t\t\t\t<img loading=\"lazy\" decoding=\"async\" width=\"1212\" height=\"859\" src=\"http:\/\/www.rb-poland.com\/wp-content\/uploads\/2021\/12\/Lepszy-T21.png\" class=\"attachment-1536x1536 size-1536x1536\" alt=\"\" srcset=\"http:\/\/www.rb-poland.com\/wp-content\/uploads\/2021\/12\/Lepszy-T21.png 1212w, http:\/\/www.rb-poland.com\/wp-content\/uploads\/2021\/12\/Lepszy-T21-300x213.png 300w, http:\/\/www.rb-poland.com\/wp-content\/uploads\/2021\/12\/Lepszy-T21-1024x726.png 1024w, http:\/\/www.rb-poland.com\/wp-content\/uploads\/2021\/12\/Lepszy-T21-768x544.png 768w\" sizes=\"auto, (max-width: 1212px) 100vw, 1212px\" \/>\t\t\t\t\t\t\t\t\t\t\t\t\t\t\t<\/div>\n\t\t\t\t<\/div>\n\t\t\t\t\t<\/div>\n\t\t<\/div>\n\t\t\t\t\t\t\t<\/div>\n\t\t<\/section>\n\t\t\t\t<section class=\"elementor-section elementor-top-section elementor-element elementor-element-095641c elementor-section-full_width elementor-section-height-default elementor-section-height-default\" data-id=\"095641c\" data-element_type=\"section\">\n\t\t\t\t\t\t<div class=\"elementor-container elementor-column-gap-default\">\n\t\t\t\t\t<div class=\"elementor-column elementor-col-100 elementor-top-column elementor-element elementor-element-e071015\" data-id=\"e071015\" data-element_type=\"column\">\n\t\t\t<div class=\"elementor-widget-wrap elementor-element-populated\">\n\t\t\t\t\t\t\t\t<div class=\"elementor-element elementor-element-481a054 elementor-widget elementor-widget-heading\" data-id=\"481a054\" data-element_type=\"widget\" data-widget_type=\"heading.default\">\n\t\t\t\t<div class=\"elementor-widget-container\">\n\t\t\t<h1 class=\"elementor-heading-title elementor-size-default\">GALERIA<\/h1>\t\t<\/div>\n\t\t\t\t<\/div>\n\t\t\t\t\t<\/div>\n\t\t<\/div>\n\t\t\t\t\t\t\t<\/div>\n\t\t<\/section>\n\t\t\t\t<section class=\"elementor-section elementor-top-section elementor-element elementor-element-463bd07 elementor-section-boxed elementor-section-height-default elementor-section-height-default\" data-id=\"463bd07\" data-element_type=\"section\" data-settings=\"{&quot;shape_divider_top&quot;:&quot;pyramids&quot;,&quot;background_background&quot;:&quot;classic&quot;}\">\n\t\t\t\t\t<div class=\"elementor-shape elementor-shape-top\" data-negative=\"false\">\n\t\t\t<svg xmlns=\"http:\/\/www.w3.org\/2000\/svg\" viewBox=\"0 0 1000 100\" preserveAspectRatio=\"none\">\n\t<path class=\"elementor-shape-fill\" d=\"M761.9,44.1L643.1,27.2L333.8,98L0,3.8V0l1000,0v3.9\"\/>\n<\/svg>\t\t<\/div>\n\t\t\t\t\t<div class=\"elementor-container elementor-column-gap-default\">\n\t\t\t\t\t<div class=\"elementor-column elementor-col-33 elementor-top-column elementor-element elementor-element-6031222\" data-id=\"6031222\" data-element_type=\"column\">\n\t\t\t<div class=\"elementor-widget-wrap elementor-element-populated\">\n\t\t\t\t\t\t\t\t<div class=\"elementor-element elementor-element-30b5b62 elementor-widget elementor-widget-heading\" data-id=\"30b5b62\" data-element_type=\"widget\" data-widget_type=\"heading.default\">\n\t\t\t\t<div class=\"elementor-widget-container\">\n\t\t\t<h2 class=\"elementor-heading-title elementor-size-default\">PHOTOS<\/h2>\t\t<\/div>\n\t\t\t\t<\/div>\n\t\t\t\t<div class=\"elementor-element elementor-element-70869a4 gallery-spacing-custom elementor-widget elementor-widget-image-gallery\" data-id=\"70869a4\" data-element_type=\"widget\" data-widget_type=\"image-gallery.default\">\n\t\t\t\t<div class=\"elementor-widget-container\">\n\t\t\t\t\t<div class=\"elementor-image-gallery\">\n\t\t\t<div id='gallery-1' class='gallery galleryid-1079 gallery-columns-2 gallery-size-neve-blog'><dl class='gallery-item'>\n\t\t\t<dt class='gallery-icon landscape'>\n\t\t\t\t<a data-elementor-open-lightbox=\"yes\" data-elementor-lightbox-slideshow=\"70869a4\" data-elementor-lightbox-title=\"IMG_3320 (Kopiowanie)\" href='http:\/\/www.rb-poland.com\/wp-content\/uploads\/2021\/10\/IMG_3320-Kopiowanie.jpg'><img loading=\"lazy\" decoding=\"async\" width=\"930\" height=\"620\" src=\"http:\/\/www.rb-poland.com\/wp-content\/uploads\/2021\/10\/IMG_3320-Kopiowanie-930x620.jpg\" class=\"attachment-neve-blog size-neve-blog\" alt=\"\" \/><\/a>\n\t\t\t<\/dt><\/dl><dl class='gallery-item'>\n\t\t\t<dt class='gallery-icon landscape'>\n\t\t\t\t<a data-elementor-open-lightbox=\"yes\" data-elementor-lightbox-slideshow=\"70869a4\" data-elementor-lightbox-title=\"IMG_3313 (Kopiowanie)\" href='http:\/\/www.rb-poland.com\/wp-content\/uploads\/2021\/10\/IMG_3313-Kopiowanie-scaled.jpg'><img loading=\"lazy\" decoding=\"async\" width=\"930\" height=\"620\" src=\"http:\/\/www.rb-poland.com\/wp-content\/uploads\/2021\/10\/IMG_3313-Kopiowanie-930x620.jpg\" class=\"attachment-neve-blog size-neve-blog\" alt=\"\" srcset=\"http:\/\/www.rb-poland.com\/wp-content\/uploads\/2021\/10\/IMG_3313-Kopiowanie-930x620.jpg 930w, http:\/\/www.rb-poland.com\/wp-content\/uploads\/2021\/10\/IMG_3313-Kopiowanie-300x200.jpg 300w, http:\/\/www.rb-poland.com\/wp-content\/uploads\/2021\/10\/IMG_3313-Kopiowanie-1024x683.jpg 1024w, http:\/\/www.rb-poland.com\/wp-content\/uploads\/2021\/10\/IMG_3313-Kopiowanie-768x512.jpg 768w, http:\/\/www.rb-poland.com\/wp-content\/uploads\/2021\/10\/IMG_3313-Kopiowanie-1536x1024.jpg 1536w, http:\/\/www.rb-poland.com\/wp-content\/uploads\/2021\/10\/IMG_3313-Kopiowanie-2048x1365.jpg 2048w\" sizes=\"auto, (max-width: 930px) 100vw, 930px\" \/><\/a>\n\t\t\t<\/dt><\/dl><br style=\"clear: both\" \/><dl class='gallery-item'>\n\t\t\t<dt class='gallery-icon landscape'>\n\t\t\t\t<a data-elementor-open-lightbox=\"yes\" data-elementor-lightbox-slideshow=\"70869a4\" data-elementor-lightbox-title=\"IMG_3310 (Kopiowanie)\" href='http:\/\/www.rb-poland.com\/wp-content\/uploads\/2021\/10\/IMG_3310-Kopiowanie-scaled.jpg'><img loading=\"lazy\" decoding=\"async\" width=\"930\" height=\"620\" src=\"http:\/\/www.rb-poland.com\/wp-content\/uploads\/2021\/10\/IMG_3310-Kopiowanie-930x620.jpg\" class=\"attachment-neve-blog size-neve-blog\" alt=\"\" srcset=\"http:\/\/www.rb-poland.com\/wp-content\/uploads\/2021\/10\/IMG_3310-Kopiowanie-930x620.jpg 930w, http:\/\/www.rb-poland.com\/wp-content\/uploads\/2021\/10\/IMG_3310-Kopiowanie-300x200.jpg 300w, http:\/\/www.rb-poland.com\/wp-content\/uploads\/2021\/10\/IMG_3310-Kopiowanie-1024x683.jpg 1024w, http:\/\/www.rb-poland.com\/wp-content\/uploads\/2021\/10\/IMG_3310-Kopiowanie-768x512.jpg 768w, http:\/\/www.rb-poland.com\/wp-content\/uploads\/2021\/10\/IMG_3310-Kopiowanie-1536x1024.jpg 1536w, http:\/\/www.rb-poland.com\/wp-content\/uploads\/2021\/10\/IMG_3310-Kopiowanie-2048x1365.jpg 2048w\" sizes=\"auto, (max-width: 930px) 100vw, 930px\" \/><\/a>\n\t\t\t<\/dt><\/dl>\n\t\t\t<br style='clear: both' \/>\n\t\t<\/div>\n\t\t<\/div>\n\t\t\t\t<\/div>\n\t\t\t\t<\/div>\n\t\t\t\t\t<\/div>\n\t\t<\/div>\n\t\t\t\t<div class=\"elementor-column elementor-col-33 elementor-top-column elementor-element elementor-element-7a6d747\" data-id=\"7a6d747\" data-element_type=\"column\">\n\t\t\t<div class=\"elementor-widget-wrap\">\n\t\t\t\t\t\t\t\t\t<\/div>\n\t\t<\/div>\n\t\t\t\t<div class=\"elementor-column elementor-col-33 elementor-top-column elementor-element elementor-element-17068c3\" data-id=\"17068c3\" data-element_type=\"column\">\n\t\t\t<div class=\"elementor-widget-wrap\">\n\t\t\t\t\t\t\t\t\t<\/div>\n\t\t<\/div>\n\t\t\t\t\t\t\t<\/div>\n\t\t<\/section>\n\t\t\t\t<section class=\"elementor-section elementor-top-section elementor-element elementor-element-9118141 elementor-section-height-min-height elementor-section-boxed elementor-section-height-default elementor-section-items-middle\" data-id=\"9118141\" data-element_type=\"section\" data-settings=\"{&quot;background_background&quot;:&quot;classic&quot;}\">\n\t\t\t\t\t\t<div class=\"elementor-container elementor-column-gap-default\">\n\t\t\t\t\t<div class=\"elementor-column elementor-col-100 elementor-top-column elementor-element elementor-element-6bbcf29\" data-id=\"6bbcf29\" data-element_type=\"column\">\n\t\t\t<div class=\"elementor-widget-wrap elementor-element-populated\">\n\t\t\t\t\t\t\t\t<div class=\"elementor-element elementor-element-dc112a4 elementor-align-justify elementor-widget elementor-widget-button\" data-id=\"dc112a4\" data-element_type=\"widget\" data-widget_type=\"button.default\">\n\t\t\t\t<div class=\"elementor-widget-container\">\n\t\t\t\t\t<div class=\"elementor-button-wrapper\">\n\t\t\t<a href=\"http:\/\/www.rb-poland.com\/?page_id=360\" class=\"elementor-button-link elementor-button elementor-size-xl\" role=\"button\">\n\t\t\t\t\t\t<span class=\"elementor-button-content-wrapper\">\n\t\t\t\t\t\t<span class=\"elementor-button-text\">Skonsultuj si\u0119 z nami, odno\u015bnie zam\u00f3wienia<\/span>\n\t\t<\/span>\n\t\t\t\t\t<\/a>\n\t\t<\/div>\n\t\t\t\t<\/div>\n\t\t\t\t<\/div>\n\t\t\t\t\t<\/div>\n\t\t<\/div>\n\t\t\t\t\t\t\t<\/div>\n\t\t<\/section>\n\t\t\t\t\t\t<\/div>\n\t\t\t\t\t<\/div>\n\t\t","protected":false},"excerpt":{"rendered":"<p>AGV T21\/T22\/T23 WAGA: oko\u0142o 240KG MAKSYMALNY UCI\u0104G: 1600KG NAWIGACJA &#8211; ta\u015bma magnetyczna lub optyczna. AGV z mo\u017cliwo\u015bci\u0105 jazdy w 1 lub 2 kierunkach. Hak automatyczny, r\u0119czny lub specjalny na \u017cyczenie klienta. Mo\u017cliwo\u015b\u0107 automatycznego \u0142adowania baterii lub r\u0119czna wymiana baterii Rama AGV wykonanaw ca\u0142o\u015bci z blachy. AGV mo\u017ce posiada\u0107 silnik o mocy 200W\/400W\/600W. Sygnalizacja \u015bwietlna LED&hellip;&nbsp;<a href=\"http:\/\/www.rb-poland.com\/?page_id=1079&#038;lang=pl\" class=\"\" rel=\"bookmark\">Read More &raquo;<span class=\"screen-reader-text\">AGV T22<\/span><\/a><\/p>\n","protected":false},"author":1,"featured_media":0,"parent":0,"menu_order":0,"comment_status":"closed","ping_status":"closed","template":"page-templates\/template-pagebuilder-full-width.php","meta":{"om_disable_all_campaigns":false,"_monsterinsights_skip_tracking":false,"_monsterinsights_sitenote_active":false,"_monsterinsights_sitenote_note":"","_monsterinsights_sitenote_category":0,"neve_meta_sidebar":"full-width","neve_meta_container":"","neve_meta_enable_content_width":"on","neve_meta_content_width":100,"neve_meta_title_alignment":"","neve_meta_author_avatar":"","neve_post_elements_order":"","neve_meta_disable_header":"","neve_meta_disable_footer":"","neve_meta_disable_title":"","footnotes":""},"class_list":["post-1079","page","type-page","status-publish","hentry"],"yoast_head":"<!-- This site is optimized with the Yoast SEO plugin v17.9 - https:\/\/yoast.com\/wordpress\/plugins\/seo\/ -->\r\n<title>AGV T22 &#8902; RB POLAND<\/title>\r\n<meta name=\"robots\" content=\"index, follow, max-snippet:-1, max-image-preview:large, max-video-preview:-1\" \/>\r\n<link rel=\"canonical\" href=\"http:\/\/www.rb-poland.com\/?page_id=1079&#038;lang=pl\" \/>\r\n<meta property=\"og:locale\" content=\"en_US\" \/>\r\n<meta property=\"og:type\" content=\"article\" \/>\r\n<meta property=\"og:title\" content=\"AGV T22 &#8902; RB POLAND\" \/>\r\n<meta property=\"og:description\" content=\"AGV T21\/T22\/T23 WAGA: oko\u0142o 240KG MAKSYMALNY UCI\u0104G: 1600KG NAWIGACJA &#8211; ta\u015bma magnetyczna lub optyczna. AGV z mo\u017cliwo\u015bci\u0105 jazdy w 1 lub 2 kierunkach. Hak automatyczny, r\u0119czny lub specjalny na \u017cyczenie klienta. Mo\u017cliwo\u015b\u0107 automatycznego \u0142adowania baterii lub r\u0119czna wymiana baterii Rama AGV wykonanaw ca\u0142o\u015bci z blachy. AGV mo\u017ce posiada\u0107 silnik o mocy 200W\/400W\/600W. Sygnalizacja \u015bwietlna LED&hellip;&nbsp;Read More &raquo;AGV T22\" \/>\r\n<meta property=\"og:url\" content=\"http:\/\/www.rb-poland.com\/?page_id=1079&amp;lang=pl\" \/>\r\n<meta property=\"og:site_name\" content=\"RB POLAND\" \/>\r\n<meta property=\"article:modified_time\" content=\"2021-12-13T10:31:05+00:00\" \/>\r\n<meta property=\"og:image\" content=\"http:\/\/www.rb-poland.com\/wp-content\/uploads\/2021\/12\/Lepszy-T21.png\" \/>\r\n<meta name=\"twitter:card\" content=\"summary_large_image\" \/>\r\n<meta name=\"twitter:label1\" content=\"Est. reading time\" \/>\n\t<meta name=\"twitter:data1\" content=\"2 minutes\" \/>\r\n<script type=\"application\/ld+json\" class=\"yoast-schema-graph\">{\"@context\":\"https:\/\/schema.org\",\"@graph\":[{\"@type\":\"Organization\",\"@id\":\"http:\/\/www.rb-poland.com\/#organization\",\"name\":\"RB Poland\",\"url\":\"http:\/\/www.rb-poland.com\/\",\"sameAs\":[],\"logo\":{\"@type\":\"ImageObject\",\"@id\":\"http:\/\/www.rb-poland.com\/#logo\",\"inLanguage\":\"en-US\",\"url\":\"http:\/\/www.rb-poland.com\/wp-content\/uploads\/2021\/05\/logo-final.png\",\"contentUrl\":\"http:\/\/www.rb-poland.com\/wp-content\/uploads\/2021\/05\/logo-final.png\",\"width\":1387,\"height\":567,\"caption\":\"RB Poland\"},\"image\":{\"@id\":\"http:\/\/www.rb-poland.com\/#logo\"}},{\"@type\":\"WebSite\",\"@id\":\"http:\/\/www.rb-poland.com\/#website\",\"url\":\"http:\/\/www.rb-poland.com\/\",\"name\":\"RB POLAND2\",\"description\":\"SAVE TIME AND ENERGY WITH OUR MOBILE ROBOTS!\",\"publisher\":{\"@id\":\"http:\/\/www.rb-poland.com\/#organization\"},\"potentialAction\":[{\"@type\":\"SearchAction\",\"target\":{\"@type\":\"EntryPoint\",\"urlTemplate\":\"http:\/\/www.rb-poland.com\/?s={search_term_string}\"},\"query-input\":\"required name=search_term_string\"}],\"inLanguage\":\"en-US\"},{\"@type\":\"ImageObject\",\"@id\":\"http:\/\/www.rb-poland.com\/?page_id=1079&lang=pl#primaryimage\",\"inLanguage\":\"en-US\",\"url\":\"http:\/\/www.rb-poland.com\/wp-content\/uploads\/2021\/12\/Lepszy-T21.png\",\"contentUrl\":\"http:\/\/www.rb-poland.com\/wp-content\/uploads\/2021\/12\/Lepszy-T21.png\",\"width\":1212,\"height\":859},{\"@type\":\"WebPage\",\"@id\":\"http:\/\/www.rb-poland.com\/?page_id=1079&lang=pl#webpage\",\"url\":\"http:\/\/www.rb-poland.com\/?page_id=1079&lang=pl\",\"name\":\"AGV T22 &#8902; RB POLAND\",\"isPartOf\":{\"@id\":\"http:\/\/www.rb-poland.com\/#website\"},\"primaryImageOfPage\":{\"@id\":\"http:\/\/www.rb-poland.com\/?page_id=1079&lang=pl#primaryimage\"},\"datePublished\":\"2021-05-20T19:25:15+00:00\",\"dateModified\":\"2021-12-13T10:31:05+00:00\",\"breadcrumb\":{\"@id\":\"http:\/\/www.rb-poland.com\/?page_id=1079&lang=pl#breadcrumb\"},\"inLanguage\":\"en-US\",\"potentialAction\":[{\"@type\":\"ReadAction\",\"target\":[\"http:\/\/www.rb-poland.com\/?page_id=1079&lang=pl\"]}]},{\"@type\":\"BreadcrumbList\",\"@id\":\"http:\/\/www.rb-poland.com\/?page_id=1079&lang=pl#breadcrumb\",\"itemListElement\":[{\"@type\":\"ListItem\",\"position\":1,\"name\":\"Strona g\\u0142\\u00f3wna\",\"item\":\"http:\/\/www.rb-poland.com\/?page_id=7&lang=pl\"},{\"@type\":\"ListItem\",\"position\":2,\"name\":\"AGV T22\"}]}]}<\/script>\r\n<!-- \/ Yoast SEO plugin. -->","yoast_head_json":{"title":"AGV T22 &#8902; RB POLAND","robots":{"index":"index","follow":"follow","max-snippet":"max-snippet:-1","max-image-preview":"max-image-preview:large","max-video-preview":"max-video-preview:-1"},"canonical":"http:\/\/www.rb-poland.com\/?page_id=1079&lang=pl","og_locale":"en_US","og_type":"article","og_title":"AGV T22 &#8902; RB POLAND","og_description":"AGV T21\/T22\/T23 WAGA: oko\u0142o 240KG MAKSYMALNY UCI\u0104G: 1600KG NAWIGACJA &#8211; ta\u015bma magnetyczna lub optyczna. AGV z mo\u017cliwo\u015bci\u0105 jazdy w 1 lub 2 kierunkach. Hak automatyczny, r\u0119czny lub specjalny na \u017cyczenie klienta. Mo\u017cliwo\u015b\u0107 automatycznego \u0142adowania baterii lub r\u0119czna wymiana baterii Rama AGV wykonanaw ca\u0142o\u015bci z blachy. AGV mo\u017ce posiada\u0107 silnik o mocy 200W\/400W\/600W. Sygnalizacja \u015bwietlna LED&hellip;&nbsp;Read More &raquo;AGV T22","og_url":"http:\/\/www.rb-poland.com\/?page_id=1079&lang=pl","og_site_name":"RB POLAND","article_modified_time":"2021-12-13T10:31:05+00:00","og_image":[{"url":"http:\/\/www.rb-poland.com\/wp-content\/uploads\/2021\/12\/Lepszy-T21.png"}],"twitter_card":"summary_large_image","twitter_misc":{"Est. reading time":"2 minutes"},"schema":{"@context":"https:\/\/schema.org","@graph":[{"@type":"Organization","@id":"http:\/\/www.rb-poland.com\/#organization","name":"RB Poland","url":"http:\/\/www.rb-poland.com\/","sameAs":[],"logo":{"@type":"ImageObject","@id":"http:\/\/www.rb-poland.com\/#logo","inLanguage":"en-US","url":"http:\/\/www.rb-poland.com\/wp-content\/uploads\/2021\/05\/logo-final.png","contentUrl":"http:\/\/www.rb-poland.com\/wp-content\/uploads\/2021\/05\/logo-final.png","width":1387,"height":567,"caption":"RB Poland"},"image":{"@id":"http:\/\/www.rb-poland.com\/#logo"}},{"@type":"WebSite","@id":"http:\/\/www.rb-poland.com\/#website","url":"http:\/\/www.rb-poland.com\/","name":"RB POLAND2","description":"SAVE TIME AND ENERGY WITH OUR MOBILE ROBOTS!","publisher":{"@id":"http:\/\/www.rb-poland.com\/#organization"},"potentialAction":[{"@type":"SearchAction","target":{"@type":"EntryPoint","urlTemplate":"http:\/\/www.rb-poland.com\/?s={search_term_string}"},"query-input":"required name=search_term_string"}],"inLanguage":"en-US"},{"@type":"ImageObject","@id":"http:\/\/www.rb-poland.com\/?page_id=1079&lang=pl#primaryimage","inLanguage":"en-US","url":"http:\/\/www.rb-poland.com\/wp-content\/uploads\/2021\/12\/Lepszy-T21.png","contentUrl":"http:\/\/www.rb-poland.com\/wp-content\/uploads\/2021\/12\/Lepszy-T21.png","width":1212,"height":859},{"@type":"WebPage","@id":"http:\/\/www.rb-poland.com\/?page_id=1079&lang=pl#webpage","url":"http:\/\/www.rb-poland.com\/?page_id=1079&lang=pl","name":"AGV T22 &#8902; RB POLAND","isPartOf":{"@id":"http:\/\/www.rb-poland.com\/#website"},"primaryImageOfPage":{"@id":"http:\/\/www.rb-poland.com\/?page_id=1079&lang=pl#primaryimage"},"datePublished":"2021-05-20T19:25:15+00:00","dateModified":"2021-12-13T10:31:05+00:00","breadcrumb":{"@id":"http:\/\/www.rb-poland.com\/?page_id=1079&lang=pl#breadcrumb"},"inLanguage":"en-US","potentialAction":[{"@type":"ReadAction","target":["http:\/\/www.rb-poland.com\/?page_id=1079&lang=pl"]}]},{"@type":"BreadcrumbList","@id":"http:\/\/www.rb-poland.com\/?page_id=1079&lang=pl#breadcrumb","itemListElement":[{"@type":"ListItem","position":1,"name":"Strona g\u0142\u00f3wna","item":"http:\/\/www.rb-poland.com\/?page_id=7&lang=pl"},{"@type":"ListItem","position":2,"name":"AGV T22"}]}]}},"_links":{"self":[{"href":"http:\/\/www.rb-poland.com\/index.php?rest_route=\/wp\/v2\/pages\/1079","targetHints":{"allow":["GET"]}}],"collection":[{"href":"http:\/\/www.rb-poland.com\/index.php?rest_route=\/wp\/v2\/pages"}],"about":[{"href":"http:\/\/www.rb-poland.com\/index.php?rest_route=\/wp\/v2\/types\/page"}],"author":[{"embeddable":true,"href":"http:\/\/www.rb-poland.com\/index.php?rest_route=\/wp\/v2\/users\/1"}],"replies":[{"embeddable":true,"href":"http:\/\/www.rb-poland.com\/index.php?rest_route=%2Fwp%2Fv2%2Fcomments&post=1079"}],"version-history":[{"count":19,"href":"http:\/\/www.rb-poland.com\/index.php?rest_route=\/wp\/v2\/pages\/1079\/revisions"}],"predecessor-version":[{"id":2403,"href":"http:\/\/www.rb-poland.com\/index.php?rest_route=\/wp\/v2\/pages\/1079\/revisions\/2403"}],"wp:attachment":[{"href":"http:\/\/www.rb-poland.com\/index.php?rest_route=%2Fwp%2Fv2%2Fmedia&parent=1079"}],"curies":[{"name":"wp","href":"https:\/\/api.w.org\/{rel}","templated":true}]}}